{"id":929013,"date":"2025-11-25T14:56:42","date_gmt":"2025-11-25T17:56:42","guid":{"rendered":"https:\/\/www.pm.pb.gov.br\/portal\/?page_id=929013"},"modified":"2026-03-23T12:08:33","modified_gmt":"2026-03-23T15:08:33","slug":"sicami","status":"publish","type":"page","link":"https:\/\/www.pm.pb.gov.br\/portal\/sicami\/","title":{"rendered":"SICAMI"},"content":{"rendered":"<div id=\"pl-gb929013-69db3f1fd3ef4\"  class=\"panel-layout\" ><div id=\"pg-gb929013-69db3f1fd3ef4-0\"  class=\"panel-grid panel-no-style\" ><div id=\"pgc-gb929013-69db3f1fd3ef4-0-0\"  class=\"panel-grid-cell\" ><div id=\"panel-gb929013-69db3f1fd3ef4-0-0-0\" class=\"so-panel widget widget_sow-editor panel-first-child panel-last-child\" data-index=\"0\" ><div\n\t\t\t\n\t\t\tclass=\"so-widget-sow-editor so-widget-sow-editor-base\"\n\t\t\t\n\t\t>\n<div class=\"siteorigin-widget-tinymce textwidget\">\n\t<h1>SICAMI &#8211; Downloads<\/h1>\n<p align=\"justify\">Nesta se\u00e7\u00e3o est\u00e3o reunidos os materiais que orientam o uso do Sistema de Cadastramento de Armas Militares, como manuais, normativas, modelos e instru\u00e7\u00f5es de preenchimento. Esses arquivos s\u00e3o essenciais para garantir que todos os procedimentos sejam realizados de acordo com as determina\u00e7\u00f5es da PMPB.<\/p>\n<\/div>\n<\/div><\/div><\/div><\/div><div id=\"pg-gb929013-69db3f1fd3ef4-1\"  class=\"panel-grid panel-no-style\" ><div id=\"pgc-gb929013-69db3f1fd3ef4-1-0\"  class=\"panel-grid-cell\" ><div id=\"panel-gb929013-69db3f1fd3ef4-1-0-0\" class=\"so-panel widget widget_sow-editor panel-first-child\" data-index=\"1\" ><div\n\t\t\t\n\t\t\tclass=\"so-widget-sow-editor so-widget-sow-editor-base\"\n\t\t\t\n\t\t>\n<div class=\"siteorigin-widget-tinymce textwidget\">\n\t<table style=\"width: 98.6321%; height: 10px;\" border=\"0\" width=\"100%\">\n<tbody>\n<tr style=\"height: 24px;\">\n<td style=\"border-bottom: 2pt solid #054fa4; height: 10px;\" rowspan=\"3\" align=\"center\" valign=\"middle\" bgcolor=\"#EEEEEE\" width=\"40%\"><strong>Legisla\u00e7\u00e3o<\/strong><\/td>\n<td style=\"height: 10px;\"><a href=\"https:\/\/biblioteca.pm.pb.gov.br\/\" target=\"_blank\" rel=\"noopener\">Clique aqui para acessar<\/a><\/td>\n<\/tr>\n<\/tbody>\n<\/table>\n<\/div>\n<\/div><\/div><div id=\"panel-gb929013-69db3f1fd3ef4-1-0-1\" class=\"so-panel widget widget_sow-cta\" data-index=\"2\" ><div\n\t\t\t\n\t\t\tclass=\"so-widget-sow-cta so-widget-sow-cta-default-005cdcdb75eb-929013\"\n\t\t\t\n\t\t><div\n\tclass=\"sow-cta-base\"\n\t>\n\t\n\t<div class=\"sow-cta-wrapper\">\n\n\t\t<div class=\"sow-cta-text\">\n\t\t\t\t\t\t\t<h5 class=\"sow-cta-title\">\n\t\t\t\t\tMilitares da Ativa\t\t\t\t<\/h5>\n\t\t\t\n\t\t\t\t\t<\/div>\n\n\t\t<div\n\t\t\t\n\t\t\tclass=\"so-widget-sow-button so-widget-sow-button-flat-1e520deaaef8\"\n\t\t\t\n\t\t><div class=\"ow-button-base ow-button-align-center\"\n>\n\t\t\t<a\n\t\t\t\tclass=\"sowb-button ow-icon-placement-left\" \t>\n\t\t<span>\n\t\t\t\n\t\t\t\t\t<\/span>\n\t\t\t<\/a>\n\t<\/div>\n<\/div>\n\t<\/div>\n\n\t<\/div>\n<\/div><\/div><div id=\"panel-gb929013-69db3f1fd3ef4-1-0-2\" class=\"so-panel widget widget_sow-editor\" data-index=\"3\" ><div\n\t\t\t\n\t\t\tclass=\"so-widget-sow-editor so-widget-sow-editor-base\"\n\t\t\t\n\t\t>\n<div class=\"siteorigin-widget-tinymce textwidget\">\n\t<table style=\"width: 100%; height: 264px;\" border=\"0\" width=\"100%\">\n<tbody>\n<tr style=\"height: 24px;\">\n<td style=\"border-bottom: 2pt solid #054fa4; height: 72px;\" rowspan=\"3\" align=\"center\" valign=\"middle\" bgcolor=\"#EEEEEE\" width=\"40%\"><strong>Aquisi\u00e7\u00e3o de Armas ATIVO<\/strong><\/td>\n<td style=\"height: 24px;\"><a href=\"http:\/\/www.pm.pb.gov.br\/portal\/wp-content\/uploads\/2026\/02\/AQUISICAO-ANEXO-C-PERMITIDO.pdf\" target=\"_blank\" rel=\"noopener\">AQUISI\u00c7\u00c3O ANEXO C &#8211; PERMITIDO.pdf<\/a><\/td>\n<\/tr>\n<tr style=\"height: 24px;\">\n<td style=\"height: 24px;\"><a href=\"http:\/\/www.pm.pb.gov.br\/portal\/wp-content\/uploads\/2026\/02\/AQUISICAO-ANEXO-C-RESTRITO.pdf\" target=\"_blank\" rel=\"noopener\">AQUISI\u00c7\u00c3O ANEXO C &#8211; RESTRITO.pdf<\/a><\/td>\n<\/tr>\n<tr style=\"height: 24px;\">\n<td style=\"border-bottom: 2pt solid #054fa4; height: 24px;\"><a href=\"http:\/\/www.pm.pb.gov.br\/portal\/wp-content\/uploads\/2025\/11\/GRU-COMO-GERAR-UMA-GUIA-DE-RECOLHIMENTO-DA-UNIAO.pdf\" target=\"_blank\" rel=\"noopener\">GRU &#8211; COMO GERAR UMA GUIA DE RECOLHIMENTO DA UNIAO.pdf<\/a><\/td>\n<\/tr>\n<tr style=\"height: 24px;\">\n<td style=\"border-bottom: 2pt solid #054fa4; height: 48px;\" rowspan=\"2\" align=\"center\" valign=\"middle\" bgcolor=\"#EEEEEE\"><strong>Transfer\u00eancia de arma SIGMA para SIGMA ATIVO<\/strong><\/td>\n<td style=\"height: 24px;\"><a href=\"http:\/\/www.pm.pb.gov.br\/portal\/wp-content\/uploads\/2026\/02\/ANEXO-I-TRANSFERENCIA-SIGMA-SIGMA.pdf\" target=\"_blank\" rel=\"noopener\">ANEXO I &#8211; TRANSFERENCIA SIGMA-SIGMA.pdf<\/a><\/td>\n<\/tr>\n<tr style=\"height: 24px;\">\n<td style=\"border-bottom: 2pt solid #054fa4; height: 24px;\"><a href=\"http:\/\/www.pm.pb.gov.br\/portal\/wp-content\/uploads\/2025\/11\/GRU-COMO-GERAR-UMA-GUIA-DE-RECOLHIMENTO-DA-UNIAO-1.pdf\" target=\"_blank\" rel=\"noopener\">GRU &#8211; COMO GERAR UMA GUIA DE RECOLHIMENTO DA UNIAO.pdf<\/a><\/td>\n<\/tr>\n<tr style=\"height: 48px;\">\n<td style=\"border-bottom: 2pt solid #054fa4; height: 144px;\" rowspan=\"4\" align=\"center\" valign=\"middle\" bgcolor=\"#EEEEEE\"><strong>Transfer\u00eancia de arma SINARM para SIGMA ATIVO<\/strong><\/td>\n<td style=\"height: 48px;\"><a href=\"http:\/\/www.pm.pb.gov.br\/portal\/wp-content\/uploads\/2026\/02\/ANEXO-D-SINARM-PARA-SIGMA-ALTERACAO-DE-TITULARIDADE-CAL-RESTRITO.pdf\" target=\"_blank\" rel=\"noopener\">ANEXO D &#8211; SINARM PARA SIGMA &#8211; ALTERA\u00c7\u00c3O DE TITULARIDADE &#8211; CAL RESTRITO.pdf<\/a><\/td>\n<\/tr>\n<tr style=\"height: 24px;\">\n<td style=\"height: 24px;\"><a href=\"http:\/\/www.pm.pb.gov.br\/portal\/wp-content\/uploads\/2026\/02\/ANEXO-G-SINARM-PARA-SIGMA-MESMA-TITULARIDADE-CAL-RESTRITO.pdf\" target=\"_blank\" rel=\"noopener\">ANEXO G &#8211; SINARM PARA SIGMA &#8211; MESMA TITULARIDADE &#8211; CAL RESTRITO.pdf<\/a><\/td>\n<\/tr>\n<tr style=\"height: 24px;\">\n<td style=\"height: 24px;\"><a href=\"http:\/\/www.pm.pb.gov.br\/portal\/wp-content\/uploads\/2026\/02\/ANEXO-H-FICHA-DE-CADASTRO-NO-SIGMA-SINARM-PARA-SIGMA.pdf\" target=\"_blank\" rel=\"noopener\">ANEXO H &#8211; FICHA DE CADASTRO NO SIGMA -SINARM PARA SIGMA.pdf<\/a><\/td>\n<\/tr>\n<tr style=\"height: 48px;\">\n<td style=\"border-bottom: 2pt solid #054fa4; height: 48px;\"><a href=\"http:\/\/www.pm.pb.gov.br\/portal\/wp-content\/uploads\/2026\/03\/ANEXO-J-SINARM-CAC-CIDADAO-CIVIL-COMUM-AREA-DE-SEGURANCA-CAC-CAL-PERMITIDO-ou-RESTRITO-23-03-2026.pdf\" target=\"_blank\" rel=\"noopener\">ANEXO J &#8211; SINARM-SIGMA &#8211; (cidad\u00e3o comum OU CAC) CAL PERMITIDO ou RESTRITO.pdf<\/a><\/td>\n<\/tr>\n<\/tbody>\n<\/table>\n<\/div>\n<\/div><\/div><div id=\"panel-gb929013-69db3f1fd3ef4-1-0-3\" class=\"so-panel widget widget_sow-cta\" data-index=\"4\" ><div\n\t\t\t\n\t\t\tclass=\"so-widget-sow-cta so-widget-sow-cta-default-773a67b66556-929013\"\n\t\t\t\n\t\t><div\n\tclass=\"sow-cta-base\"\n\t>\n\t\n\t<div class=\"sow-cta-wrapper\">\n\n\t\t<div class=\"sow-cta-text\">\n\t\t\t\t\t\t\t<h5 class=\"sow-cta-title\">\n\t\t\t\t\tMilitares GMR\t\t\t\t<\/h5>\n\t\t\t\n\t\t\t\t\t<\/div>\n\n\t\t<div\n\t\t\t\n\t\t\tclass=\"so-widget-sow-button so-widget-sow-button-flat-1e520deaaef8\"\n\t\t\t\n\t\t><div class=\"ow-button-base ow-button-align-center\"\n>\n\t\t\t<a\n\t\t\t\tclass=\"sowb-button ow-icon-placement-left\" \t>\n\t\t<span>\n\t\t\t\n\t\t\t\t\t<\/span>\n\t\t\t<\/a>\n\t<\/div>\n<\/div>\n\t<\/div>\n\n\t<\/div>\n<\/div><\/div><div id=\"panel-gb929013-69db3f1fd3ef4-1-0-4\" class=\"so-panel widget widget_sow-editor\" data-index=\"5\" ><div\n\t\t\t\n\t\t\tclass=\"so-widget-sow-editor so-widget-sow-editor-base\"\n\t\t\t\n\t\t>\n<div class=\"siteorigin-widget-tinymce textwidget\">\n\t<table border=\"0\" width=\"100%\">\n<tbody>\n<tr>\n<td style=\"border-bottom: solid 2pt #2C562D;\" rowspan=\"3\" align=\"center\" valign=\"middle\" bgcolor=\"#EEEEEE\" width=\"40%\"><strong>Aquisi\u00e7\u00e3o de arma GMR<\/strong><\/td>\n<td><a href=\"http:\/\/www.pm.pb.gov.br\/portal\/wp-content\/uploads\/2026\/02\/AQUISICAO-ANEXO-C-PERMITIDO-1.pdf\" target=\"_blank\" rel=\"noopener\">AQUISI\u00c7\u00c3O ANEXO C &#8211; PERMITIDO.pdf<\/a><\/td>\n<\/tr>\n<tr>\n<td><a href=\"http:\/\/www.pm.pb.gov.br\/portal\/wp-content\/uploads\/2026\/02\/AQUISICAO-ANEXO-C-RESTRITO-1.pdf\" target=\"_blank\" rel=\"noopener\">AQUISI\u00c7\u00c3O ANEXO C &#8211; RESTRITO.pdf<\/a><\/td>\n<\/tr>\n<tr>\n<td style=\"border-bottom: solid 2pt #2C562D;\"><a href=\"http:\/\/www.pm.pb.gov.br\/portal\/wp-content\/uploads\/2025\/11\/GRU-COMO-GERAR-UMA-GUIA-DE-RECOLHIMENTO-DA-UNIAO-2.pdf\" target=\"_blank\" rel=\"noopener\">GRU &#8211; COMO GERAR UMA GUIA DE RECOLHIMENTO DA UNIAO.pdf<\/a><\/td>\n<\/tr>\n<\/tbody>\n<\/table>\n<\/div>\n<\/div><\/div><div id=\"panel-gb929013-69db3f1fd3ef4-1-0-5\" class=\"so-panel widget widget_sow-cta\" data-index=\"6\" ><div\n\t\t\t\n\t\t\tclass=\"so-widget-sow-cta so-widget-sow-cta-default-ab5c8a790dd4-929013\"\n\t\t\t\n\t\t><div\n\tclass=\"sow-cta-base\"\n\t>\n\t\n\t<div class=\"sow-cta-wrapper\">\n\n\t\t<div class=\"sow-cta-text\">\n\t\t\t\t\t\t\t<h5 class=\"sow-cta-title\">\n\t\t\t\t\tMilitares Inativos\t\t\t\t<\/h5>\n\t\t\t\n\t\t\t\t\t<\/div>\n\n\t\t<div\n\t\t\t\n\t\t\tclass=\"so-widget-sow-button so-widget-sow-button-flat-1e520deaaef8\"\n\t\t\t\n\t\t><div class=\"ow-button-base ow-button-align-center\"\n>\n\t\t\t<a\n\t\t\t\tclass=\"sowb-button ow-icon-placement-left\" \t>\n\t\t<span>\n\t\t\t\n\t\t\t\t\t<\/span>\n\t\t\t<\/a>\n\t<\/div>\n<\/div>\n\t<\/div>\n\n\t<\/div>\n<\/div><\/div><div id=\"panel-gb929013-69db3f1fd3ef4-1-0-6\" class=\"so-panel widget widget_sow-editor panel-last-child\" data-index=\"7\" ><div\n\t\t\t\n\t\t\tclass=\"so-widget-sow-editor so-widget-sow-editor-base\"\n\t\t\t\n\t\t>\n<div class=\"siteorigin-widget-tinymce textwidget\">\n\t<table style=\"width: 100%; height: 264px;\" border=\"0\" width=\"100%\">\n<tbody>\n<tr style=\"height: 24px;\">\n<td style=\"border-bottom: 2pt solid #6f6231; height: 72px;\" rowspan=\"3\" align=\"center\" valign=\"middle\" bgcolor=\"#EEEEEE\" width=\"40%\"><strong>Aquisi\u00e7\u00e3o de Arma INATIVO<\/strong><\/td>\n<td style=\"height: 24px;\"><a href=\"http:\/\/www.pm.pb.gov.br\/portal\/wp-content\/uploads\/2026\/02\/AQUISICAO-INATIVOS-ANEXO-C-PERMITIDO.pdf\" target=\"_blank\" rel=\"noopener\">AQUISI\u00c7\u00c3O INATIVOS ANEXO C &#8211; PERMITIDO.pdf<\/a><\/td>\n<\/tr>\n<tr style=\"height: 24px;\">\n<td style=\"height: 24px;\"><a href=\"http:\/\/www.pm.pb.gov.br\/portal\/wp-content\/uploads\/2026\/02\/AQUISICAO-INATIVOS-ANEXO-C-RESTRITO.pdf\" target=\"_blank\" rel=\"noopener\">AQUISI\u00c7\u00c3O INATIVOS ANEXO C &#8211; RESTRITO.pdf<\/a><\/td>\n<\/tr>\n<tr style=\"height: 24px;\">\n<td style=\"border-bottom: 2pt solid #6f6231; height: 24px;\"><a href=\"http:\/\/www.pm.pb.gov.br\/portal\/wp-content\/uploads\/2025\/11\/GRU-COMO-GERAR-UMA-GUIA-DE-RECOLHIMENTO-DA-UNIAO-3.pdf\" target=\"_blank\" rel=\"noopener\">GRU &#8211; COMO GERAR UMA GUIA DE RECOLHIMENTO DA UNIAO.pdf<\/a><\/td>\n<\/tr>\n<tr style=\"height: 24px;\">\n<td style=\"border-bottom: 2pt solid #6f6231; height: 72px;\" rowspan=\"3\" align=\"center\" valign=\"middle\" bgcolor=\"#EEEEEE\"><strong>Transfer\u00eancia de arma SIGMA para SIGMA INATIVO<\/strong><\/td>\n<td style=\"height: 24px;\"><a href=\"http:\/\/www.pm.pb.gov.br\/portal\/wp-content\/uploads\/2026\/02\/INATIVO-TRANSFERENCIA-ANEXO-I-SIGMA-SIGMA.pdf\" target=\"_blank\" rel=\"noopener\">INATIVO TRANSFERENCIA ANEXO I &#8211; SIGMA-SIGMA.pdf<\/a><\/td>\n<\/tr>\n<tr style=\"height: 24px;\">\n<td style=\"height: 24px;\"><a href=\"http:\/\/www.pm.pb.gov.br\/portal\/wp-content\/uploads\/2026\/02\/Psicologos-credenciados-POLICIA-FEDERAL-ATUALIZADO.pdf\" target=\"_blank\" rel=\"noopener\">Psic\u00f3logos credenciados &#8211; POLICIA FEDERAL (ATUALIZADO).pdf<\/a><\/td>\n<\/tr>\n<tr style=\"height: 24px;\">\n<td style=\"border-bottom: 2pt solid #6f6231; height: 24px;\"><a href=\"http:\/\/www.pm.pb.gov.br\/portal\/wp-content\/uploads\/2025\/11\/GRU-COMO-GERAR-UMA-GUIA-DE-RECOLHIMENTO-DA-UNIAO-4.pdf\" target=\"_blank\" rel=\"noopener\">GRU &#8211; COMO GERAR UMA GUIA DE RECOLHIMENTO DA UNIAO.pdf<\/a><\/td>\n<\/tr>\n<tr style=\"height: 24px;\">\n<td style=\"border-bottom: 2pt solid #6f6231; height: 120px;\" rowspan=\"4\" align=\"center\" valign=\"middle\" bgcolor=\"#EEEEEE\"><strong>Transfer\u00eancia de arma SINARM para SIGMA INATIVO<\/strong><\/td>\n<td style=\"height: 24px;\"><a href=\"http:\/\/www.pm.pb.gov.br\/portal\/wp-content\/uploads\/2026\/02\/ANEXO-D-SINARM-PARA-SIGMA-ALTERACAO-DE-TITULARIDADE-inativo.pdf\" target=\"_blank\" rel=\"noopener\">ANEXO D &#8211; SINARM PARA SIGMA &#8211; ALTERA\u00c7\u00c3O DE TITULARIDADE (inativo).pdf<\/a><\/td>\n<\/tr>\n<tr style=\"height: 24px;\">\n<td style=\"height: 24px;\"><a href=\"http:\/\/www.pm.pb.gov.br\/portal\/wp-content\/uploads\/2026\/02\/ANEXO-H-FICHA-DE-CADASTRO-NO-SIGMA-SINARM-PARA-SIGMA-1.pdf\" target=\"_blank\" rel=\"noopener\">ANEXO H &#8211; FICHA DE CADASTRO NO SIGMA -SINARM PARA SIGMA.pdf<\/a><\/td>\n<\/tr>\n<tr style=\"height: 48px;\">\n<td style=\"height: 48px;\"><a href=\"http:\/\/www.pm.pb.gov.br\/portal\/wp-content\/uploads\/2026\/02\/INATIVO-ANEXO-J-SINARM-SIGMA-INATIVO-cidadao-comum-OU-CAC-CAL-PERMITIDO-ou-RESTRITO.pdf\" target=\"_blank\" rel=\"noopener\">INATIVO &#8211; ANEXO J &#8211; SINARM-SIGMA INATIVO (cidad\u00e3o comum OU CAC) CAL PERMITIDO ou RESTRITO.pdf<\/a><\/td>\n<\/tr>\n<tr style=\"height: 24px;\">\n<td style=\"border-bottom: 2pt solid #6f6231; height: 24px;\"><a href=\"http:\/\/www.pm.pb.gov.br\/portal\/wp-content\/uploads\/2026\/03\/ANEXO-J-SINARM-CAC-CIDADAO-CIVIL-COMUM-AREA-DE-SEGURANCA-CAC-CAL-PERMITIDO-ou-RESTRITO-INATIVO-23-03-2026.pdf\" target=\"_blank\" rel=\"noopener\">GRU &#8211; COMO GERAR UMA GUIA DE RECOLHIMENTO DA UNIAO.pdf<\/a><\/td>\n<\/tr>\n<\/tbody>\n<\/table>\n<\/div>\n<\/div><\/div><\/div><\/div><div id=\"pg-gb929013-69db3f1fd3ef4-2\"  class=\"panel-grid panel-no-style\" ><div id=\"pgc-gb929013-69db3f1fd3ef4-2-0\"  class=\"panel-grid-cell panel-grid-cell-empty panel-grid-cell-mobile-last\" ><\/div><div id=\"pgc-gb929013-69db3f1fd3ef4-2-1\"  class=\"panel-grid-cell panel-grid-cell-empty\" ><\/div><\/div><\/div>","protected":false},"excerpt":{"rendered":"<p>SICAMI &#8211; Downloads Nesta se\u00e7\u00e3o est\u00e3o reunidos os materiais que orientam o uso do Sistema de Cadastramento de Armas Militares,<\/p>\n","protected":false},"author":1,"featured_media":0,"parent":0,"menu_order":0,"comment_status":"closed","ping_status":"closed","template":"page-templates\/page-builder.php","meta":{"_exactmetrics_skip_tracking":false,"_exactmetrics_sitenote_active":false,"_exactmetrics_sitenote_note":"","_exactmetrics_sitenote_category":0,"footnotes":""},"yoast_head":"<!-- This site is optimized with the Yoast SEO plugin v22.0 - https:\/\/yoast.com\/wordpress\/plugins\/seo\/ -->\n<title>SICAMI - Pol\u00edcia Militar da Para\u00edba<\/title>\n<meta name=\"robots\" content=\"index, follow, max-snippet:-1, max-image-preview:large, max-video-preview:-1\" \/>\n<link rel=\"canonical\" href=\"https:\/\/www.pm.pb.gov.br\/portal\/sicami\/\" \/>\n<meta property=\"og:locale\" content=\"pt_BR\" \/>\n<meta property=\"og:type\" content=\"article\" \/>\n<meta property=\"og:title\" content=\"SICAMI - Pol\u00edcia Militar da Para\u00edba\" \/>\n<meta property=\"og:description\" content=\"SICAMI - Downloads Nesta se\u00e7\u00e3o est\u00e3o reunidos os materiais que orientam o uso do Sistema de Cadastramento de Armas Militares,\" \/>\n<meta property=\"og:url\" content=\"https:\/\/www.pm.pb.gov.br\/portal\/sicami\/\" \/>\n<meta property=\"og:site_name\" content=\"Pol\u00edcia Militar da Para\u00edba\" \/>\n<meta property=\"article:modified_time\" content=\"2026-03-23T15:08:33+00:00\" \/>\n<meta property=\"og:image\" content=\"https:\/\/www.pm.pb.gov.br\/portal\/wp-content\/uploads\/2016\/04\/foto_brasao-1.jpg\" \/>\n\t<meta property=\"og:image:width\" content=\"620\" \/>\n\t<meta property=\"og:image:height\" content=\"411\" \/>\n\t<meta property=\"og:image:type\" content=\"image\/jpeg\" \/>\n<meta name=\"twitter:card\" content=\"summary_large_image\" \/>\n<meta name=\"twitter:label1\" content=\"Est. tempo de leitura\" \/>\n\t<meta name=\"twitter:data1\" content=\"2 minutos\" \/>\n<script type=\"application\/ld+json\" class=\"yoast-schema-graph\">{\"@context\":\"https:\/\/schema.org\",\"@graph\":[{\"@type\":\"WebPage\",\"@id\":\"https:\/\/www.pm.pb.gov.br\/portal\/sicami\/\",\"url\":\"https:\/\/www.pm.pb.gov.br\/portal\/sicami\/\",\"name\":\"SICAMI - Pol\u00edcia Militar da Para\u00edba\",\"isPartOf\":{\"@id\":\"https:\/\/www.pm.pb.gov.br\/portal\/#website\"},\"datePublished\":\"2025-11-25T17:56:42+00:00\",\"dateModified\":\"2026-03-23T15:08:33+00:00\",\"breadcrumb\":{\"@id\":\"https:\/\/www.pm.pb.gov.br\/portal\/sicami\/#breadcrumb\"},\"inLanguage\":\"pt-BR\",\"potentialAction\":[{\"@type\":\"ReadAction\",\"target\":[\"https:\/\/www.pm.pb.gov.br\/portal\/sicami\/\"]}]},{\"@type\":\"BreadcrumbList\",\"@id\":\"https:\/\/www.pm.pb.gov.br\/portal\/sicami\/#breadcrumb\",\"itemListElement\":[{\"@type\":\"ListItem\",\"position\":1,\"name\":\"In\u00edcio\",\"item\":\"https:\/\/www.pm.pb.gov.br\/portal\/\"},{\"@type\":\"ListItem\",\"position\":2,\"name\":\"SICAMI\"}]},{\"@type\":\"WebSite\",\"@id\":\"https:\/\/www.pm.pb.gov.br\/portal\/#website\",\"url\":\"https:\/\/www.pm.pb.gov.br\/portal\/\",\"name\":\"Pol\u00edcia Militar da Para\u00edba\",\"description\":\"\",\"publisher\":{\"@id\":\"https:\/\/www.pm.pb.gov.br\/portal\/#organization\"},\"potentialAction\":[{\"@type\":\"SearchAction\",\"target\":{\"@type\":\"EntryPoint\",\"urlTemplate\":\"https:\/\/www.pm.pb.gov.br\/portal\/?s={search_term_string}\"},\"query-input\":\"required name=search_term_string\"}],\"inLanguage\":\"pt-BR\"},{\"@type\":\"Organization\",\"@id\":\"https:\/\/www.pm.pb.gov.br\/portal\/#organization\",\"name\":\"Pol\u00edcia Militar da Para\u00edba\",\"url\":\"https:\/\/www.pm.pb.gov.br\/portal\/\",\"logo\":{\"@type\":\"ImageObject\",\"inLanguage\":\"pt-BR\",\"@id\":\"https:\/\/www.pm.pb.gov.br\/portal\/#\/schema\/logo\/image\/\",\"url\":\"https:\/\/www.pm.pb.gov.br\/portal\/wp-content\/uploads\/2025\/03\/cropped-logo-site-mag2-1.png\",\"contentUrl\":\"https:\/\/www.pm.pb.gov.br\/portal\/wp-content\/uploads\/2025\/03\/cropped-logo-site-mag2-1.png\",\"width\":320,\"height\":90,\"caption\":\"Pol\u00edcia Militar da Para\u00edba\"},\"image\":{\"@id\":\"https:\/\/www.pm.pb.gov.br\/portal\/#\/schema\/logo\/image\/\"}}]}<\/script>\n<!-- \/ Yoast SEO plugin. -->","yoast_head_json":{"title":"SICAMI - Pol\u00edcia Militar da Para\u00edba","robots":{"index":"index","follow":"follow","max-snippet":"max-snippet:-1","max-image-preview":"max-image-preview:large","max-video-preview":"max-video-preview:-1"},"canonical":"https:\/\/www.pm.pb.gov.br\/portal\/sicami\/","og_locale":"pt_BR","og_type":"article","og_title":"SICAMI - Pol\u00edcia Militar da Para\u00edba","og_description":"SICAMI - Downloads Nesta se\u00e7\u00e3o est\u00e3o reunidos os materiais que orientam o uso do Sistema de Cadastramento de Armas Militares,","og_url":"https:\/\/www.pm.pb.gov.br\/portal\/sicami\/","og_site_name":"Pol\u00edcia Militar da Para\u00edba","article_modified_time":"2026-03-23T15:08:33+00:00","og_image":[{"width":620,"height":411,"url":"https:\/\/www.pm.pb.gov.br\/portal\/wp-content\/uploads\/2016\/04\/foto_brasao-1.jpg","type":"image\/jpeg"}],"twitter_card":"summary_large_image","twitter_misc":{"Est. tempo de leitura":"2 minutos"},"schema":{"@context":"https:\/\/schema.org","@graph":[{"@type":"WebPage","@id":"https:\/\/www.pm.pb.gov.br\/portal\/sicami\/","url":"https:\/\/www.pm.pb.gov.br\/portal\/sicami\/","name":"SICAMI - Pol\u00edcia Militar da Para\u00edba","isPartOf":{"@id":"https:\/\/www.pm.pb.gov.br\/portal\/#website"},"datePublished":"2025-11-25T17:56:42+00:00","dateModified":"2026-03-23T15:08:33+00:00","breadcrumb":{"@id":"https:\/\/www.pm.pb.gov.br\/portal\/sicami\/#breadcrumb"},"inLanguage":"pt-BR","potentialAction":[{"@type":"ReadAction","target":["https:\/\/www.pm.pb.gov.br\/portal\/sicami\/"]}]},{"@type":"BreadcrumbList","@id":"https:\/\/www.pm.pb.gov.br\/portal\/sicami\/#breadcrumb","itemListElement":[{"@type":"ListItem","position":1,"name":"In\u00edcio","item":"https:\/\/www.pm.pb.gov.br\/portal\/"},{"@type":"ListItem","position":2,"name":"SICAMI"}]},{"@type":"WebSite","@id":"https:\/\/www.pm.pb.gov.br\/portal\/#website","url":"https:\/\/www.pm.pb.gov.br\/portal\/","name":"Pol\u00edcia Militar da Para\u00edba","description":"","publisher":{"@id":"https:\/\/www.pm.pb.gov.br\/portal\/#organization"},"potentialAction":[{"@type":"SearchAction","target":{"@type":"EntryPoint","urlTemplate":"https:\/\/www.pm.pb.gov.br\/portal\/?s={search_term_string}"},"query-input":"required name=search_term_string"}],"inLanguage":"pt-BR"},{"@type":"Organization","@id":"https:\/\/www.pm.pb.gov.br\/portal\/#organization","name":"Pol\u00edcia Militar da Para\u00edba","url":"https:\/\/www.pm.pb.gov.br\/portal\/","logo":{"@type":"ImageObject","inLanguage":"pt-BR","@id":"https:\/\/www.pm.pb.gov.br\/portal\/#\/schema\/logo\/image\/","url":"https:\/\/www.pm.pb.gov.br\/portal\/wp-content\/uploads\/2025\/03\/cropped-logo-site-mag2-1.png","contentUrl":"https:\/\/www.pm.pb.gov.br\/portal\/wp-content\/uploads\/2025\/03\/cropped-logo-site-mag2-1.png","width":320,"height":90,"caption":"Pol\u00edcia Militar da Para\u00edba"},"image":{"@id":"https:\/\/www.pm.pb.gov.br\/portal\/#\/schema\/logo\/image\/"}}]}},"_links":{"self":[{"href":"https:\/\/www.pm.pb.gov.br\/portal\/wp-json\/wp\/v2\/pages\/929013"}],"collection":[{"href":"https:\/\/www.pm.pb.gov.br\/portal\/wp-json\/wp\/v2\/pages"}],"about":[{"href":"https:\/\/www.pm.pb.gov.br\/portal\/wp-json\/wp\/v2\/types\/page"}],"author":[{"embeddable":true,"href":"https:\/\/www.pm.pb.gov.br\/portal\/wp-json\/wp\/v2\/users\/1"}],"replies":[{"embeddable":true,"href":"https:\/\/www.pm.pb.gov.br\/portal\/wp-json\/wp\/v2\/comments?post=929013"}],"version-history":[{"count":50,"href":"https:\/\/www.pm.pb.gov.br\/portal\/wp-json\/wp\/v2\/pages\/929013\/revisions"}],"predecessor-version":[{"id":930466,"href":"https:\/\/www.pm.pb.gov.br\/portal\/wp-json\/wp\/v2\/pages\/929013\/revisions\/930466"}],"wp:attachment":[{"href":"https:\/\/www.pm.pb.gov.br\/portal\/wp-json\/wp\/v2\/media?parent=929013"}],"curies":[{"name":"wp","href":"https:\/\/api.w.org\/{rel}","templated":true}]}}