{"id":920518,"date":"2024-01-22T13:03:00","date_gmt":"2024-01-22T16:03:00","guid":{"rendered":"https:\/\/www.pm.pb.gov.br\/portal\/?page_id=920518"},"modified":"2024-01-22T13:38:30","modified_gmt":"2024-01-22T16:38:30","slug":"brasoes-coa","status":"publish","type":"page","link":"https:\/\/www.pm.pb.gov.br\/portal\/institucional\/brasoes-pmpb\/brasoes-coa\/","title":{"rendered":"Bras\u00f5es &#8211; COA"},"content":{"rendered":"\n<table style=\"width: 100%; border-collapse: collapse; border-style: none;\">\n<tbody>\n<tr>\n<td style=\"width: 27.2619%; border-style: none;\"><img loading=\"lazy\" decoding=\"async\" class=\"alignnone size-medium wp-image-920516\" src=\"http:\/\/www.pm.pb.gov.br\/portal\/wp-content\/uploads\/2024\/01\/COA-319x445.png\" alt=\"\" width=\"319\" height=\"445\" srcset=\"https:\/\/www.pm.pb.gov.br\/portal\/wp-content\/uploads\/2024\/01\/COA-319x445.png 319w, https:\/\/www.pm.pb.gov.br\/portal\/wp-content\/uploads\/2024\/01\/COA-409x570.png 409w, https:\/\/www.pm.pb.gov.br\/portal\/wp-content\/uploads\/2024\/01\/COA-768x1070.png 768w, https:\/\/www.pm.pb.gov.br\/portal\/wp-content\/uploads\/2024\/01\/COA.png 1065w\" sizes=\"(max-width: 319px) 100vw, 319px\" \/><\/td>\n<td style=\"width: 72.7381%; border-style: none;\">\n<h2>COMANDO DE OPERA\u00c7\u00d5ES A\u00c9REAS (COA)<\/h2>\n<h5>Autoria do Bras\u00e3o:<\/h5>\n<p>CAP QOA ADILSON ALVES MORAIS; e<br \/>1\u00ba Sgt QPC HERMERSON PEDRO SOARES DE OLIVEIRA.<\/p>\n<\/td>\n<\/tr>\n<\/tbody>\n<\/table>\n<h5 style=\"text-align: justify;\">Bras\u00e3o:<\/h5>\n<ul>\n<li style=\"text-align: justify;\">Escudo peninsular portugu\u00eas, chefe com dois campos em faixa, o superior de goles e o inferior de sable, contendo a inscri\u00e7\u00e3o \u201cCOA\u201d, em ouro, cosida de sable; cortado, o primeiro de prata, no flanco direito um par de bucaneiras (garruchas) em aspa, de ouro, cosidas de sable, partido, no flanco esquerdo um grifo rampante com um robusto e imponente tronco de le\u00e3o, cabe\u00e7a de cordeiro, orelha de cavalo, asas e bico de \u00e1guia, de sable; o segundo de prata, no centro, uma h\u00e9lice de tr\u00eas p\u00e1s com spinner, circundado por uma engrenagem de 24 dentes e nos flancos duas asas, todos em ouro, cosidos de sable.<\/li>\n<\/ul>\n<h5 style=\"text-align: justify;\">Simbologia e alus\u00e3o das pe\u00e7as:<\/h5>\n<ul>\n<li style=\"text-align: justify;\">As bucaneiras (garruchas) representam a Pol\u00edcia Militar, institui\u00e7\u00e3o da qual fazem parte os integrantes do COA;<\/li>\n<li style=\"text-align: justify;\">O Grifo, o guardi\u00e3o sagrado, re\u00fane as principais caracter\u00edsticas dos animais considerados divinos: o le\u00e3o representa a for\u00e7a e o poder m\u00e1ximo, o cordeiro um animal sagrado; o cavalo um animal mais d\u00f3cil; e a \u00e1guia a altivez das aves de rapina e sua impiedade com os inimigos em defesa da sociedade e da manuten\u00e7\u00e3o da ordem p\u00fablica;<\/li>\n<li style=\"text-align: justify;\">A h\u00e9lice de tr\u00eas p\u00e1s com spinner simboliza o continuo emprego no ar, a engrenagem de 24 dentes, simboliza o emprego da Unidade nas 24 horas do dia e as asas, simbolizam a liberdade, a energia e a leveza das opera\u00e7\u00f5es a\u00e9reas.<\/li>\n<\/ul>\n","protected":false},"excerpt":{"rendered":"<p>COMANDO DE OPERA\u00c7\u00d5ES A\u00c9REAS (COA) Autoria do Bras\u00e3o: CAP QOA ADILSON ALVES MORAIS; e1\u00ba Sgt QPC HERMERSON PEDRO SOARES DE<\/p>\n","protected":false},"author":11,"featured_media":0,"parent":894816,"menu_order":0,"comment_status":"closed","ping_status":"closed","template":"","meta":{"_exactmetrics_skip_tracking":false,"_exactmetrics_sitenote_active":false,"_exactmetrics_sitenote_note":"","_exactmetrics_sitenote_category":0,"footnotes":""},"yoast_head":"<!-- This site is optimized with the Yoast SEO plugin v22.0 - https:\/\/yoast.com\/wordpress\/plugins\/seo\/ -->\n<title>Bras\u00f5es - COA - Pol\u00edcia Militar da Para\u00edba<\/title>\n<meta name=\"robots\" content=\"index, follow, max-snippet:-1, max-image-preview:large, max-video-preview:-1\" \/>\n<link rel=\"canonical\" href=\"https:\/\/www.pm.pb.gov.br\/portal\/institucional\/brasoes-pmpb\/brasoes-coa\/\" \/>\n<meta property=\"og:locale\" content=\"pt_BR\" \/>\n<meta property=\"og:type\" content=\"article\" \/>\n<meta property=\"og:title\" content=\"Bras\u00f5es - COA - Pol\u00edcia Militar da Para\u00edba\" \/>\n<meta property=\"og:description\" content=\"COMANDO DE OPERA\u00c7\u00d5ES A\u00c9REAS (COA) Autoria do Bras\u00e3o: CAP QOA ADILSON ALVES MORAIS; e1\u00ba Sgt QPC HERMERSON PEDRO SOARES DE\" \/>\n<meta property=\"og:url\" content=\"https:\/\/www.pm.pb.gov.br\/portal\/institucional\/brasoes-pmpb\/brasoes-coa\/\" \/>\n<meta property=\"og:site_name\" content=\"Pol\u00edcia Militar da Para\u00edba\" \/>\n<meta property=\"article:modified_time\" content=\"2024-01-22T16:38:30+00:00\" \/>\n<meta property=\"og:image\" content=\"http:\/\/www.pm.pb.gov.br\/portal\/wp-content\/uploads\/2024\/01\/COA-319x445.png\" \/>\n<meta name=\"twitter:card\" content=\"summary_large_image\" \/>\n<meta name=\"twitter:label1\" content=\"Est. tempo de leitura\" \/>\n\t<meta name=\"twitter:data1\" content=\"2 minutos\" \/>\n<script type=\"application\/ld+json\" class=\"yoast-schema-graph\">{\"@context\":\"https:\/\/schema.org\",\"@graph\":[{\"@type\":\"WebPage\",\"@id\":\"https:\/\/www.pm.pb.gov.br\/portal\/institucional\/brasoes-pmpb\/brasoes-coa\/\",\"url\":\"https:\/\/www.pm.pb.gov.br\/portal\/institucional\/brasoes-pmpb\/brasoes-coa\/\",\"name\":\"Bras\u00f5es - COA - Pol\u00edcia Militar da Para\u00edba\",\"isPartOf\":{\"@id\":\"https:\/\/www.pm.pb.gov.br\/portal\/#website\"},\"datePublished\":\"2024-01-22T16:03:00+00:00\",\"dateModified\":\"2024-01-22T16:38:30+00:00\",\"breadcrumb\":{\"@id\":\"https:\/\/www.pm.pb.gov.br\/portal\/institucional\/brasoes-pmpb\/brasoes-coa\/#breadcrumb\"},\"inLanguage\":\"pt-BR\",\"potentialAction\":[{\"@type\":\"ReadAction\",\"target\":[\"https:\/\/www.pm.pb.gov.br\/portal\/institucional\/brasoes-pmpb\/brasoes-coa\/\"]}]},{\"@type\":\"BreadcrumbList\",\"@id\":\"https:\/\/www.pm.pb.gov.br\/portal\/institucional\/brasoes-pmpb\/brasoes-coa\/#breadcrumb\",\"itemListElement\":[{\"@type\":\"ListItem\",\"position\":1,\"name\":\"In\u00edcio\",\"item\":\"https:\/\/www.pm.pb.gov.br\/portal\/\"},{\"@type\":\"ListItem\",\"position\":2,\"name\":\"Institucional\",\"item\":\"https:\/\/www.pm.pb.gov.br\/portal\/institucional\/\"},{\"@type\":\"ListItem\",\"position\":3,\"name\":\"Bras\u00f5es de Armas\",\"item\":\"https:\/\/www.pm.pb.gov.br\/portal\/institucional\/brasoes-pmpb\/\"},{\"@type\":\"ListItem\",\"position\":4,\"name\":\"Bras\u00f5es &#8211; COA\"}]},{\"@type\":\"WebSite\",\"@id\":\"https:\/\/www.pm.pb.gov.br\/portal\/#website\",\"url\":\"https:\/\/www.pm.pb.gov.br\/portal\/\",\"name\":\"Pol\u00edcia Militar da Para\u00edba\",\"description\":\"\",\"publisher\":{\"@id\":\"https:\/\/www.pm.pb.gov.br\/portal\/#organization\"},\"potentialAction\":[{\"@type\":\"SearchAction\",\"target\":{\"@type\":\"EntryPoint\",\"urlTemplate\":\"https:\/\/www.pm.pb.gov.br\/portal\/?s={search_term_string}\"},\"query-input\":\"required name=search_term_string\"}],\"inLanguage\":\"pt-BR\"},{\"@type\":\"Organization\",\"@id\":\"https:\/\/www.pm.pb.gov.br\/portal\/#organization\",\"name\":\"Pol\u00edcia Militar da Para\u00edba\",\"url\":\"https:\/\/www.pm.pb.gov.br\/portal\/\",\"logo\":{\"@type\":\"ImageObject\",\"inLanguage\":\"pt-BR\",\"@id\":\"https:\/\/www.pm.pb.gov.br\/portal\/#\/schema\/logo\/image\/\",\"url\":\"https:\/\/www.pm.pb.gov.br\/portal\/wp-content\/uploads\/2025\/03\/cropped-logo-site-mag2-1.png\",\"contentUrl\":\"https:\/\/www.pm.pb.gov.br\/portal\/wp-content\/uploads\/2025\/03\/cropped-logo-site-mag2-1.png\",\"width\":320,\"height\":90,\"caption\":\"Pol\u00edcia Militar da Para\u00edba\"},\"image\":{\"@id\":\"https:\/\/www.pm.pb.gov.br\/portal\/#\/schema\/logo\/image\/\"}}]}<\/script>\n<!-- \/ Yoast SEO plugin. -->","yoast_head_json":{"title":"Bras\u00f5es - COA - Pol\u00edcia Militar da Para\u00edba","robots":{"index":"index","follow":"follow","max-snippet":"max-snippet:-1","max-image-preview":"max-image-preview:large","max-video-preview":"max-video-preview:-1"},"canonical":"https:\/\/www.pm.pb.gov.br\/portal\/institucional\/brasoes-pmpb\/brasoes-coa\/","og_locale":"pt_BR","og_type":"article","og_title":"Bras\u00f5es - COA - Pol\u00edcia Militar da Para\u00edba","og_description":"COMANDO DE OPERA\u00c7\u00d5ES A\u00c9REAS (COA) Autoria do Bras\u00e3o: CAP QOA ADILSON ALVES MORAIS; e1\u00ba Sgt QPC HERMERSON PEDRO SOARES DE","og_url":"https:\/\/www.pm.pb.gov.br\/portal\/institucional\/brasoes-pmpb\/brasoes-coa\/","og_site_name":"Pol\u00edcia Militar da Para\u00edba","article_modified_time":"2024-01-22T16:38:30+00:00","og_image":[{"url":"http:\/\/www.pm.pb.gov.br\/portal\/wp-content\/uploads\/2024\/01\/COA-319x445.png"}],"twitter_card":"summary_large_image","twitter_misc":{"Est. tempo de leitura":"2 minutos"},"schema":{"@context":"https:\/\/schema.org","@graph":[{"@type":"WebPage","@id":"https:\/\/www.pm.pb.gov.br\/portal\/institucional\/brasoes-pmpb\/brasoes-coa\/","url":"https:\/\/www.pm.pb.gov.br\/portal\/institucional\/brasoes-pmpb\/brasoes-coa\/","name":"Bras\u00f5es - COA - Pol\u00edcia Militar da Para\u00edba","isPartOf":{"@id":"https:\/\/www.pm.pb.gov.br\/portal\/#website"},"datePublished":"2024-01-22T16:03:00+00:00","dateModified":"2024-01-22T16:38:30+00:00","breadcrumb":{"@id":"https:\/\/www.pm.pb.gov.br\/portal\/institucional\/brasoes-pmpb\/brasoes-coa\/#breadcrumb"},"inLanguage":"pt-BR","potentialAction":[{"@type":"ReadAction","target":["https:\/\/www.pm.pb.gov.br\/portal\/institucional\/brasoes-pmpb\/brasoes-coa\/"]}]},{"@type":"BreadcrumbList","@id":"https:\/\/www.pm.pb.gov.br\/portal\/institucional\/brasoes-pmpb\/brasoes-coa\/#breadcrumb","itemListElement":[{"@type":"ListItem","position":1,"name":"In\u00edcio","item":"https:\/\/www.pm.pb.gov.br\/portal\/"},{"@type":"ListItem","position":2,"name":"Institucional","item":"https:\/\/www.pm.pb.gov.br\/portal\/institucional\/"},{"@type":"ListItem","position":3,"name":"Bras\u00f5es de Armas","item":"https:\/\/www.pm.pb.gov.br\/portal\/institucional\/brasoes-pmpb\/"},{"@type":"ListItem","position":4,"name":"Bras\u00f5es &#8211; COA"}]},{"@type":"WebSite","@id":"https:\/\/www.pm.pb.gov.br\/portal\/#website","url":"https:\/\/www.pm.pb.gov.br\/portal\/","name":"Pol\u00edcia Militar da Para\u00edba","description":"","publisher":{"@id":"https:\/\/www.pm.pb.gov.br\/portal\/#organization"},"potentialAction":[{"@type":"SearchAction","target":{"@type":"EntryPoint","urlTemplate":"https:\/\/www.pm.pb.gov.br\/portal\/?s={search_term_string}"},"query-input":"required name=search_term_string"}],"inLanguage":"pt-BR"},{"@type":"Organization","@id":"https:\/\/www.pm.pb.gov.br\/portal\/#organization","name":"Pol\u00edcia Militar da Para\u00edba","url":"https:\/\/www.pm.pb.gov.br\/portal\/","logo":{"@type":"ImageObject","inLanguage":"pt-BR","@id":"https:\/\/www.pm.pb.gov.br\/portal\/#\/schema\/logo\/image\/","url":"https:\/\/www.pm.pb.gov.br\/portal\/wp-content\/uploads\/2025\/03\/cropped-logo-site-mag2-1.png","contentUrl":"https:\/\/www.pm.pb.gov.br\/portal\/wp-content\/uploads\/2025\/03\/cropped-logo-site-mag2-1.png","width":320,"height":90,"caption":"Pol\u00edcia Militar da Para\u00edba"},"image":{"@id":"https:\/\/www.pm.pb.gov.br\/portal\/#\/schema\/logo\/image\/"}}]}},"_links":{"self":[{"href":"https:\/\/www.pm.pb.gov.br\/portal\/wp-json\/wp\/v2\/pages\/920518"}],"collection":[{"href":"https:\/\/www.pm.pb.gov.br\/portal\/wp-json\/wp\/v2\/pages"}],"about":[{"href":"https:\/\/www.pm.pb.gov.br\/portal\/wp-json\/wp\/v2\/types\/page"}],"author":[{"embeddable":true,"href":"https:\/\/www.pm.pb.gov.br\/portal\/wp-json\/wp\/v2\/users\/11"}],"replies":[{"embeddable":true,"href":"https:\/\/www.pm.pb.gov.br\/portal\/wp-json\/wp\/v2\/comments?post=920518"}],"version-history":[{"count":2,"href":"https:\/\/www.pm.pb.gov.br\/portal\/wp-json\/wp\/v2\/pages\/920518\/revisions"}],"predecessor-version":[{"id":920529,"href":"https:\/\/www.pm.pb.gov.br\/portal\/wp-json\/wp\/v2\/pages\/920518\/revisions\/920529"}],"up":[{"embeddable":true,"href":"https:\/\/www.pm.pb.gov.br\/portal\/wp-json\/wp\/v2\/pages\/894816"}],"wp:attachment":[{"href":"https:\/\/www.pm.pb.gov.br\/portal\/wp-json\/wp\/v2\/media?parent=920518"}],"curies":[{"name":"wp","href":"https:\/\/api.w.org\/{rel}","templated":true}]}}