{"id":918767,"date":"2020-09-24T11:45:16","date_gmt":"2020-09-24T14:45:16","guid":{"rendered":"https:\/\/www.pm.pb.gov.br\/portal\/?page_id=918767"},"modified":"2023-11-20T14:44:27","modified_gmt":"2023-11-20T17:44:27","slug":"aplicativo-sasp-instalacao-ios","status":"publish","type":"page","link":"https:\/\/www.pm.pb.gov.br\/portal\/aplicativo-sasp\/aplicativo-sasp-instalacao-ios\/","title":{"rendered":"SASP &#8211; Instala\u00e7\u00e3o iOS"},"content":{"rendered":"<div id=\"pl-918767\"  class=\"panel-layout\" ><div id=\"pg-918767-0\"  class=\"panel-grid panel-no-style\" ><div id=\"pgc-918767-0-0\"  class=\"panel-grid-cell\" ><div id=\"panel-918767-0-0-0\" class=\"so-panel widget widget_sow-editor panel-first-child\" data-index=\"0\" ><div\n\t\t\t\n\t\t\tclass=\"so-widget-sow-editor so-widget-sow-editor-base\"\n\t\t\t\n\t\t>\n<div class=\"siteorigin-widget-tinymce textwidget\">\n\t<p style=\"text-align: justify;\"><span style=\"font-family: verdana, geneva, sans-serif; font-size: 14pt;\"><strong>Aten\u00e7\u00e3o Usu\u00e1rios iOS:<\/strong><\/span><\/p>\n<p style=\"text-align: justify;\">Em virtude das pol\u00edticas da apple para distribui\u00e7\u00e3o de aplicativos para utiliza\u00e7\u00e3o corporativa, o SASP est\u00e1 sendo disponibilizado na modalidade de teste interno. Para instalar o SASP, siga as orienta\u00e7\u00f5es abaixo:<\/p>\n<p style=\"text-align: center;\"><strong><span style=\"font-family: verdana, geneva, sans-serif; font-size: 14pt;\">Passo 1 - Instalar o aplicativo TestFlight, na App Store.<br \/>\n<img loading=\"lazy\" decoding=\"async\" class=\"alignnone wp-image-907532\" src=\"http:\/\/www.pm.pb.gov.br\/portal\/wp-content\/uploads\/2020\/09\/testflight-64x64_2x.png\" alt=\"\" width=\"58\" height=\"57\" \/><br \/>\n<\/span><\/strong><span style=\"font-family: verdana, geneva, sans-serif;\">Clique no link <span style=\"color: #5e5e5e;\"><strong>Instalar iOS<\/strong><\/span> no final desta p\u00e1gina. Complete a instala\u00e7\u00e3o do aplicativo TestFlight, e siga para o Passo 2.<\/span><\/p>\n<p>&nbsp;<\/p>\n<p style=\"text-align: center;\"><strong><span style=\"font-family: verdana, geneva, sans-serif; font-size: 14pt;\">Passo 2 - Instala\u00e7\u00e3o do SASP.<br \/>\n<img loading=\"lazy\" decoding=\"async\" class=\"alignnone size-full wp-image-9075333\" src=\"http:\/\/www.pm.pb.gov.br\/portal\/wp-content\/uploads\/2023\/10\/sasp_logo.jpeg\" alt=\"\" width=\"58\" height=\"58\" \/><br \/>\n<\/span><\/strong><span style=\"font-family: verdana, geneva, sans-serif;\">Retorne ao <a href=\"https:\/\/testflight.apple.com\/join\/Jp2ugBhN\">link<\/a> de instala\u00e7\u00e3o e clique em <span style=\"font-size: 13pt;\"><strong>Iniciar testes<\/strong><\/span>, e ao visualizar o SASP na listagem do TestFlight, clique em INSTALAR.<\/span><\/p>\n<\/div>\n<\/div><\/div><div id=\"panel-918767-0-0-1\" class=\"so-panel widget widget_sow-image\" data-index=\"1\" ><div\n\t\t\t\n\t\t\tclass=\"so-widget-sow-image so-widget-sow-image-default-dbf295114b96-918767\"\n\t\t\t\n\t\t>\n<div class=\"sow-image-container\">\n\t\t\t<a href=\"https:\/\/testflight.apple.com\/join\/Jp2ugBhN\"\n\t\t\ttarget=\"_blank\" rel=\"noopener noreferrer\" \t\t>\n\t\t\t<img \n\tsrc=\"https:\/\/www.pm.pb.gov.br\/portal\/wp-content\/uploads\/2020\/09\/icone_instalacao_ios_p.png\" width=\"973\" height=\"155\" srcset=\"https:\/\/www.pm.pb.gov.br\/portal\/wp-content\/uploads\/2020\/09\/icone_instalacao_ios_p.png 973w, https:\/\/www.pm.pb.gov.br\/portal\/wp-content\/uploads\/2020\/09\/icone_instalacao_ios_p-800x127.png 800w, https:\/\/www.pm.pb.gov.br\/portal\/wp-content\/uploads\/2020\/09\/icone_instalacao_ios_p-768x122.png 768w\" sizes=\"(max-width: 973px) 100vw, 973px\" alt=\"\" \t\tclass=\"so-widget-image\"\/>\n\t\t\t<\/a><\/div>\n\n<\/div><\/div><div id=\"panel-918767-0-0-2\" class=\"so-panel widget widget_sow-editor panel-last-child\" data-index=\"2\" ><div\n\t\t\t\n\t\t\tclass=\"so-widget-sow-editor so-widget-sow-editor-base\"\n\t\t\t\n\t\t>\n<div class=\"siteorigin-widget-tinymce textwidget\">\n\t<p>&nbsp;<\/p>\n<p>&nbsp;<\/p>\n<p>&nbsp;<\/p>\n<\/div>\n<\/div><\/div><\/div><\/div><\/div>","protected":false},"excerpt":{"rendered":"<p>Aten\u00e7\u00e3o Usu\u00e1rios iOS: Em virtude das pol\u00edticas da apple para distribui\u00e7\u00e3o de aplicativos para utiliza\u00e7\u00e3o corporativa, o SASP est\u00e1 sendo<\/p>\n","protected":false},"author":1,"featured_media":0,"parent":918761,"menu_order":0,"comment_status":"closed","ping_status":"closed","template":"","meta":{"_exactmetrics_skip_tracking":false,"_exactmetrics_sitenote_active":false,"_exactmetrics_sitenote_note":"","_exactmetrics_sitenote_category":0,"footnotes":""},"yoast_head":"<!-- This site is optimized with the Yoast SEO plugin v22.0 - https:\/\/yoast.com\/wordpress\/plugins\/seo\/ -->\n<title>SASP - Instala\u00e7\u00e3o iOS - Pol\u00edcia Militar da Para\u00edba<\/title>\n<meta name=\"robots\" content=\"index, follow, max-snippet:-1, max-image-preview:large, max-video-preview:-1\" \/>\n<link rel=\"canonical\" href=\"https:\/\/www.pm.pb.gov.br\/portal\/aplicativo-sasp\/aplicativo-sasp-instalacao-ios\/\" \/>\n<meta property=\"og:locale\" content=\"pt_BR\" \/>\n<meta property=\"og:type\" content=\"article\" \/>\n<meta property=\"og:title\" content=\"SASP - Instala\u00e7\u00e3o iOS - Pol\u00edcia Militar da Para\u00edba\" \/>\n<meta property=\"og:description\" content=\"Aten\u00e7\u00e3o Usu\u00e1rios iOS: Em virtude das pol\u00edticas da apple para distribui\u00e7\u00e3o de aplicativos para utiliza\u00e7\u00e3o corporativa, o SASP est\u00e1 sendo\" \/>\n<meta property=\"og:url\" content=\"https:\/\/www.pm.pb.gov.br\/portal\/aplicativo-sasp\/aplicativo-sasp-instalacao-ios\/\" \/>\n<meta property=\"og:site_name\" content=\"Pol\u00edcia Militar da Para\u00edba\" \/>\n<meta property=\"article:modified_time\" content=\"2023-11-20T17:44:27+00:00\" \/>\n<meta property=\"og:image\" content=\"http:\/\/www.pm.pb.gov.br\/portal\/wp-content\/uploads\/2020\/09\/testflight-64x64_2x.png\" \/>\n<meta name=\"twitter:card\" content=\"summary_large_image\" \/>\n<meta name=\"twitter:label1\" content=\"Est. tempo de leitura\" \/>\n\t<meta name=\"twitter:data1\" content=\"1 minuto\" \/>\n<script type=\"application\/ld+json\" class=\"yoast-schema-graph\">{\"@context\":\"https:\/\/schema.org\",\"@graph\":[{\"@type\":\"WebPage\",\"@id\":\"https:\/\/www.pm.pb.gov.br\/portal\/aplicativo-sasp\/aplicativo-sasp-instalacao-ios\/\",\"url\":\"https:\/\/www.pm.pb.gov.br\/portal\/aplicativo-sasp\/aplicativo-sasp-instalacao-ios\/\",\"name\":\"SASP - Instala\u00e7\u00e3o iOS - Pol\u00edcia Militar da Para\u00edba\",\"isPartOf\":{\"@id\":\"https:\/\/www.pm.pb.gov.br\/portal\/#website\"},\"datePublished\":\"2020-09-24T14:45:16+00:00\",\"dateModified\":\"2023-11-20T17:44:27+00:00\",\"breadcrumb\":{\"@id\":\"https:\/\/www.pm.pb.gov.br\/portal\/aplicativo-sasp\/aplicativo-sasp-instalacao-ios\/#breadcrumb\"},\"inLanguage\":\"pt-BR\",\"potentialAction\":[{\"@type\":\"ReadAction\",\"target\":[\"https:\/\/www.pm.pb.gov.br\/portal\/aplicativo-sasp\/aplicativo-sasp-instalacao-ios\/\"]}]},{\"@type\":\"BreadcrumbList\",\"@id\":\"https:\/\/www.pm.pb.gov.br\/portal\/aplicativo-sasp\/aplicativo-sasp-instalacao-ios\/#breadcrumb\",\"itemListElement\":[{\"@type\":\"ListItem\",\"position\":1,\"name\":\"In\u00edcio\",\"item\":\"https:\/\/www.pm.pb.gov.br\/portal\/\"},{\"@type\":\"ListItem\",\"position\":2,\"name\":\"SASP\",\"item\":\"https:\/\/www.pm.pb.gov.br\/portal\/aplicativo-sasp\/\"},{\"@type\":\"ListItem\",\"position\":3,\"name\":\"SASP &#8211; Instala\u00e7\u00e3o iOS\"}]},{\"@type\":\"WebSite\",\"@id\":\"https:\/\/www.pm.pb.gov.br\/portal\/#website\",\"url\":\"https:\/\/www.pm.pb.gov.br\/portal\/\",\"name\":\"Pol\u00edcia Militar da Para\u00edba\",\"description\":\"\",\"publisher\":{\"@id\":\"https:\/\/www.pm.pb.gov.br\/portal\/#organization\"},\"potentialAction\":[{\"@type\":\"SearchAction\",\"target\":{\"@type\":\"EntryPoint\",\"urlTemplate\":\"https:\/\/www.pm.pb.gov.br\/portal\/?s={search_term_string}\"},\"query-input\":\"required name=search_term_string\"}],\"inLanguage\":\"pt-BR\"},{\"@type\":\"Organization\",\"@id\":\"https:\/\/www.pm.pb.gov.br\/portal\/#organization\",\"name\":\"Pol\u00edcia Militar da Para\u00edba\",\"url\":\"https:\/\/www.pm.pb.gov.br\/portal\/\",\"logo\":{\"@type\":\"ImageObject\",\"inLanguage\":\"pt-BR\",\"@id\":\"https:\/\/www.pm.pb.gov.br\/portal\/#\/schema\/logo\/image\/\",\"url\":\"https:\/\/www.pm.pb.gov.br\/portal\/wp-content\/uploads\/2025\/03\/cropped-logo-site-mag2-1.png\",\"contentUrl\":\"https:\/\/www.pm.pb.gov.br\/portal\/wp-content\/uploads\/2025\/03\/cropped-logo-site-mag2-1.png\",\"width\":320,\"height\":90,\"caption\":\"Pol\u00edcia Militar da Para\u00edba\"},\"image\":{\"@id\":\"https:\/\/www.pm.pb.gov.br\/portal\/#\/schema\/logo\/image\/\"}}]}<\/script>\n<!-- \/ Yoast SEO plugin. -->","yoast_head_json":{"title":"SASP - Instala\u00e7\u00e3o iOS - Pol\u00edcia Militar da Para\u00edba","robots":{"index":"index","follow":"follow","max-snippet":"max-snippet:-1","max-image-preview":"max-image-preview:large","max-video-preview":"max-video-preview:-1"},"canonical":"https:\/\/www.pm.pb.gov.br\/portal\/aplicativo-sasp\/aplicativo-sasp-instalacao-ios\/","og_locale":"pt_BR","og_type":"article","og_title":"SASP - Instala\u00e7\u00e3o iOS - Pol\u00edcia Militar da Para\u00edba","og_description":"Aten\u00e7\u00e3o Usu\u00e1rios iOS: Em virtude das pol\u00edticas da apple para distribui\u00e7\u00e3o de aplicativos para utiliza\u00e7\u00e3o corporativa, o SASP est\u00e1 sendo","og_url":"https:\/\/www.pm.pb.gov.br\/portal\/aplicativo-sasp\/aplicativo-sasp-instalacao-ios\/","og_site_name":"Pol\u00edcia Militar da Para\u00edba","article_modified_time":"2023-11-20T17:44:27+00:00","og_image":[{"url":"http:\/\/www.pm.pb.gov.br\/portal\/wp-content\/uploads\/2020\/09\/testflight-64x64_2x.png"}],"twitter_card":"summary_large_image","twitter_misc":{"Est. tempo de leitura":"1 minuto"},"schema":{"@context":"https:\/\/schema.org","@graph":[{"@type":"WebPage","@id":"https:\/\/www.pm.pb.gov.br\/portal\/aplicativo-sasp\/aplicativo-sasp-instalacao-ios\/","url":"https:\/\/www.pm.pb.gov.br\/portal\/aplicativo-sasp\/aplicativo-sasp-instalacao-ios\/","name":"SASP - Instala\u00e7\u00e3o iOS - Pol\u00edcia Militar da Para\u00edba","isPartOf":{"@id":"https:\/\/www.pm.pb.gov.br\/portal\/#website"},"datePublished":"2020-09-24T14:45:16+00:00","dateModified":"2023-11-20T17:44:27+00:00","breadcrumb":{"@id":"https:\/\/www.pm.pb.gov.br\/portal\/aplicativo-sasp\/aplicativo-sasp-instalacao-ios\/#breadcrumb"},"inLanguage":"pt-BR","potentialAction":[{"@type":"ReadAction","target":["https:\/\/www.pm.pb.gov.br\/portal\/aplicativo-sasp\/aplicativo-sasp-instalacao-ios\/"]}]},{"@type":"BreadcrumbList","@id":"https:\/\/www.pm.pb.gov.br\/portal\/aplicativo-sasp\/aplicativo-sasp-instalacao-ios\/#breadcrumb","itemListElement":[{"@type":"ListItem","position":1,"name":"In\u00edcio","item":"https:\/\/www.pm.pb.gov.br\/portal\/"},{"@type":"ListItem","position":2,"name":"SASP","item":"https:\/\/www.pm.pb.gov.br\/portal\/aplicativo-sasp\/"},{"@type":"ListItem","position":3,"name":"SASP &#8211; Instala\u00e7\u00e3o iOS"}]},{"@type":"WebSite","@id":"https:\/\/www.pm.pb.gov.br\/portal\/#website","url":"https:\/\/www.pm.pb.gov.br\/portal\/","name":"Pol\u00edcia Militar da Para\u00edba","description":"","publisher":{"@id":"https:\/\/www.pm.pb.gov.br\/portal\/#organization"},"potentialAction":[{"@type":"SearchAction","target":{"@type":"EntryPoint","urlTemplate":"https:\/\/www.pm.pb.gov.br\/portal\/?s={search_term_string}"},"query-input":"required name=search_term_string"}],"inLanguage":"pt-BR"},{"@type":"Organization","@id":"https:\/\/www.pm.pb.gov.br\/portal\/#organization","name":"Pol\u00edcia Militar da Para\u00edba","url":"https:\/\/www.pm.pb.gov.br\/portal\/","logo":{"@type":"ImageObject","inLanguage":"pt-BR","@id":"https:\/\/www.pm.pb.gov.br\/portal\/#\/schema\/logo\/image\/","url":"https:\/\/www.pm.pb.gov.br\/portal\/wp-content\/uploads\/2025\/03\/cropped-logo-site-mag2-1.png","contentUrl":"https:\/\/www.pm.pb.gov.br\/portal\/wp-content\/uploads\/2025\/03\/cropped-logo-site-mag2-1.png","width":320,"height":90,"caption":"Pol\u00edcia Militar da Para\u00edba"},"image":{"@id":"https:\/\/www.pm.pb.gov.br\/portal\/#\/schema\/logo\/image\/"}}]}},"_links":{"self":[{"href":"https:\/\/www.pm.pb.gov.br\/portal\/wp-json\/wp\/v2\/pages\/918767"}],"collection":[{"href":"https:\/\/www.pm.pb.gov.br\/portal\/wp-json\/wp\/v2\/pages"}],"about":[{"href":"https:\/\/www.pm.pb.gov.br\/portal\/wp-json\/wp\/v2\/types\/page"}],"author":[{"embeddable":true,"href":"https:\/\/www.pm.pb.gov.br\/portal\/wp-json\/wp\/v2\/users\/1"}],"replies":[{"embeddable":true,"href":"https:\/\/www.pm.pb.gov.br\/portal\/wp-json\/wp\/v2\/comments?post=918767"}],"version-history":[{"count":8,"href":"https:\/\/www.pm.pb.gov.br\/portal\/wp-json\/wp\/v2\/pages\/918767\/revisions"}],"predecessor-version":[{"id":919253,"href":"https:\/\/www.pm.pb.gov.br\/portal\/wp-json\/wp\/v2\/pages\/918767\/revisions\/919253"}],"up":[{"embeddable":true,"href":"https:\/\/www.pm.pb.gov.br\/portal\/wp-json\/wp\/v2\/pages\/918761"}],"wp:attachment":[{"href":"https:\/\/www.pm.pb.gov.br\/portal\/wp-json\/wp\/v2\/media?parent=918767"}],"curies":[{"name":"wp","href":"https:\/\/api.w.org\/{rel}","templated":true}]}}