{"id":917082,"date":"2023-06-15T08:02:25","date_gmt":"2023-06-15T11:02:25","guid":{"rendered":"https:\/\/www.pm.pb.gov.br\/portal\/?page_id=917082"},"modified":"2023-06-15T08:14:35","modified_gmt":"2023-06-15T11:14:35","slug":"policlinica","status":"publish","type":"page","link":"https:\/\/www.pm.pb.gov.br\/portal\/institucional\/brasoes-pmpb\/policlinica\/","title":{"rendered":"Bras\u00f5es &#8211; Policl\u00ednica"},"content":{"rendered":"<table style=\"width: 100%; border-collapse: collapse; border-style: none;\">\n<tbody>\n<tr>\n<td style=\"width: 27.381%; border-style: none;\"><img loading=\"lazy\" decoding=\"async\" class=\"alignnone  wp-image-916864\" src=\"http:\/\/www.pm.pb.gov.br\/portal\/wp-content\/uploads\/2023\/06\/POLICLINICA-319x445.png\" alt=\"\" width=\"229\" height=\"319\" srcset=\"https:\/\/www.pm.pb.gov.br\/portal\/wp-content\/uploads\/2023\/06\/POLICLINICA-319x445.png 319w, https:\/\/www.pm.pb.gov.br\/portal\/wp-content\/uploads\/2023\/06\/POLICLINICA-409x570.png 409w, https:\/\/www.pm.pb.gov.br\/portal\/wp-content\/uploads\/2023\/06\/POLICLINICA-768x1071.png 768w, https:\/\/www.pm.pb.gov.br\/portal\/wp-content\/uploads\/2023\/06\/POLICLINICA.png 1064w\" sizes=\"(max-width: 229px) 100vw, 229px\" \/><\/td>\n<td style=\"width: 72.619%; border-style: none;\">\n<h2>POLICL\u00cdNICA DA POL\u00cdCIA MILITAR<\/h2>\n<h4>Autoria do Bras\u00e3o:<\/h4>\n<p>1\u00ba Sgt QPC HERMERSON PEDRO SOARES DE OLIVEIRA.<\/td>\n<\/tr>\n<\/tbody>\n<\/table>\n<h5>Bras\u00e3o:<\/h5>\n<div>Escudo peninsular portugu\u00eas, chefe com dois campos, em faixa, o superior de goles e o inferior de sable, contendo a inscri\u00e7\u00e3o \u201cPOLICL\u00cdNICA\u201d, em ouro e cosida de sable; cortado, o primeiro de prata, no flanco direito um par de bucaneiras (garruchas) em aspa, de ouro, cosidas de sable, partido, no flanco esquerdo duas m\u00e3os como sustent\u00e1culo de uma esfera armilar, orlado pelos s\u00edmbolos que representam cada especialidade da sa\u00fade, todos de ouro, cosidos de sable; o segundo, partido, o primeiro de goles e o segundo de sinopla, no centro uma espada, em pala, de ouro e cosida de sable, sobreposto pelo emblema nacional das pol\u00edcias militares, em suas cores, e uma cruz grega, de prata, todos orlados por uma coroa de louros, em ouro, cosida de sable.<\/div>\n<div><\/div>\n<h5>Simbologia e alus\u00e3o das pe\u00e7as:<\/h5>\n<div><\/div>\n<div>As bucaneiras (garruchas) representam a Pol\u00edcia Militar, Institui\u00e7\u00e3o da qual fazem parte os integrantes da Policl\u00ednica;<\/div>\n<div>As duas m\u00e3os \u00e9 a clara representa\u00e7\u00e3o da abnega\u00e7\u00e3o, da assist\u00eancia e do cuidado em prol da sa\u00fade e do bem-estar dos militares da Corpora\u00e7\u00e3o. A esfera armilar simboliza, em linhas gerais, o saber nas diversas \u00e1reas do conhecimento relacionadas \u00e0 sa\u00fade, tais como: a Enfermagem sendo representada pela l\u00e2mpada com a uma serpente sobreposta, a Farm\u00e1cia que \u00e9 simbolizada pela ta\u00e7a enleada pela serpente, a Fisioterapia \u00e9 representada por duas serpentes entrela\u00e7adas ao raio, a Medicina que tem como s\u00edmbolo uma espada antiga enleada pela serpente, a Nutri\u00e7\u00e3o sendo representada pela balan\u00e7a enleada por uma serpente e a Odontologia que \u00e9 representada pelo b\u00e1culo enleado pela serpente; e<\/div>\n<div>No campo de sinopla com goles, somados aos demais elementos, faz alus\u00e3o ao antigo bras\u00e3o da Diretoria de Sa\u00fade. A cruz de prata \u00e9 o s\u00edmbolo mundial da prote\u00e7\u00e3o dos enfermos e feridos. O emblema das pol\u00edcias militares foi um s\u00edmbolo institu\u00eddo em conven\u00e7\u00e3o no ano de 1957, simbolizando a presen\u00e7a da Pol\u00edcia Militar em cada Estado da Federa\u00e7\u00e3o. A espada e a coroa de louros simbolizam a defesa da sociedade e o \u00eaxito na manuten\u00e7\u00e3o da ordem p\u00fablica.<\/div>\n","protected":false},"excerpt":{"rendered":"<p>POLICL\u00cdNICA DA POL\u00cdCIA MILITAR Autoria do Bras\u00e3o: 1\u00ba Sgt QPC HERMERSON PEDRO SOARES DE OLIVEIRA. Bras\u00e3o: Escudo peninsular portugu\u00eas, chefe<\/p>\n","protected":false},"author":5,"featured_media":0,"parent":894816,"menu_order":0,"comment_status":"closed","ping_status":"closed","template":"","meta":{"_exactmetrics_skip_tracking":false,"_exactmetrics_sitenote_active":false,"_exactmetrics_sitenote_note":"","_exactmetrics_sitenote_category":0,"footnotes":""},"yoast_head":"<!-- This site is optimized with the Yoast SEO plugin v22.0 - https:\/\/yoast.com\/wordpress\/plugins\/seo\/ -->\n<title>Bras\u00f5es - Policl\u00ednica - Pol\u00edcia Militar da Para\u00edba<\/title>\n<meta name=\"robots\" content=\"index, follow, max-snippet:-1, max-image-preview:large, max-video-preview:-1\" \/>\n<link rel=\"canonical\" href=\"https:\/\/www.pm.pb.gov.br\/portal\/institucional\/brasoes-pmpb\/policlinica\/\" \/>\n<meta property=\"og:locale\" content=\"pt_BR\" \/>\n<meta property=\"og:type\" content=\"article\" \/>\n<meta property=\"og:title\" content=\"Bras\u00f5es - Policl\u00ednica - Pol\u00edcia Militar da Para\u00edba\" \/>\n<meta property=\"og:description\" content=\"POLICL\u00cdNICA DA POL\u00cdCIA MILITAR Autoria do Bras\u00e3o: 1\u00ba Sgt QPC HERMERSON PEDRO SOARES DE OLIVEIRA. Bras\u00e3o: Escudo peninsular portugu\u00eas, chefe\" \/>\n<meta property=\"og:url\" content=\"https:\/\/www.pm.pb.gov.br\/portal\/institucional\/brasoes-pmpb\/policlinica\/\" \/>\n<meta property=\"og:site_name\" content=\"Pol\u00edcia Militar da Para\u00edba\" \/>\n<meta property=\"article:modified_time\" content=\"2023-06-15T11:14:35+00:00\" \/>\n<meta property=\"og:image\" content=\"http:\/\/www.pm.pb.gov.br\/portal\/wp-content\/uploads\/2023\/06\/POLICLINICA-319x445.png\" \/>\n<meta name=\"twitter:card\" content=\"summary_large_image\" \/>\n<meta name=\"twitter:label1\" content=\"Est. tempo de leitura\" \/>\n\t<meta name=\"twitter:data1\" content=\"3 minutos\" \/>\n<script type=\"application\/ld+json\" class=\"yoast-schema-graph\">{\"@context\":\"https:\/\/schema.org\",\"@graph\":[{\"@type\":\"WebPage\",\"@id\":\"https:\/\/www.pm.pb.gov.br\/portal\/institucional\/brasoes-pmpb\/policlinica\/\",\"url\":\"https:\/\/www.pm.pb.gov.br\/portal\/institucional\/brasoes-pmpb\/policlinica\/\",\"name\":\"Bras\u00f5es - Policl\u00ednica - Pol\u00edcia Militar da Para\u00edba\",\"isPartOf\":{\"@id\":\"https:\/\/www.pm.pb.gov.br\/portal\/#website\"},\"datePublished\":\"2023-06-15T11:02:25+00:00\",\"dateModified\":\"2023-06-15T11:14:35+00:00\",\"breadcrumb\":{\"@id\":\"https:\/\/www.pm.pb.gov.br\/portal\/institucional\/brasoes-pmpb\/policlinica\/#breadcrumb\"},\"inLanguage\":\"pt-BR\",\"potentialAction\":[{\"@type\":\"ReadAction\",\"target\":[\"https:\/\/www.pm.pb.gov.br\/portal\/institucional\/brasoes-pmpb\/policlinica\/\"]}]},{\"@type\":\"BreadcrumbList\",\"@id\":\"https:\/\/www.pm.pb.gov.br\/portal\/institucional\/brasoes-pmpb\/policlinica\/#breadcrumb\",\"itemListElement\":[{\"@type\":\"ListItem\",\"position\":1,\"name\":\"In\u00edcio\",\"item\":\"https:\/\/www.pm.pb.gov.br\/portal\/\"},{\"@type\":\"ListItem\",\"position\":2,\"name\":\"Institucional\",\"item\":\"https:\/\/www.pm.pb.gov.br\/portal\/institucional\/\"},{\"@type\":\"ListItem\",\"position\":3,\"name\":\"Bras\u00f5es de Armas\",\"item\":\"https:\/\/www.pm.pb.gov.br\/portal\/institucional\/brasoes-pmpb\/\"},{\"@type\":\"ListItem\",\"position\":4,\"name\":\"Bras\u00f5es &#8211; Policl\u00ednica\"}]},{\"@type\":\"WebSite\",\"@id\":\"https:\/\/www.pm.pb.gov.br\/portal\/#website\",\"url\":\"https:\/\/www.pm.pb.gov.br\/portal\/\",\"name\":\"Pol\u00edcia Militar da Para\u00edba\",\"description\":\"\",\"publisher\":{\"@id\":\"https:\/\/www.pm.pb.gov.br\/portal\/#organization\"},\"potentialAction\":[{\"@type\":\"SearchAction\",\"target\":{\"@type\":\"EntryPoint\",\"urlTemplate\":\"https:\/\/www.pm.pb.gov.br\/portal\/?s={search_term_string}\"},\"query-input\":\"required name=search_term_string\"}],\"inLanguage\":\"pt-BR\"},{\"@type\":\"Organization\",\"@id\":\"https:\/\/www.pm.pb.gov.br\/portal\/#organization\",\"name\":\"Pol\u00edcia Militar da Para\u00edba\",\"url\":\"https:\/\/www.pm.pb.gov.br\/portal\/\",\"logo\":{\"@type\":\"ImageObject\",\"inLanguage\":\"pt-BR\",\"@id\":\"https:\/\/www.pm.pb.gov.br\/portal\/#\/schema\/logo\/image\/\",\"url\":\"https:\/\/www.pm.pb.gov.br\/portal\/wp-content\/uploads\/2025\/03\/cropped-logo-site-mag2-1.png\",\"contentUrl\":\"https:\/\/www.pm.pb.gov.br\/portal\/wp-content\/uploads\/2025\/03\/cropped-logo-site-mag2-1.png\",\"width\":320,\"height\":90,\"caption\":\"Pol\u00edcia Militar da Para\u00edba\"},\"image\":{\"@id\":\"https:\/\/www.pm.pb.gov.br\/portal\/#\/schema\/logo\/image\/\"}}]}<\/script>\n<!-- \/ Yoast SEO plugin. -->","yoast_head_json":{"title":"Bras\u00f5es - Policl\u00ednica - Pol\u00edcia Militar da Para\u00edba","robots":{"index":"index","follow":"follow","max-snippet":"max-snippet:-1","max-image-preview":"max-image-preview:large","max-video-preview":"max-video-preview:-1"},"canonical":"https:\/\/www.pm.pb.gov.br\/portal\/institucional\/brasoes-pmpb\/policlinica\/","og_locale":"pt_BR","og_type":"article","og_title":"Bras\u00f5es - Policl\u00ednica - Pol\u00edcia Militar da Para\u00edba","og_description":"POLICL\u00cdNICA DA POL\u00cdCIA MILITAR Autoria do Bras\u00e3o: 1\u00ba Sgt QPC HERMERSON PEDRO SOARES DE OLIVEIRA. Bras\u00e3o: Escudo peninsular portugu\u00eas, chefe","og_url":"https:\/\/www.pm.pb.gov.br\/portal\/institucional\/brasoes-pmpb\/policlinica\/","og_site_name":"Pol\u00edcia Militar da Para\u00edba","article_modified_time":"2023-06-15T11:14:35+00:00","og_image":[{"url":"http:\/\/www.pm.pb.gov.br\/portal\/wp-content\/uploads\/2023\/06\/POLICLINICA-319x445.png"}],"twitter_card":"summary_large_image","twitter_misc":{"Est. tempo de leitura":"3 minutos"},"schema":{"@context":"https:\/\/schema.org","@graph":[{"@type":"WebPage","@id":"https:\/\/www.pm.pb.gov.br\/portal\/institucional\/brasoes-pmpb\/policlinica\/","url":"https:\/\/www.pm.pb.gov.br\/portal\/institucional\/brasoes-pmpb\/policlinica\/","name":"Bras\u00f5es - Policl\u00ednica - Pol\u00edcia Militar da Para\u00edba","isPartOf":{"@id":"https:\/\/www.pm.pb.gov.br\/portal\/#website"},"datePublished":"2023-06-15T11:02:25+00:00","dateModified":"2023-06-15T11:14:35+00:00","breadcrumb":{"@id":"https:\/\/www.pm.pb.gov.br\/portal\/institucional\/brasoes-pmpb\/policlinica\/#breadcrumb"},"inLanguage":"pt-BR","potentialAction":[{"@type":"ReadAction","target":["https:\/\/www.pm.pb.gov.br\/portal\/institucional\/brasoes-pmpb\/policlinica\/"]}]},{"@type":"BreadcrumbList","@id":"https:\/\/www.pm.pb.gov.br\/portal\/institucional\/brasoes-pmpb\/policlinica\/#breadcrumb","itemListElement":[{"@type":"ListItem","position":1,"name":"In\u00edcio","item":"https:\/\/www.pm.pb.gov.br\/portal\/"},{"@type":"ListItem","position":2,"name":"Institucional","item":"https:\/\/www.pm.pb.gov.br\/portal\/institucional\/"},{"@type":"ListItem","position":3,"name":"Bras\u00f5es de Armas","item":"https:\/\/www.pm.pb.gov.br\/portal\/institucional\/brasoes-pmpb\/"},{"@type":"ListItem","position":4,"name":"Bras\u00f5es &#8211; Policl\u00ednica"}]},{"@type":"WebSite","@id":"https:\/\/www.pm.pb.gov.br\/portal\/#website","url":"https:\/\/www.pm.pb.gov.br\/portal\/","name":"Pol\u00edcia Militar da Para\u00edba","description":"","publisher":{"@id":"https:\/\/www.pm.pb.gov.br\/portal\/#organization"},"potentialAction":[{"@type":"SearchAction","target":{"@type":"EntryPoint","urlTemplate":"https:\/\/www.pm.pb.gov.br\/portal\/?s={search_term_string}"},"query-input":"required name=search_term_string"}],"inLanguage":"pt-BR"},{"@type":"Organization","@id":"https:\/\/www.pm.pb.gov.br\/portal\/#organization","name":"Pol\u00edcia Militar da Para\u00edba","url":"https:\/\/www.pm.pb.gov.br\/portal\/","logo":{"@type":"ImageObject","inLanguage":"pt-BR","@id":"https:\/\/www.pm.pb.gov.br\/portal\/#\/schema\/logo\/image\/","url":"https:\/\/www.pm.pb.gov.br\/portal\/wp-content\/uploads\/2025\/03\/cropped-logo-site-mag2-1.png","contentUrl":"https:\/\/www.pm.pb.gov.br\/portal\/wp-content\/uploads\/2025\/03\/cropped-logo-site-mag2-1.png","width":320,"height":90,"caption":"Pol\u00edcia Militar da Para\u00edba"},"image":{"@id":"https:\/\/www.pm.pb.gov.br\/portal\/#\/schema\/logo\/image\/"}}]}},"_links":{"self":[{"href":"https:\/\/www.pm.pb.gov.br\/portal\/wp-json\/wp\/v2\/pages\/917082"}],"collection":[{"href":"https:\/\/www.pm.pb.gov.br\/portal\/wp-json\/wp\/v2\/pages"}],"about":[{"href":"https:\/\/www.pm.pb.gov.br\/portal\/wp-json\/wp\/v2\/types\/page"}],"author":[{"embeddable":true,"href":"https:\/\/www.pm.pb.gov.br\/portal\/wp-json\/wp\/v2\/users\/5"}],"replies":[{"embeddable":true,"href":"https:\/\/www.pm.pb.gov.br\/portal\/wp-json\/wp\/v2\/comments?post=917082"}],"version-history":[{"count":4,"href":"https:\/\/www.pm.pb.gov.br\/portal\/wp-json\/wp\/v2\/pages\/917082\/revisions"}],"predecessor-version":[{"id":917090,"href":"https:\/\/www.pm.pb.gov.br\/portal\/wp-json\/wp\/v2\/pages\/917082\/revisions\/917090"}],"up":[{"embeddable":true,"href":"https:\/\/www.pm.pb.gov.br\/portal\/wp-json\/wp\/v2\/pages\/894816"}],"wp:attachment":[{"href":"https:\/\/www.pm.pb.gov.br\/portal\/wp-json\/wp\/v2\/media?parent=917082"}],"curies":[{"name":"wp","href":"https:\/\/api.w.org\/{rel}","templated":true}]}}