{"id":915190,"date":"2022-12-06T10:16:45","date_gmt":"2022-12-06T13:16:45","guid":{"rendered":"https:\/\/www.pm.pb.gov.br\/portal\/?page_id=915190"},"modified":"2024-05-30T10:49:50","modified_gmt":"2024-05-30T13:49:50","slug":"contatos-da-pmpb","status":"publish","type":"page","link":"https:\/\/www.pm.pb.gov.br\/portal\/contatos-da-pmpb\/","title":{"rendered":"Contatos da PMPB"},"content":{"rendered":"<div id=\"pl-915190\"  class=\"panel-layout\" ><div id=\"pg-915190-0\"  class=\"panel-grid panel-no-style\" ><div id=\"pgc-915190-0-0\"  class=\"panel-grid-cell\" ><div id=\"panel-915190-0-0-0\" class=\"so-panel widget widget_sow-editor panel-first-child panel-last-child\" data-index=\"0\" ><div\n\t\t\t\n\t\t\tclass=\"so-widget-sow-editor so-widget-sow-editor-base\"\n\t\t\t\n\t\t>\n<div class=\"siteorigin-widget-tinymce textwidget\">\n\t<table style=\"width: 100%; height: 440px;\" border=\"1\" width=\"100%\">\n<tbody>\n<tr style=\"height: 24px;\">\n<td style=\"color: #ffffff; height: 24px;\" bgcolor=\"#545454\" width=\"50%\"><strong>Quartel do Comando-Geral<\/strong><\/td>\n<td style=\"color: #ffffff; height: 24px;\" bgcolor=\"#545454\"><strong>Contatos<\/strong><\/td>\n<\/tr>\n<tr style=\"height: 24px;\">\n<td style=\"height: 48px;\" rowspan=\"2\">Comando-geral<\/td>\n<td style=\"height: 24px;\">Gabinete: (83) 3248-0000<\/td>\n<\/tr>\n<tr style=\"height: 24px;\">\n<td style=\"height: 24px;\">Assistente: (83) 3248-7001<\/td>\n<\/tr>\n<tr style=\"height: 24px;\">\n<td style=\"height: 24px;\">Subcomando-Geral<\/td>\n<td style=\"height: 24px;\">(83) 3248-7029<\/td>\n<\/tr>\n<tr style=\"height: 24px;\">\n<td style=\"height: 24px;\">Estado-Maior Estrat\u00e9gico (EME)<\/td>\n<td style=\"height: 24px;\">(83) 3248-7010<\/td>\n<\/tr>\n<tr style=\"height: 24px;\">\n<td style=\"height: 72px;\" rowspan=\"3\">Comandos Regionais<\/td>\n<td style=\"height: 24px;\">CPRM: (83) 3248-7065<\/td>\n<\/tr>\n<tr style=\"height: 24px;\">\n<td style=\"height: 24px;\">CPR-I: (83) 33010-9374 \/(83) 3310-9360<\/td>\n<\/tr>\n<tr style=\"height: 24px;\">\n<td style=\"height: 24px;\">CPR-II: (83) 3423-2929<\/td>\n<\/tr>\n<tr style=\"height: 24px;\">\n<td style=\"height: 24px;\">Diretoria de Gest\u00e3o de Pessoas (DGP)<\/td>\n<td style=\"height: 24px;\">(83) 3248-7034<\/td>\n<\/tr>\n<tr style=\"height: 24px;\">\n<td style=\"height: 24px;\">Diretoria de Finan\u00e7as (DF)<\/td>\n<td style=\"height: 24px;\">(83) 3248-7040<\/td>\n<\/tr>\n<tr style=\"height: 56px;\">\n<td style=\"height: 56px;\">Ajud\u00e2ncia Geral<\/td>\n<td style=\"height: 56px;\">(83) 3248-7026<\/td>\n<\/tr>\n<tr style=\"height: 24px;\">\n<td style=\"height: 24px;\">Aespa<\/td>\n<td style=\"height: 24px;\">(83) 3248-7005<\/td>\n<\/tr>\n<tr style=\"height: 24px;\">\n<td style=\"height: 24px;\">Licita\u00e7\u00e3o<\/td>\n<td style=\"height: 24px;\">(83) 3248-7053<\/td>\n<\/tr>\n<tr style=\"height: 24px;\">\n<td style=\"height: 24px;\">Corpo da Guarda<\/td>\n<td style=\"height: 24px;\">(83) 3248-7000<\/td>\n<\/tr>\n<tr style=\"height: 24px;\">\n<td style=\"height: 24px;\">Protocolo<\/td>\n<td style=\"height: 24px;\">(83) 3248-7049<\/td>\n<\/tr>\n<tr style=\"height: 24px;\">\n<td style=\"height: 24px;\">Coordenadoria de Comunica\u00e7\u00e3o Social - EM\/5<\/td>\n<td style=\"height: 24px;\">(83) 3248-7011<\/td>\n<\/tr>\n<tr>\n<td>Coordenadoria de Tecnologia da Informa\u00e7\u00e3o - EM\/8<\/td>\n<td>(83) 3248-7056<\/td>\n<\/tr>\n<\/tbody>\n<\/table>\n<table style=\"width: 100%; height: 432px;\" border=\"1\" width=\"100%\">\n<tbody>\n<tr style=\"height: 24px;\">\n<td style=\"color: #ffffff; height: 24px;\" bgcolor=\"#545454\" width=\"50%\"><strong>Anexo<\/strong><\/td>\n<td style=\"color: #ffffff; height: 24px;\" bgcolor=\"#545454\"><strong>Contatos<\/strong><\/td>\n<\/tr>\n<tr style=\"height: 24px;\">\n<td style=\"height: 24px;\">Centro de Educa\u00e7\u00e3o<\/td>\n<td style=\"height: 24px;\">(83) 3213-8703<strong>\u00a0\/<\/strong>\u00a03213 - 8702<\/td>\n<\/tr>\n<tr style=\"height: 24px;\">\n<td style=\"height: 24px;\">Diretoria de Apoio Log\u00edstico (DAL)<\/td>\n<td style=\"height: 24px;\">(83) 3234-3042 \/ 3218-5694<\/td>\n<\/tr>\n<tr style=\"height: 24px;\">\n<td style=\"height: 24px;\">Diretoria de Sa\u00fade e Assist\u00eancia Social (DSAS)<\/td>\n<td style=\"height: 24px;\">(83) 3218-7987<\/td>\n<\/tr>\n<tr style=\"height: 24px;\">\n<td style=\"height: 48px;\" rowspan=\"2\">Proerd<\/td>\n<td style=\"height: 24px;\">(83) 3021-1948<\/td>\n<\/tr>\n<tr style=\"height: 24px;\">\n<td style=\"height: 24px;\">(83) 3262-3580<\/td>\n<\/tr>\n<tr style=\"height: 24px;\">\n<td style=\"height: 24px;\">Guarda Militar da Reserva<\/td>\n<td style=\"height: 24px;\">(83) 3248-7033<\/td>\n<\/tr>\n<tr style=\"height: 24px;\">\n<td style=\"height: 24px;\">Banda de M\u00fasica da Pol\u00edcia Militar<\/td>\n<td style=\"height: 24px;\">(83) 3214-5600<\/td>\n<\/tr>\n<tr style=\"height: 24px;\">\n<td style=\"height: 48px;\" rowspan=\"2\"><\/td>\n<td style=\"height: 24px;\"><\/td>\n<\/tr>\n<tr style=\"height: 24px;\">\n<td style=\"height: 24px;\"><\/td>\n<\/tr>\n<tr style=\"height: 24px;\">\n<td style=\"height: 24px;\">Policl\u00ednica<\/td>\n<td style=\"height: 24px;\">(83) 3218-5660<\/td>\n<\/tr>\n<tr style=\"height: 24px;\">\n<td style=\"height: 24px;\">Policl\u00ednica Funcional<\/td>\n<td style=\"height: 24px;\">(83) 99419-1086<\/td>\n<\/tr>\n<tr style=\"height: 24px;\">\n<td style=\"height: 24px;\">Sicami<\/td>\n<td style=\"height: 24px;\">(83) 3218-5711<\/td>\n<\/tr>\n<tr style=\"height: 24px;\">\n<td style=\"height: 48px;\" rowspan=\"2\">Junta M\u00e9dica Especial<\/td>\n<td style=\"height: 24px;\">(83) 3222-2391<\/td>\n<\/tr>\n<tr style=\"height: 24px;\">\n<td style=\"height: 24px;\">(83) 99104-4702<\/td>\n<\/tr>\n<tr style=\"height: 24px;\">\n<td style=\"height: 24px;\">Telemedicina<\/td>\n<td style=\"height: 24px;\">(83) 99103-8855<\/td>\n<\/tr>\n<tr style=\"height: 24px;\">\n<td style=\"height: 48px;\" rowspan=\"2\">Justi\u00e7a Militar<\/td>\n<td style=\"height: 24px;\">(83) 3214-3943<\/td>\n<\/tr>\n<tr style=\"height: 24px;\">\n<td style=\"height: 24px;\">(83) 3214-3800<\/td>\n<\/tr>\n<\/tbody>\n<\/table>\n<table border=\"1\" width=\"100%\">\n<tbody>\n<tr>\n<td style=\"color: #ffffff;\" bgcolor=\"#545454\" width=\"50%\"><strong>Unidades Operacionais<\/strong><\/td>\n<td style=\"color: #ffffff;\" bgcolor=\"#545454\"><strong>Contatos<\/strong><\/td>\n<\/tr>\n<tr>\n<td>1\u00ba Batalh\u00e3o (Jo\u00e3o Pessoa, Centro)<\/td>\n<td>\u00a0(83)3218-5811<\/td>\n<\/tr>\n<tr>\n<td>2\u00ba Batalh\u00e3o (Campina Grande, S\u00e3o Jos\u00e9)<\/td>\n<td>(83) 3310-9350<\/td>\n<\/tr>\n<tr>\n<td>3\u00ba Batalh\u00e3o (Patos)<\/td>\n<td>(83) 3423-2415<\/td>\n<\/tr>\n<tr>\n<td>4\u00ba Batalh\u00e3o (Guarabira)<\/td>\n<td>(83) 3271-2371\/ 1430\/1386<\/td>\n<\/tr>\n<tr>\n<td>5\u00ba Batalh\u00e3o (Jo\u00e3o Pessoa, Valentina de Figueiredo)<\/td>\n<td>(83) 3218-5864<\/td>\n<\/tr>\n<tr>\n<td>6\u00ba Batalh\u00e3o (Cajazeiras)<\/td>\n<td>(83) 3531-4463\/4462<\/td>\n<\/tr>\n<tr>\n<td>7\u00ba Batalh\u00e3o (Santa Rita)<\/td>\n<td>(83) 3253-2010 \/ 3232-2999<\/td>\n<\/tr>\n<tr>\n<td>8\u00ba Batalh\u00e3o (Itabaiana)<\/td>\n<td>(83) 3281-1600\/3004<\/td>\n<\/tr>\n<tr>\n<td>9\u00ba Batalh\u00e3o (Picu\u00ed)<\/td>\n<td>(83) 3372-2056<\/td>\n<\/tr>\n<tr>\n<td>10\u00ba Batalh\u00e3o\u00a0 (Campina Grande, Centro)<\/td>\n<td>(83) 3342-2251\/2400<\/td>\n<\/tr>\n<tr>\n<td>11\u00ba Batalh\u00e3o (Monteiro)<\/td>\n<td>(83) 3351-2064<\/td>\n<\/tr>\n<tr>\n<td>12\u00ba Batalh\u00e3o (Catol\u00e9 do Rocha)<\/td>\n<td>(83) 3441-1270<\/td>\n<\/tr>\n<tr>\n<td>13\u00ba Batalh\u00e3o (Itaporanga)<\/td>\n<td>(83) 3451-2576<strong>\u00a0\/<\/strong>\u00a02190<\/td>\n<\/tr>\n<tr>\n<td>14\u00ba Batalh\u00e3o (Sousa)<\/td>\n<td>(83) 3522-6482<strong>\u00a0\/<\/strong>\u00a06190<strong>\u00a0\/<\/strong>\u00a06187<\/td>\n<\/tr>\n<tr>\n<td>15\u00ba Batalh\u00e3o (Esperan\u00e7a)<\/td>\n<td>(83) 3361-3470<\/td>\n<\/tr>\n<\/tbody>\n<\/table>\n<table border=\"1\" width=\"100%\">\n<tbody>\n<tr>\n<td style=\"color: #ffffff;\" bgcolor=\"#545454\" width=\"50%\"><strong>Unidades Operacionais Especializadas<\/strong><\/td>\n<td style=\"color: #ffffff;\" bgcolor=\"#545454\"><strong>Contatos<\/strong><\/td>\n<\/tr>\n<tr>\n<td>Batalh\u00e3o de Opera\u00e7\u00f5es Especiais (Bope)<\/td>\n<td>(83) 3218-5823<\/td>\n<\/tr>\n<tr>\n<td>Regimento de Pol\u00edcia Montada (RPMont)<\/td>\n<td>(83) 3218-5917<\/td>\n<\/tr>\n<tr>\n<td>Batalh\u00e3o de Policia de Tr\u00e2nsito Urbano e Rovid\u00e1rio (BPTran)<\/td>\n<td>(83) 3218-5837<\/td>\n<\/tr>\n<tr>\n<td>Batalh\u00e3o de Pol\u00edcia Ambiental (BPAmb)<\/td>\n<td>(83) 3218-7222<\/td>\n<\/tr>\n<tr>\n<td>Batalh\u00e3o Especializado em Policiamento com Motocicletas (BEPMotos)<\/td>\n<td>(83) 3224-6053<\/td>\n<\/tr>\n<tr>\n<td>Batalh\u00e3o Especializado em Policiamento Tur\u00edstico (BEPTur)<\/td>\n<td>(83) 2181-1340<\/td>\n<\/tr>\n<tr>\n<td>Grupamento Especializado de Opera\u00e7\u00f5es em \u00c1rea de Caatinga (GEOsAC)<\/td>\n<td><\/td>\n<\/tr>\n<\/tbody>\n<\/table>\n<table border=\"1\" width=\"100%\">\n<tbody>\n<tr>\n<td style=\"color: #ffffff;\" bgcolor=\"#545454\" width=\"50%\"><strong>Companhias Independentes e Especializadas<\/strong><\/td>\n<td style=\"color: #ffffff;\" bgcolor=\"#545454\"><strong>Contatos<\/strong><\/td>\n<\/tr>\n<tr>\n<td>1\u00aa Companhia Independente (Alhandra)<\/td>\n<td>3256-2261\/2270<\/td>\n<\/tr>\n<tr>\n<td>2\u00aa Companhia Independente (Mamanguape)<\/td>\n<td>3292-2190<\/td>\n<\/tr>\n<tr>\n<td>3\u00aa Companhia Independente (Queimadas)<\/td>\n<td>3391-2173\/2360<\/td>\n<\/tr>\n<tr>\n<td>4\u00aa Companhia Independente (Bayeux)<\/td>\n<td>3253-1840<\/td>\n<\/tr>\n<tr>\n<td>5\u00aa Companhia Independente (Princesa Isabel)<\/td>\n<td>3457-2068<strong>\u00a0\/<\/strong>\u00a02490<\/td>\n<\/tr>\n<tr>\n<td>6\u00aa Companhia Independente (Cabedelo)<\/td>\n<td>3228-2121<strong>\u00a0\/<\/strong>\u00a03383<\/td>\n<\/tr>\n<tr>\n<td>7\u00aa Companhia Independente (Sol\u00e2nea)<\/td>\n<td>3363-2020<\/td>\n<\/tr>\n<\/tbody>\n<\/table>\n<\/div>\n<\/div><\/div><\/div><\/div><\/div>","protected":false},"excerpt":{"rendered":"<p>Quartel do Comando-Geral Contatos Comando-geral Gabinete: (83) 3248-0000 Assistente: (83) 3248-7001 Subcomando-Geral (83) 3248-7029 Estado-Maior Estrat\u00e9gico (EME) (83) 3248-7010 Comandos<\/p>\n","protected":false},"author":1,"featured_media":0,"parent":0,"menu_order":0,"comment_status":"closed","ping_status":"closed","template":"","meta":{"_exactmetrics_skip_tracking":false,"_exactmetrics_sitenote_active":false,"_exactmetrics_sitenote_note":"","_exactmetrics_sitenote_category":0,"footnotes":""},"yoast_head":"<!-- This site is optimized with the Yoast SEO plugin v22.0 - https:\/\/yoast.com\/wordpress\/plugins\/seo\/ -->\n<title>Contatos da PMPB - Pol\u00edcia Militar da Para\u00edba<\/title>\n<meta name=\"robots\" content=\"index, follow, max-snippet:-1, max-image-preview:large, max-video-preview:-1\" \/>\n<link rel=\"canonical\" href=\"https:\/\/www.pm.pb.gov.br\/portal\/contatos-da-pmpb\/\" \/>\n<meta property=\"og:locale\" content=\"pt_BR\" \/>\n<meta property=\"og:type\" content=\"article\" \/>\n<meta property=\"og:title\" content=\"Contatos da PMPB - Pol\u00edcia Militar da Para\u00edba\" \/>\n<meta property=\"og:description\" content=\"Quartel do Comando-Geral Contatos Comando-geral Gabinete: (83) 3248-0000 Assistente: (83) 3248-7001 Subcomando-Geral (83) 3248-7029 Estado-Maior Estrat\u00e9gico (EME) (83) 3248-7010 Comandos\" \/>\n<meta property=\"og:url\" content=\"https:\/\/www.pm.pb.gov.br\/portal\/contatos-da-pmpb\/\" \/>\n<meta property=\"og:site_name\" content=\"Pol\u00edcia Militar da Para\u00edba\" \/>\n<meta property=\"article:modified_time\" content=\"2024-05-30T13:49:50+00:00\" \/>\n<meta property=\"og:image\" content=\"https:\/\/www.pm.pb.gov.br\/portal\/wp-content\/uploads\/2016\/04\/foto_brasao-1.jpg\" \/>\n\t<meta property=\"og:image:width\" content=\"620\" \/>\n\t<meta property=\"og:image:height\" content=\"411\" \/>\n\t<meta property=\"og:image:type\" content=\"image\/jpeg\" \/>\n<meta name=\"twitter:card\" content=\"summary_large_image\" \/>\n<meta name=\"twitter:label1\" content=\"Est. tempo de leitura\" \/>\n\t<meta name=\"twitter:data1\" content=\"2 minutos\" \/>\n<script type=\"application\/ld+json\" class=\"yoast-schema-graph\">{\"@context\":\"https:\/\/schema.org\",\"@graph\":[{\"@type\":\"WebPage\",\"@id\":\"https:\/\/www.pm.pb.gov.br\/portal\/contatos-da-pmpb\/\",\"url\":\"https:\/\/www.pm.pb.gov.br\/portal\/contatos-da-pmpb\/\",\"name\":\"Contatos da PMPB - Pol\u00edcia Militar da Para\u00edba\",\"isPartOf\":{\"@id\":\"https:\/\/www.pm.pb.gov.br\/portal\/#website\"},\"datePublished\":\"2022-12-06T13:16:45+00:00\",\"dateModified\":\"2024-05-30T13:49:50+00:00\",\"breadcrumb\":{\"@id\":\"https:\/\/www.pm.pb.gov.br\/portal\/contatos-da-pmpb\/#breadcrumb\"},\"inLanguage\":\"pt-BR\",\"potentialAction\":[{\"@type\":\"ReadAction\",\"target\":[\"https:\/\/www.pm.pb.gov.br\/portal\/contatos-da-pmpb\/\"]}]},{\"@type\":\"BreadcrumbList\",\"@id\":\"https:\/\/www.pm.pb.gov.br\/portal\/contatos-da-pmpb\/#breadcrumb\",\"itemListElement\":[{\"@type\":\"ListItem\",\"position\":1,\"name\":\"In\u00edcio\",\"item\":\"https:\/\/www.pm.pb.gov.br\/portal\/\"},{\"@type\":\"ListItem\",\"position\":2,\"name\":\"Contatos da PMPB\"}]},{\"@type\":\"WebSite\",\"@id\":\"https:\/\/www.pm.pb.gov.br\/portal\/#website\",\"url\":\"https:\/\/www.pm.pb.gov.br\/portal\/\",\"name\":\"Pol\u00edcia Militar da Para\u00edba\",\"description\":\"\",\"publisher\":{\"@id\":\"https:\/\/www.pm.pb.gov.br\/portal\/#organization\"},\"potentialAction\":[{\"@type\":\"SearchAction\",\"target\":{\"@type\":\"EntryPoint\",\"urlTemplate\":\"https:\/\/www.pm.pb.gov.br\/portal\/?s={search_term_string}\"},\"query-input\":\"required name=search_term_string\"}],\"inLanguage\":\"pt-BR\"},{\"@type\":\"Organization\",\"@id\":\"https:\/\/www.pm.pb.gov.br\/portal\/#organization\",\"name\":\"Pol\u00edcia Militar da Para\u00edba\",\"url\":\"https:\/\/www.pm.pb.gov.br\/portal\/\",\"logo\":{\"@type\":\"ImageObject\",\"inLanguage\":\"pt-BR\",\"@id\":\"https:\/\/www.pm.pb.gov.br\/portal\/#\/schema\/logo\/image\/\",\"url\":\"https:\/\/www.pm.pb.gov.br\/portal\/wp-content\/uploads\/2025\/03\/cropped-logo-site-mag2-1.png\",\"contentUrl\":\"https:\/\/www.pm.pb.gov.br\/portal\/wp-content\/uploads\/2025\/03\/cropped-logo-site-mag2-1.png\",\"width\":320,\"height\":90,\"caption\":\"Pol\u00edcia Militar da Para\u00edba\"},\"image\":{\"@id\":\"https:\/\/www.pm.pb.gov.br\/portal\/#\/schema\/logo\/image\/\"}}]}<\/script>\n<!-- \/ Yoast SEO plugin. -->","yoast_head_json":{"title":"Contatos da PMPB - Pol\u00edcia Militar da Para\u00edba","robots":{"index":"index","follow":"follow","max-snippet":"max-snippet:-1","max-image-preview":"max-image-preview:large","max-video-preview":"max-video-preview:-1"},"canonical":"https:\/\/www.pm.pb.gov.br\/portal\/contatos-da-pmpb\/","og_locale":"pt_BR","og_type":"article","og_title":"Contatos da PMPB - Pol\u00edcia Militar da Para\u00edba","og_description":"Quartel do Comando-Geral Contatos Comando-geral Gabinete: (83) 3248-0000 Assistente: (83) 3248-7001 Subcomando-Geral (83) 3248-7029 Estado-Maior Estrat\u00e9gico (EME) (83) 3248-7010 Comandos","og_url":"https:\/\/www.pm.pb.gov.br\/portal\/contatos-da-pmpb\/","og_site_name":"Pol\u00edcia Militar da Para\u00edba","article_modified_time":"2024-05-30T13:49:50+00:00","og_image":[{"width":620,"height":411,"url":"https:\/\/www.pm.pb.gov.br\/portal\/wp-content\/uploads\/2016\/04\/foto_brasao-1.jpg","type":"image\/jpeg"}],"twitter_card":"summary_large_image","twitter_misc":{"Est. tempo de leitura":"2 minutos"},"schema":{"@context":"https:\/\/schema.org","@graph":[{"@type":"WebPage","@id":"https:\/\/www.pm.pb.gov.br\/portal\/contatos-da-pmpb\/","url":"https:\/\/www.pm.pb.gov.br\/portal\/contatos-da-pmpb\/","name":"Contatos da PMPB - Pol\u00edcia Militar da Para\u00edba","isPartOf":{"@id":"https:\/\/www.pm.pb.gov.br\/portal\/#website"},"datePublished":"2022-12-06T13:16:45+00:00","dateModified":"2024-05-30T13:49:50+00:00","breadcrumb":{"@id":"https:\/\/www.pm.pb.gov.br\/portal\/contatos-da-pmpb\/#breadcrumb"},"inLanguage":"pt-BR","potentialAction":[{"@type":"ReadAction","target":["https:\/\/www.pm.pb.gov.br\/portal\/contatos-da-pmpb\/"]}]},{"@type":"BreadcrumbList","@id":"https:\/\/www.pm.pb.gov.br\/portal\/contatos-da-pmpb\/#breadcrumb","itemListElement":[{"@type":"ListItem","position":1,"name":"In\u00edcio","item":"https:\/\/www.pm.pb.gov.br\/portal\/"},{"@type":"ListItem","position":2,"name":"Contatos da PMPB"}]},{"@type":"WebSite","@id":"https:\/\/www.pm.pb.gov.br\/portal\/#website","url":"https:\/\/www.pm.pb.gov.br\/portal\/","name":"Pol\u00edcia Militar da Para\u00edba","description":"","publisher":{"@id":"https:\/\/www.pm.pb.gov.br\/portal\/#organization"},"potentialAction":[{"@type":"SearchAction","target":{"@type":"EntryPoint","urlTemplate":"https:\/\/www.pm.pb.gov.br\/portal\/?s={search_term_string}"},"query-input":"required name=search_term_string"}],"inLanguage":"pt-BR"},{"@type":"Organization","@id":"https:\/\/www.pm.pb.gov.br\/portal\/#organization","name":"Pol\u00edcia Militar da Para\u00edba","url":"https:\/\/www.pm.pb.gov.br\/portal\/","logo":{"@type":"ImageObject","inLanguage":"pt-BR","@id":"https:\/\/www.pm.pb.gov.br\/portal\/#\/schema\/logo\/image\/","url":"https:\/\/www.pm.pb.gov.br\/portal\/wp-content\/uploads\/2025\/03\/cropped-logo-site-mag2-1.png","contentUrl":"https:\/\/www.pm.pb.gov.br\/portal\/wp-content\/uploads\/2025\/03\/cropped-logo-site-mag2-1.png","width":320,"height":90,"caption":"Pol\u00edcia Militar da Para\u00edba"},"image":{"@id":"https:\/\/www.pm.pb.gov.br\/portal\/#\/schema\/logo\/image\/"}}]}},"_links":{"self":[{"href":"https:\/\/www.pm.pb.gov.br\/portal\/wp-json\/wp\/v2\/pages\/915190"}],"collection":[{"href":"https:\/\/www.pm.pb.gov.br\/portal\/wp-json\/wp\/v2\/pages"}],"about":[{"href":"https:\/\/www.pm.pb.gov.br\/portal\/wp-json\/wp\/v2\/types\/page"}],"author":[{"embeddable":true,"href":"https:\/\/www.pm.pb.gov.br\/portal\/wp-json\/wp\/v2\/users\/1"}],"replies":[{"embeddable":true,"href":"https:\/\/www.pm.pb.gov.br\/portal\/wp-json\/wp\/v2\/comments?post=915190"}],"version-history":[{"count":9,"href":"https:\/\/www.pm.pb.gov.br\/portal\/wp-json\/wp\/v2\/pages\/915190\/revisions"}],"predecessor-version":[{"id":922274,"href":"https:\/\/www.pm.pb.gov.br\/portal\/wp-json\/wp\/v2\/pages\/915190\/revisions\/922274"}],"wp:attachment":[{"href":"https:\/\/www.pm.pb.gov.br\/portal\/wp-json\/wp\/v2\/media?parent=915190"}],"curies":[{"name":"wp","href":"https:\/\/api.w.org\/{rel}","templated":true}]}}