{"id":914896,"date":"2022-11-10T10:29:11","date_gmt":"2022-11-10T13:29:11","guid":{"rendered":"https:\/\/www.pm.pb.gov.br\/portal\/?page_id=914896"},"modified":"2023-06-14T08:22:24","modified_gmt":"2023-06-14T11:22:24","slug":"bgrasoes-museu","status":"publish","type":"page","link":"https:\/\/www.pm.pb.gov.br\/portal\/institucional\/brasoes-pmpb\/bgrasoes-museu\/","title":{"rendered":"Bras\u00f5es &#8211; Museu"},"content":{"rendered":"<header class=\"entry-header\">\n<table style=\"height: 10px; width: 100%; border-collapse: collapse; border-style: none;\">\n<tbody>\n<tr style=\"height: 424px;\">\n<td style=\"width: 27.0749%; vertical-align: top; height: 10px; border-style: none;\">\n<h2><img loading=\"lazy\" decoding=\"async\" class=\"alignnone  wp-image-916855\" src=\"http:\/\/www.pm.pb.gov.br\/portal\/wp-content\/uploads\/2023\/06\/MUSEU-319x445.png\" alt=\"\" width=\"231\" height=\"323\" srcset=\"https:\/\/www.pm.pb.gov.br\/portal\/wp-content\/uploads\/2023\/06\/MUSEU-319x445.png 319w, https:\/\/www.pm.pb.gov.br\/portal\/wp-content\/uploads\/2023\/06\/MUSEU-409x570.png 409w, https:\/\/www.pm.pb.gov.br\/portal\/wp-content\/uploads\/2023\/06\/MUSEU-768x1070.png 768w, https:\/\/www.pm.pb.gov.br\/portal\/wp-content\/uploads\/2023\/06\/MUSEU.png 1064w\" sizes=\"(max-width: 231px) 100vw, 231px\" \/><\/h2>\n<\/td>\n<td style=\"width: 72.9251%; vertical-align: top; height: 10px; border-style: none;\">\n<h2>MUSEU DA POL\u00cdCIA MILITAR DA PARA\u00cdBA<\/h2>\n<h4>Autoria do Bras\u00e3o:<\/h4>\n<p>Professor ANTONIO ODON DA SILVA NETO.<\/p>\n<h4>A<span style=\"font-family: inherit; font-size: inherit;\">poio T\u00e9cnico:<\/span><\/h4>\n<ul>\n<li>Cel QOBM JOS\u00c9 WALBER RUFINO TAVARES;<\/li>\n<li>1\u00ba Sgt QPC HERMERSON PEDRO SOARES DE OLIVEIRA; e<\/li>\n<li>Professor GEORGE HENRIQUE DE VASCONCELOS.<\/li>\n<\/ul>\n<\/td>\n<\/tr>\n<\/tbody>\n<\/table>\n<\/header>\n<header><\/header>\n<h5 class=\"entry-header\"><span style=\"color: revert; font-size: revert; font-weight: revert;\">Bras\u00e3o<\/span><\/h5>\n<div class=\"entry-content clearfix\">\n<p>Escudo peninsular portugu\u00eas, chefe com dois campos, em faixa, o superior de goles e o inferior de sable, contendo a inscri\u00e7\u00e3o \u201cMUSEU\u201d, em ouro e cosida de sable; cortado, o primeiro de prata, no flanco direito um par de bucaneiras (garruchas) em aspa, de ouro, cosidas de sable, partido, no flanco esquerdo a bandeira partida de prata e blau, no centro o bras\u00e3o imperial, na sua cor, cosidos de sable; o segundo, partido, o primeiro de goles e o segundo de sable, no centro um pergaminho contendo os s\u00edmbolos da ampulheta, do la\u00e7o imperial e do emblema nacional das pol\u00edcias militares, e uma caneta de pena, todas em suas cores e cosidas de sable.<\/p>\n<h5>Simbologia e alus\u00e3o das pe\u00e7as:<\/h5>\n<ul>\n<li>As bucaneiras (garruchas) representam a Pol\u00edcia Militar, institui\u00e7\u00e3o da qual fazem parte os integrantes do Museu;<\/li>\n<li>A bandeira branca e azul sobreposta pelo Bras\u00e3o Imperial faz alus\u00e3o ao per\u00edodo da funda\u00e7\u00e3o da Guarda Permanente Municipal, primeira denomina\u00e7\u00e3o da atual Pol\u00edcia Militar do Estado da Para\u00edba;<\/li>\n<li>O vermelho e o preto simbolizam as atuais cores da bandeira do estado da Para\u00edba. O vermelho representa o passado glorioso da institui\u00e7\u00e3o repleto de vit\u00f3ria e ousadia, que diante das adversidades, fortalecem seus valores e princ\u00edpios; o preto simboliza as principais virtudes que servem de alicerce para o policial, como: a prud\u00eancia, a ast\u00facia, a honestidade e o rigor; e<\/li>\n<li>A pena e o pergaminho representam o legado da escrita para a hist\u00f3ria. A ampulheta simboliza o tempo sob a vida terrena, o la\u00e7o nacional representa o primeiro s\u00edmbolo utilizado pela Guarda Permanente Municipal e o emblema das pol\u00edcias militares foi um s\u00edmbolo institu\u00eddo em conven\u00e7\u00e3o no ano de 1957, simbolizando o presente da Institui\u00e7\u00e3o.<\/li>\n<\/ul>\n<\/div>\n","protected":false},"excerpt":{"rendered":"<p>MUSEU DA POL\u00cdCIA MILITAR DA PARA\u00cdBA Autoria do Bras\u00e3o: Professor ANTONIO ODON DA SILVA NETO. Apoio T\u00e9cnico: Cel QOBM JOS\u00c9<\/p>\n","protected":false},"author":11,"featured_media":0,"parent":894816,"menu_order":0,"comment_status":"closed","ping_status":"closed","template":"","meta":{"_exactmetrics_skip_tracking":false,"_exactmetrics_sitenote_active":false,"_exactmetrics_sitenote_note":"","_exactmetrics_sitenote_category":0,"footnotes":""},"yoast_head":"<!-- This site is optimized with the Yoast SEO plugin v22.0 - https:\/\/yoast.com\/wordpress\/plugins\/seo\/ -->\n<title>Bras\u00f5es - Museu - Pol\u00edcia Militar da Para\u00edba<\/title>\n<meta name=\"robots\" content=\"index, follow, max-snippet:-1, max-image-preview:large, max-video-preview:-1\" \/>\n<link rel=\"canonical\" href=\"https:\/\/www.pm.pb.gov.br\/portal\/institucional\/brasoes-pmpb\/bgrasoes-museu\/\" \/>\n<meta property=\"og:locale\" content=\"pt_BR\" \/>\n<meta property=\"og:type\" content=\"article\" \/>\n<meta property=\"og:title\" content=\"Bras\u00f5es - Museu - Pol\u00edcia Militar da Para\u00edba\" \/>\n<meta property=\"og:description\" content=\"MUSEU DA POL\u00cdCIA MILITAR DA PARA\u00cdBA Autoria do Bras\u00e3o: Professor ANTONIO ODON DA SILVA NETO. Apoio T\u00e9cnico: Cel QOBM JOS\u00c9\" \/>\n<meta property=\"og:url\" content=\"https:\/\/www.pm.pb.gov.br\/portal\/institucional\/brasoes-pmpb\/bgrasoes-museu\/\" \/>\n<meta property=\"og:site_name\" content=\"Pol\u00edcia Militar da Para\u00edba\" \/>\n<meta property=\"article:modified_time\" content=\"2023-06-14T11:22:24+00:00\" \/>\n<meta property=\"og:image\" content=\"http:\/\/www.pm.pb.gov.br\/portal\/wp-content\/uploads\/2023\/06\/MUSEU-319x445.png\" \/>\n<meta name=\"twitter:card\" content=\"summary_large_image\" \/>\n<meta name=\"twitter:label1\" content=\"Est. tempo de leitura\" \/>\n\t<meta name=\"twitter:data1\" content=\"2 minutos\" \/>\n<script type=\"application\/ld+json\" class=\"yoast-schema-graph\">{\"@context\":\"https:\/\/schema.org\",\"@graph\":[{\"@type\":\"WebPage\",\"@id\":\"https:\/\/www.pm.pb.gov.br\/portal\/institucional\/brasoes-pmpb\/bgrasoes-museu\/\",\"url\":\"https:\/\/www.pm.pb.gov.br\/portal\/institucional\/brasoes-pmpb\/bgrasoes-museu\/\",\"name\":\"Bras\u00f5es - Museu - Pol\u00edcia Militar da Para\u00edba\",\"isPartOf\":{\"@id\":\"https:\/\/www.pm.pb.gov.br\/portal\/#website\"},\"datePublished\":\"2022-11-10T13:29:11+00:00\",\"dateModified\":\"2023-06-14T11:22:24+00:00\",\"breadcrumb\":{\"@id\":\"https:\/\/www.pm.pb.gov.br\/portal\/institucional\/brasoes-pmpb\/bgrasoes-museu\/#breadcrumb\"},\"inLanguage\":\"pt-BR\",\"potentialAction\":[{\"@type\":\"ReadAction\",\"target\":[\"https:\/\/www.pm.pb.gov.br\/portal\/institucional\/brasoes-pmpb\/bgrasoes-museu\/\"]}]},{\"@type\":\"BreadcrumbList\",\"@id\":\"https:\/\/www.pm.pb.gov.br\/portal\/institucional\/brasoes-pmpb\/bgrasoes-museu\/#breadcrumb\",\"itemListElement\":[{\"@type\":\"ListItem\",\"position\":1,\"name\":\"In\u00edcio\",\"item\":\"https:\/\/www.pm.pb.gov.br\/portal\/\"},{\"@type\":\"ListItem\",\"position\":2,\"name\":\"Institucional\",\"item\":\"https:\/\/www.pm.pb.gov.br\/portal\/institucional\/\"},{\"@type\":\"ListItem\",\"position\":3,\"name\":\"Bras\u00f5es de Armas\",\"item\":\"https:\/\/www.pm.pb.gov.br\/portal\/institucional\/brasoes-pmpb\/\"},{\"@type\":\"ListItem\",\"position\":4,\"name\":\"Bras\u00f5es &#8211; Museu\"}]},{\"@type\":\"WebSite\",\"@id\":\"https:\/\/www.pm.pb.gov.br\/portal\/#website\",\"url\":\"https:\/\/www.pm.pb.gov.br\/portal\/\",\"name\":\"Pol\u00edcia Militar da Para\u00edba\",\"description\":\"\",\"publisher\":{\"@id\":\"https:\/\/www.pm.pb.gov.br\/portal\/#organization\"},\"potentialAction\":[{\"@type\":\"SearchAction\",\"target\":{\"@type\":\"EntryPoint\",\"urlTemplate\":\"https:\/\/www.pm.pb.gov.br\/portal\/?s={search_term_string}\"},\"query-input\":\"required name=search_term_string\"}],\"inLanguage\":\"pt-BR\"},{\"@type\":\"Organization\",\"@id\":\"https:\/\/www.pm.pb.gov.br\/portal\/#organization\",\"name\":\"Pol\u00edcia Militar da Para\u00edba\",\"url\":\"https:\/\/www.pm.pb.gov.br\/portal\/\",\"logo\":{\"@type\":\"ImageObject\",\"inLanguage\":\"pt-BR\",\"@id\":\"https:\/\/www.pm.pb.gov.br\/portal\/#\/schema\/logo\/image\/\",\"url\":\"https:\/\/www.pm.pb.gov.br\/portal\/wp-content\/uploads\/2025\/03\/cropped-logo-site-mag2-1.png\",\"contentUrl\":\"https:\/\/www.pm.pb.gov.br\/portal\/wp-content\/uploads\/2025\/03\/cropped-logo-site-mag2-1.png\",\"width\":320,\"height\":90,\"caption\":\"Pol\u00edcia Militar da Para\u00edba\"},\"image\":{\"@id\":\"https:\/\/www.pm.pb.gov.br\/portal\/#\/schema\/logo\/image\/\"}}]}<\/script>\n<!-- \/ Yoast SEO plugin. -->","yoast_head_json":{"title":"Bras\u00f5es - Museu - Pol\u00edcia Militar da Para\u00edba","robots":{"index":"index","follow":"follow","max-snippet":"max-snippet:-1","max-image-preview":"max-image-preview:large","max-video-preview":"max-video-preview:-1"},"canonical":"https:\/\/www.pm.pb.gov.br\/portal\/institucional\/brasoes-pmpb\/bgrasoes-museu\/","og_locale":"pt_BR","og_type":"article","og_title":"Bras\u00f5es - Museu - Pol\u00edcia Militar da Para\u00edba","og_description":"MUSEU DA POL\u00cdCIA MILITAR DA PARA\u00cdBA Autoria do Bras\u00e3o: Professor ANTONIO ODON DA SILVA NETO. Apoio T\u00e9cnico: Cel QOBM JOS\u00c9","og_url":"https:\/\/www.pm.pb.gov.br\/portal\/institucional\/brasoes-pmpb\/bgrasoes-museu\/","og_site_name":"Pol\u00edcia Militar da Para\u00edba","article_modified_time":"2023-06-14T11:22:24+00:00","og_image":[{"url":"http:\/\/www.pm.pb.gov.br\/portal\/wp-content\/uploads\/2023\/06\/MUSEU-319x445.png"}],"twitter_card":"summary_large_image","twitter_misc":{"Est. tempo de leitura":"2 minutos"},"schema":{"@context":"https:\/\/schema.org","@graph":[{"@type":"WebPage","@id":"https:\/\/www.pm.pb.gov.br\/portal\/institucional\/brasoes-pmpb\/bgrasoes-museu\/","url":"https:\/\/www.pm.pb.gov.br\/portal\/institucional\/brasoes-pmpb\/bgrasoes-museu\/","name":"Bras\u00f5es - Museu - Pol\u00edcia Militar da Para\u00edba","isPartOf":{"@id":"https:\/\/www.pm.pb.gov.br\/portal\/#website"},"datePublished":"2022-11-10T13:29:11+00:00","dateModified":"2023-06-14T11:22:24+00:00","breadcrumb":{"@id":"https:\/\/www.pm.pb.gov.br\/portal\/institucional\/brasoes-pmpb\/bgrasoes-museu\/#breadcrumb"},"inLanguage":"pt-BR","potentialAction":[{"@type":"ReadAction","target":["https:\/\/www.pm.pb.gov.br\/portal\/institucional\/brasoes-pmpb\/bgrasoes-museu\/"]}]},{"@type":"BreadcrumbList","@id":"https:\/\/www.pm.pb.gov.br\/portal\/institucional\/brasoes-pmpb\/bgrasoes-museu\/#breadcrumb","itemListElement":[{"@type":"ListItem","position":1,"name":"In\u00edcio","item":"https:\/\/www.pm.pb.gov.br\/portal\/"},{"@type":"ListItem","position":2,"name":"Institucional","item":"https:\/\/www.pm.pb.gov.br\/portal\/institucional\/"},{"@type":"ListItem","position":3,"name":"Bras\u00f5es de Armas","item":"https:\/\/www.pm.pb.gov.br\/portal\/institucional\/brasoes-pmpb\/"},{"@type":"ListItem","position":4,"name":"Bras\u00f5es &#8211; Museu"}]},{"@type":"WebSite","@id":"https:\/\/www.pm.pb.gov.br\/portal\/#website","url":"https:\/\/www.pm.pb.gov.br\/portal\/","name":"Pol\u00edcia Militar da Para\u00edba","description":"","publisher":{"@id":"https:\/\/www.pm.pb.gov.br\/portal\/#organization"},"potentialAction":[{"@type":"SearchAction","target":{"@type":"EntryPoint","urlTemplate":"https:\/\/www.pm.pb.gov.br\/portal\/?s={search_term_string}"},"query-input":"required name=search_term_string"}],"inLanguage":"pt-BR"},{"@type":"Organization","@id":"https:\/\/www.pm.pb.gov.br\/portal\/#organization","name":"Pol\u00edcia Militar da Para\u00edba","url":"https:\/\/www.pm.pb.gov.br\/portal\/","logo":{"@type":"ImageObject","inLanguage":"pt-BR","@id":"https:\/\/www.pm.pb.gov.br\/portal\/#\/schema\/logo\/image\/","url":"https:\/\/www.pm.pb.gov.br\/portal\/wp-content\/uploads\/2025\/03\/cropped-logo-site-mag2-1.png","contentUrl":"https:\/\/www.pm.pb.gov.br\/portal\/wp-content\/uploads\/2025\/03\/cropped-logo-site-mag2-1.png","width":320,"height":90,"caption":"Pol\u00edcia Militar da Para\u00edba"},"image":{"@id":"https:\/\/www.pm.pb.gov.br\/portal\/#\/schema\/logo\/image\/"}}]}},"_links":{"self":[{"href":"https:\/\/www.pm.pb.gov.br\/portal\/wp-json\/wp\/v2\/pages\/914896"}],"collection":[{"href":"https:\/\/www.pm.pb.gov.br\/portal\/wp-json\/wp\/v2\/pages"}],"about":[{"href":"https:\/\/www.pm.pb.gov.br\/portal\/wp-json\/wp\/v2\/types\/page"}],"author":[{"embeddable":true,"href":"https:\/\/www.pm.pb.gov.br\/portal\/wp-json\/wp\/v2\/users\/11"}],"replies":[{"embeddable":true,"href":"https:\/\/www.pm.pb.gov.br\/portal\/wp-json\/wp\/v2\/comments?post=914896"}],"version-history":[{"count":6,"href":"https:\/\/www.pm.pb.gov.br\/portal\/wp-json\/wp\/v2\/pages\/914896\/revisions"}],"predecessor-version":[{"id":916968,"href":"https:\/\/www.pm.pb.gov.br\/portal\/wp-json\/wp\/v2\/pages\/914896\/revisions\/916968"}],"up":[{"embeddable":true,"href":"https:\/\/www.pm.pb.gov.br\/portal\/wp-json\/wp\/v2\/pages\/894816"}],"wp:attachment":[{"href":"https:\/\/www.pm.pb.gov.br\/portal\/wp-json\/wp\/v2\/media?parent=914896"}],"curies":[{"name":"wp","href":"https:\/\/api.w.org\/{rel}","templated":true}]}}