{"id":914123,"date":"2022-04-19T12:38:39","date_gmt":"2022-04-19T15:38:39","guid":{"rendered":"https:\/\/www.pm.pb.gov.br\/portal\/?page_id=914123"},"modified":"2022-12-28T11:23:06","modified_gmt":"2022-12-28T14:23:06","slug":"ouvidoria-quem-somos","status":"publish","type":"page","link":"https:\/\/www.pm.pb.gov.br\/portal\/ouvidoria-quem-somos\/","title":{"rendered":"Ouvidoria &#8211; Quem somos"},"content":{"rendered":"<div id=\"pl-914123\"  class=\"panel-layout\" ><div id=\"pg-914123-0\"  class=\"panel-grid panel-no-style\" ><div id=\"pgc-914123-0-0\"  class=\"panel-grid-cell\" ><div id=\"panel-914123-0-0-0\" class=\"so-panel widget widget_sow-editor panel-first-child panel-last-child\" data-index=\"0\" ><div\n\t\t\t\n\t\t\tclass=\"so-widget-sow-editor so-widget-sow-editor-base\"\n\t\t\t\n\t\t>\n<div class=\"siteorigin-widget-tinymce textwidget\">\n\t<p style=\"text-align: justify;\"><strong><span style=\"font-size: 14pt;\"><span class=\"fontstyle2\">Ol\u00e1, somos a <\/span><span class=\"fontstyle0\">Ouvidoria <\/span><span class=\"fontstyle2\">da PMPB. <\/span><span class=\"fontstyle0\">Seja bem-vindo (a)!<\/span><\/span><\/strong><\/p>\n<p><span class=\"fontstyle2\">Aqui<\/span><span class=\"fontstyle0\">, voc\u00ea <\/span><span class=\"fontstyle2\">\u00e9 a <\/span><span class=\"fontstyle0\">pessoa <\/span><span class=\"fontstyle2\">mais <\/span><span class=\"fontstyle0\">importante <\/span><span class=\"fontstyle2\">Por isto, a <\/span><span class=\"fontstyle0\">nossa maior alegria <\/span><span class=\"fontstyle2\">\u00e9 a sua <\/span><span class=\"fontstyle0\">satisfa\u00e7\u00e3o<\/span><span class=\"fontstyle2\">.<\/span><\/p>\n<p>Deste modo, <span class=\"fontstyle0\">humaniza\u00e7\u00e3o, \u00e9tica, moral, efici\u00eancia e comprometimento <\/span><span class=\"fontstyle2\">s\u00e3o adjetivos que utilizamos para atend\u00ea-lo da melhor forma poss\u00edvel.<\/span><\/p>\n<p>Para <span class=\"fontstyle0\">Sugest\u00f5es, Solicita\u00e7\u00f5es, Reclama\u00e7\u00f5es, Elogios ou Den\u00fancias <\/span><span class=\"fontstyle2\">de <\/span><span class=\"fontstyle0\">policiais <\/span><span class=\"fontstyle2\">ou de <\/span><span class=\"fontstyle0\">presta\u00e7\u00e3o de servi\u00e7o<\/span><span class=\"fontstyle2\">, basta entrar em contato com a Ouvidoria da PMPB:<\/span><\/p>\n<p><span class=\"fontstyle0\">- <strong>Pessoalmente: <\/strong><\/span><span class=\"fontstyle2\">De segunda a Sexta-feira das 8 \u00e0s 17h, no anexo da Policl\u00ednca da PMPB<br \/>\n<\/span><span class=\"fontstyle2\">- <strong>Por <\/strong><\/span><strong><span class=\"fontstyle0\">correspond\u00eancia: <\/span><\/strong><span class=\"fontstyle2\">Rua da Areia, 297, Varadouro, Jo\u00e3o Pessoa\/PB, CEP: 58.010-640<br \/>\n- <\/span><strong><span class=\"fontstyle0\">Email<\/span><\/strong><span class=\"fontstyle2\"><strong>:<\/strong> ouvidoria@pm.pb.gov.br<br \/>\n<\/span><span class=\"fontstyle2\">- <strong>Pela <\/strong><\/span><span class=\"fontstyle0\"><strong>internet:<\/strong> Basta registra sua<\/span><span class=\"fontstyle2\"> demanda, na op\u00e7\u00e3o <\/span><span class=\"fontstyle0\"><strong>OUVIDORIA GERAL<\/strong> no site<\/span><span class=\"fontstyle2\">\u00a0da PMPB<\/span><span class=\"fontstyle2\"><br \/>\n<\/span><span class=\"fontstyle2\">- <\/span><strong><span class=\"fontstyle0\">Telefone<\/span><\/strong><span class=\"fontstyle2\"><strong>:<\/strong> (83) 3221-1122<\/span><\/p>\n<p><span class=\"fontstyle0\"><strong><span style=\"font-size: 14pt;\">Nossa EQUIPE, Sempre pronta para ouvir voc\u00ea:<\/span><\/strong><br \/>\n<\/span><\/p>\n<table class=\"NormalTable\" width=\"100%\">\n<tbody>\n<tr>\n<td><strong><span class=\"fontstyle0\">Ouvidora <\/span><span class=\"fontstyle2\">Geral da PMPB:\u00a0<\/span><span class=\"fontstyle2\"><br \/>\n<\/span><span class=\"fontstyle0\">\u00a0<\/span><\/strong><\/td>\n<td><span class=\"fontstyle0\"><span class=\"fontstyle2\"><b>L\u00edvio <\/b>S\u00e9rgio Delgado de Carvalho - <\/span>Coronel <\/span><span class=\"fontstyle2\">QOC<br \/>\n<\/span><\/td>\n<\/tr>\n<tr>\n<td><strong><span class=\"fontstyle0\">Assessoria administrativa:<\/span><\/strong><\/td>\n<td><span class=\"fontstyle0\"><strong>Camilo<\/strong> Felix Correia <span class=\"fontstyle2\">- 2\u00ba Tenente QPM<br \/>\n<strong>Jonh<\/strong> Willams Jaruzo Nascimento - SubTenente QPC-GMR<br \/>\n<\/span><\/span><\/td>\n<\/tr>\n<\/tbody>\n<\/table>\n<p><strong><span style=\"font-size: 14pt;\">Hist\u00f3rico de Ouvidores da PMPB:<\/span><\/strong><\/p>\n<ul>\n<li>Cel <strong>L\u00edvio<\/strong> <span class=\"fontstyle0\"><span class=\"fontstyle2\">S\u00e9rgio Delgado de Carvalho - de 25\/07\/2022 at\u00e9 a data atual<\/span><\/span><\/li>\n<li>Ten Cel <strong>Valtania<\/strong> Ferreira da Silva - de 04\/06\/2018 a <span class=\"fontstyle0\"><span class=\"fontstyle2\">25\/07\/2022<\/span><\/span><\/li>\n<li>Cel <strong>Jarlon<\/strong> Cabral Fagundes - de 17\/01\/2018 a 04\/06\/2018<\/li>\n<li>Ten Cel <strong>Roberto Costa<\/strong> Rodrigues \u2013 de 18\/07\/2017 a 18\/01\/2018<\/li>\n<li>Ten Cel Waldomiro da <strong>Costa<\/strong> Guedes Filho - de 25\/04\/2017 a 18\/07\/2017<\/li>\n<li>Ten Cel <strong>Roberto Costa<\/strong> Rodrigues - de 12\/07\/2016 a 25\/04\/2017<\/li>\n<li>Cel <strong>Christiane<\/strong> Wildt Cavalcanti Viana - de 07\/05\/2015 a 12\/07\/2016<\/li>\n<li>Cel <strong>Ant\u00f4nio Carlos<\/strong> - de 29\/08\/2012 a 07\/05\/2015<\/li>\n<li>Cel <strong>Euller<\/strong> de Assis Chaves - de 03\/03\/2010 a 03\/01\/2011<\/li>\n<\/ul>\n<\/div>\n<\/div><\/div><\/div><\/div><\/div>","protected":false},"excerpt":{"rendered":"<p>Ol\u00e1, somos a Ouvidoria da PMPB. Seja bem-vindo (a)! Aqui, voc\u00ea \u00e9 a pessoa mais importante Por isto, a nossa<\/p>\n","protected":false},"author":1,"featured_media":0,"parent":0,"menu_order":0,"comment_status":"closed","ping_status":"closed","template":"","meta":{"_exactmetrics_skip_tracking":false,"_exactmetrics_sitenote_active":false,"_exactmetrics_sitenote_note":"","_exactmetrics_sitenote_category":0,"footnotes":""},"yoast_head":"<!-- This site is optimized with the Yoast SEO plugin v22.0 - https:\/\/yoast.com\/wordpress\/plugins\/seo\/ -->\n<title>Ouvidoria - Quem somos - Pol\u00edcia Militar da Para\u00edba<\/title>\n<meta name=\"robots\" content=\"index, follow, max-snippet:-1, max-image-preview:large, max-video-preview:-1\" \/>\n<link rel=\"canonical\" href=\"https:\/\/www.pm.pb.gov.br\/portal\/ouvidoria-quem-somos\/\" \/>\n<meta property=\"og:locale\" content=\"pt_BR\" \/>\n<meta property=\"og:type\" content=\"article\" \/>\n<meta property=\"og:title\" content=\"Ouvidoria - Quem somos - Pol\u00edcia Militar da Para\u00edba\" \/>\n<meta property=\"og:description\" content=\"Ol\u00e1, somos a Ouvidoria da PMPB. Seja bem-vindo (a)! Aqui, voc\u00ea \u00e9 a pessoa mais importante Por isto, a nossa\" \/>\n<meta property=\"og:url\" content=\"https:\/\/www.pm.pb.gov.br\/portal\/ouvidoria-quem-somos\/\" \/>\n<meta property=\"og:site_name\" content=\"Pol\u00edcia Militar da Para\u00edba\" \/>\n<meta property=\"article:modified_time\" content=\"2022-12-28T14:23:06+00:00\" \/>\n<meta property=\"og:image\" content=\"https:\/\/www.pm.pb.gov.br\/portal\/wp-content\/uploads\/2016\/04\/foto_brasao-1.jpg\" \/>\n\t<meta property=\"og:image:width\" content=\"620\" \/>\n\t<meta property=\"og:image:height\" content=\"411\" \/>\n\t<meta property=\"og:image:type\" content=\"image\/jpeg\" \/>\n<meta name=\"twitter:card\" content=\"summary_large_image\" \/>\n<meta name=\"twitter:label1\" content=\"Est. tempo de leitura\" \/>\n\t<meta name=\"twitter:data1\" content=\"2 minutos\" \/>\n<script type=\"application\/ld+json\" class=\"yoast-schema-graph\">{\"@context\":\"https:\/\/schema.org\",\"@graph\":[{\"@type\":\"WebPage\",\"@id\":\"https:\/\/www.pm.pb.gov.br\/portal\/ouvidoria-quem-somos\/\",\"url\":\"https:\/\/www.pm.pb.gov.br\/portal\/ouvidoria-quem-somos\/\",\"name\":\"Ouvidoria - Quem somos - Pol\u00edcia Militar da Para\u00edba\",\"isPartOf\":{\"@id\":\"https:\/\/www.pm.pb.gov.br\/portal\/#website\"},\"datePublished\":\"2022-04-19T15:38:39+00:00\",\"dateModified\":\"2022-12-28T14:23:06+00:00\",\"breadcrumb\":{\"@id\":\"https:\/\/www.pm.pb.gov.br\/portal\/ouvidoria-quem-somos\/#breadcrumb\"},\"inLanguage\":\"pt-BR\",\"potentialAction\":[{\"@type\":\"ReadAction\",\"target\":[\"https:\/\/www.pm.pb.gov.br\/portal\/ouvidoria-quem-somos\/\"]}]},{\"@type\":\"BreadcrumbList\",\"@id\":\"https:\/\/www.pm.pb.gov.br\/portal\/ouvidoria-quem-somos\/#breadcrumb\",\"itemListElement\":[{\"@type\":\"ListItem\",\"position\":1,\"name\":\"In\u00edcio\",\"item\":\"https:\/\/www.pm.pb.gov.br\/portal\/\"},{\"@type\":\"ListItem\",\"position\":2,\"name\":\"Ouvidoria &#8211; Quem somos\"}]},{\"@type\":\"WebSite\",\"@id\":\"https:\/\/www.pm.pb.gov.br\/portal\/#website\",\"url\":\"https:\/\/www.pm.pb.gov.br\/portal\/\",\"name\":\"Pol\u00edcia Militar da Para\u00edba\",\"description\":\"\",\"publisher\":{\"@id\":\"https:\/\/www.pm.pb.gov.br\/portal\/#organization\"},\"potentialAction\":[{\"@type\":\"SearchAction\",\"target\":{\"@type\":\"EntryPoint\",\"urlTemplate\":\"https:\/\/www.pm.pb.gov.br\/portal\/?s={search_term_string}\"},\"query-input\":\"required name=search_term_string\"}],\"inLanguage\":\"pt-BR\"},{\"@type\":\"Organization\",\"@id\":\"https:\/\/www.pm.pb.gov.br\/portal\/#organization\",\"name\":\"Pol\u00edcia Militar da Para\u00edba\",\"url\":\"https:\/\/www.pm.pb.gov.br\/portal\/\",\"logo\":{\"@type\":\"ImageObject\",\"inLanguage\":\"pt-BR\",\"@id\":\"https:\/\/www.pm.pb.gov.br\/portal\/#\/schema\/logo\/image\/\",\"url\":\"https:\/\/www.pm.pb.gov.br\/portal\/wp-content\/uploads\/2025\/03\/cropped-logo-site-mag2-1.png\",\"contentUrl\":\"https:\/\/www.pm.pb.gov.br\/portal\/wp-content\/uploads\/2025\/03\/cropped-logo-site-mag2-1.png\",\"width\":320,\"height\":90,\"caption\":\"Pol\u00edcia Militar da Para\u00edba\"},\"image\":{\"@id\":\"https:\/\/www.pm.pb.gov.br\/portal\/#\/schema\/logo\/image\/\"}}]}<\/script>\n<!-- \/ Yoast SEO plugin. -->","yoast_head_json":{"title":"Ouvidoria - Quem somos - Pol\u00edcia Militar da Para\u00edba","robots":{"index":"index","follow":"follow","max-snippet":"max-snippet:-1","max-image-preview":"max-image-preview:large","max-video-preview":"max-video-preview:-1"},"canonical":"https:\/\/www.pm.pb.gov.br\/portal\/ouvidoria-quem-somos\/","og_locale":"pt_BR","og_type":"article","og_title":"Ouvidoria - Quem somos - Pol\u00edcia Militar da Para\u00edba","og_description":"Ol\u00e1, somos a Ouvidoria da PMPB. Seja bem-vindo (a)! Aqui, voc\u00ea \u00e9 a pessoa mais importante Por isto, a nossa","og_url":"https:\/\/www.pm.pb.gov.br\/portal\/ouvidoria-quem-somos\/","og_site_name":"Pol\u00edcia Militar da Para\u00edba","article_modified_time":"2022-12-28T14:23:06+00:00","og_image":[{"width":620,"height":411,"url":"https:\/\/www.pm.pb.gov.br\/portal\/wp-content\/uploads\/2016\/04\/foto_brasao-1.jpg","type":"image\/jpeg"}],"twitter_card":"summary_large_image","twitter_misc":{"Est. tempo de leitura":"2 minutos"},"schema":{"@context":"https:\/\/schema.org","@graph":[{"@type":"WebPage","@id":"https:\/\/www.pm.pb.gov.br\/portal\/ouvidoria-quem-somos\/","url":"https:\/\/www.pm.pb.gov.br\/portal\/ouvidoria-quem-somos\/","name":"Ouvidoria - Quem somos - Pol\u00edcia Militar da Para\u00edba","isPartOf":{"@id":"https:\/\/www.pm.pb.gov.br\/portal\/#website"},"datePublished":"2022-04-19T15:38:39+00:00","dateModified":"2022-12-28T14:23:06+00:00","breadcrumb":{"@id":"https:\/\/www.pm.pb.gov.br\/portal\/ouvidoria-quem-somos\/#breadcrumb"},"inLanguage":"pt-BR","potentialAction":[{"@type":"ReadAction","target":["https:\/\/www.pm.pb.gov.br\/portal\/ouvidoria-quem-somos\/"]}]},{"@type":"BreadcrumbList","@id":"https:\/\/www.pm.pb.gov.br\/portal\/ouvidoria-quem-somos\/#breadcrumb","itemListElement":[{"@type":"ListItem","position":1,"name":"In\u00edcio","item":"https:\/\/www.pm.pb.gov.br\/portal\/"},{"@type":"ListItem","position":2,"name":"Ouvidoria &#8211; Quem somos"}]},{"@type":"WebSite","@id":"https:\/\/www.pm.pb.gov.br\/portal\/#website","url":"https:\/\/www.pm.pb.gov.br\/portal\/","name":"Pol\u00edcia Militar da Para\u00edba","description":"","publisher":{"@id":"https:\/\/www.pm.pb.gov.br\/portal\/#organization"},"potentialAction":[{"@type":"SearchAction","target":{"@type":"EntryPoint","urlTemplate":"https:\/\/www.pm.pb.gov.br\/portal\/?s={search_term_string}"},"query-input":"required name=search_term_string"}],"inLanguage":"pt-BR"},{"@type":"Organization","@id":"https:\/\/www.pm.pb.gov.br\/portal\/#organization","name":"Pol\u00edcia Militar da Para\u00edba","url":"https:\/\/www.pm.pb.gov.br\/portal\/","logo":{"@type":"ImageObject","inLanguage":"pt-BR","@id":"https:\/\/www.pm.pb.gov.br\/portal\/#\/schema\/logo\/image\/","url":"https:\/\/www.pm.pb.gov.br\/portal\/wp-content\/uploads\/2025\/03\/cropped-logo-site-mag2-1.png","contentUrl":"https:\/\/www.pm.pb.gov.br\/portal\/wp-content\/uploads\/2025\/03\/cropped-logo-site-mag2-1.png","width":320,"height":90,"caption":"Pol\u00edcia Militar da Para\u00edba"},"image":{"@id":"https:\/\/www.pm.pb.gov.br\/portal\/#\/schema\/logo\/image\/"}}]}},"_links":{"self":[{"href":"https:\/\/www.pm.pb.gov.br\/portal\/wp-json\/wp\/v2\/pages\/914123"}],"collection":[{"href":"https:\/\/www.pm.pb.gov.br\/portal\/wp-json\/wp\/v2\/pages"}],"about":[{"href":"https:\/\/www.pm.pb.gov.br\/portal\/wp-json\/wp\/v2\/types\/page"}],"author":[{"embeddable":true,"href":"https:\/\/www.pm.pb.gov.br\/portal\/wp-json\/wp\/v2\/users\/1"}],"replies":[{"embeddable":true,"href":"https:\/\/www.pm.pb.gov.br\/portal\/wp-json\/wp\/v2\/comments?post=914123"}],"version-history":[{"count":13,"href":"https:\/\/www.pm.pb.gov.br\/portal\/wp-json\/wp\/v2\/pages\/914123\/revisions"}],"predecessor-version":[{"id":915328,"href":"https:\/\/www.pm.pb.gov.br\/portal\/wp-json\/wp\/v2\/pages\/914123\/revisions\/915328"}],"wp:attachment":[{"href":"https:\/\/www.pm.pb.gov.br\/portal\/wp-json\/wp\/v2\/media?parent=914123"}],"curies":[{"name":"wp","href":"https:\/\/api.w.org\/{rel}","templated":true}]}}