{"id":913942,"date":"2022-04-07T11:44:09","date_gmt":"2022-04-07T14:44:09","guid":{"rendered":"https:\/\/www.pm.pb.gov.br\/portal\/?page_id=913942"},"modified":"2026-04-07T21:02:22","modified_gmt":"2026-04-08T00:02:22","slug":"comandante-geral-2","status":"publish","type":"page","link":"https:\/\/www.pm.pb.gov.br\/portal\/institucional\/comandante-geral-2\/","title":{"rendered":"Comandante-Geral"},"content":{"rendered":"\n<div class=\"post-media-wrap\"><img loading=\"lazy\" decoding=\"async\" class=\"alignnone wp-image-930590 size-medium\" src=\"http:\/\/www.pm.pb.gov.br\/portal\/wp-content\/uploads\/2026\/04\/WhatsApp-Image-2026-04-03-at-11.03.17-329x445.jpeg\" alt=\"\" width=\"329\" height=\"445\" srcset=\"https:\/\/www.pm.pb.gov.br\/portal\/wp-content\/uploads\/2026\/04\/WhatsApp-Image-2026-04-03-at-11.03.17-329x445.jpeg 329w, https:\/\/www.pm.pb.gov.br\/portal\/wp-content\/uploads\/2026\/04\/WhatsApp-Image-2026-04-03-at-11.03.17-421x570.jpeg 421w, https:\/\/www.pm.pb.gov.br\/portal\/wp-content\/uploads\/2026\/04\/WhatsApp-Image-2026-04-03-at-11.03.17.jpeg 720w\" sizes=\"(max-width: 329px) 100vw, 329px\" \/><\/div>\n<div>\u00a0<\/div>\n<div class=\"title\">\n<h3 class=\"h-light\"><span style=\"color: #000000;\">Coronel Jos\u00e9 Ronildo Souza da Silva<\/span><\/h3>\n<\/div>\n<div>\n<div>\n<ul>\n<li>Nasceu em Cajazeiras-PB em 17 de setembro de 1971;<\/li>\n<li>Filho de Francisco Jos\u00e9 da Silva e Rosalice Sousa da Silva;<\/li>\n<li>Possui duas filhas: Luanda Maria Sousa da Silva e Bruna Lauanda Sousa da Silva;<\/li>\n<li>Casado com Adriana de Fran\u00e7a Campos.<\/li>\n<\/ul>\n<span style=\"color: #000000;\"><em><strong>Hist\u00f3rico:<\/strong><\/em><\/span><\/div>\n<p>Filho de Agricultores do S\u00edtio Serrote Verde, Zona Rural de Cajazeiras \u2013 PB, trabalhou como agricultor ajudando seus pais na manuten\u00e7\u00e3o da agricultura de subsist\u00eancia da fam\u00edlia e estudava na cidade at\u00e9 os 14 anos de idade.<\/p>\n<p>O primeiro emprego informal foi aos 14 anos como auxiliar de padeiro e logo em seguida foi trabalhar como auxiliar de mec\u00e2nica numa oficina na cidade de Cajazeiras. Aos 17 anos foi aprovado em uma sele\u00e7\u00e3o para trabalhar como porteiro no Col\u00e9gio Nossa Senhora de Lourdes, uma escola tradicional da Igreja Cat\u00f3lica de Cajazeiras, tendo seu primeiro registro na Carteira de Trabalho. Logo em seguida foi promovido a fun\u00e7\u00e3o de mecan\u00f3grafo e logo depois assumiu a fun\u00e7\u00e3o de auxiliar administrativo da secretaria do col\u00e9gio.<\/p>\n<p>Aos completar 18 anos se alistou no servi\u00e7o militar obrigat\u00f3rio de 2a categoria e serviu no Tiro de Guerra no 07\/011 da cidade de Cajazeiras. Ao t\u00e9rmino do servi\u00e7o militar obrigat\u00f3rio fez o concurso p\u00fablico da Pol\u00edcia Militar em 1991 e foi aprovado em 4o lugar geral para o cargo de Soldado PM. Em 1992, j\u00e1 Soldado da PMPB, fez vestibular pela COPERVE para o CFO \u2013 Curso de Forma\u00e7\u00e3o de Oficiais e obteve aprova\u00e7\u00e3o, vindo a fazer o curso na Academia de Pol\u00edcia Militar do Cabo Branco, Jo\u00e3o Pessoa \u2013 PB, sendo conclu\u00eddo em 1994, onde foi declarado Aspirante-a-Oficial PM.<\/p>\n<div><span style=\"color: #000000;\"><em><strong>Condecora\u00e7\u00f5es:<\/strong><\/em><\/span><\/div>\n<ul>\n<li>\n<p>Medalha El\u00edsio Sobreira (Maior Comenda da PMPB);<\/p>\n<\/li>\n<li>\n<p>Medalha Cabo Luiz Gonzaga &#8211; PMRN (Maior Comenda da PMRN);<\/p>\n<\/li>\n<li>\n<p>Medalha Ex\u00e9rcito Brasileiro &#8211; Comando Ex\u00e9rcito Brasileiro;<\/p>\n<\/li>\n<li>\n<p>Medalha Casa Militar da PB\u00a0 &#8211; Cel Fernando Antonio Soares Chaves;<\/p>\n<\/li>\n<li>\n<p>Medalha da Ordem do M\u00e9rito Padre Gabriel Malagrida &#8211; Casa Militar do Governador PB;<\/p>\n<\/li>\n<li>\n<p>Medalha Servi\u00e7os Distintos &#8211; PMPB;<\/p>\n<\/li>\n<li>\n<p>Medalha do M\u00e9rito Por Tempo de Servi\u00e7o 10 anos &#8211; PMPB;<\/p>\n<\/li>\n<li>\n<p>Medalha Paulo Freire &#8211; PMPB;<\/p>\n<\/li>\n<li>\n<p>Medalha do M\u00e9rito Paz no Tr\u00e2nsito &#8211; Cabo PM Aurilene Ferreira Brito &#8211; PMPB;<\/p>\n<\/li>\n<li>\n<p>Medalha Epit\u00e1cio Pessoa &#8211; Assembl\u00e9ia Legislativa da Para\u00edba;<\/p>\n<\/li>\n<li>\n<p>L\u00e1urea Colaborador do Ex\u00e9rcito Brasileiro &#8211; Ex\u00e9rcito Brasileiro;<\/p>\n<\/li>\n<li>\n<p>L\u00e1urea do M\u00e9rito Militar Padre Galdino &#8211; PMPB;<\/p>\n<\/li>\n<li>\n<p>L\u00e1urea do M\u00e9rito Educacional Jeov\u00e1 Mesquita &#8211; PMPB;<\/p>\n<\/li>\n<li>\n<p>L\u00e1urea do M\u00e9rito da Sa\u00fade &#8211; PMPB;<\/p>\n<\/li>\n<li>\n<p>L\u00e1urea do M\u00e9rito Administrativo Grau 4 &#8211; PMPB;<\/p>\n<\/li>\n<li>\n<p>L\u00e1urea do M\u00e9rito das Opera\u00e7\u00f5es Especiais &#8211; PMPB;<\/p>\n<\/li>\n<li>\n<p><span style=\"font-size: revert; color: initial;\">T\u00edtulo de Cidad\u00e3o de Jo\u00e3o Pessoa-PB;<\/span><\/p>\n<\/li>\n<li>\n<p>T\u00edtulo de Cidad\u00e3o de Sousa-PB;<\/p>\n<\/li>\n<li>\n<p>T\u00edtulo de Cidad\u00e3o de Bom Jesus-PB;<\/p>\n<\/li>\n<li>\n<p>T\u00edtulo de Cidad\u00e3o de Cachoeira dos \u00cdndios-PB;<\/p>\n<\/li>\n<li>\n<p>T\u00edtulo de Cidad\u00e3o S\u00e3o Jo\u00e3o do Rio do Peixe-PB;<\/p>\n<\/li>\n<li>\n<p>T\u00edtulo de Cidad\u00e3o de Bernardino Batista-PB; e<\/p>\n<\/li>\n<li>\n<p>T\u00edtulo de Cidad\u00e3o Benem\u00e1rito de Cajazeiras-PB.<\/p>\n<\/li>\n<\/ul>\n<p><span style=\"color: #000000;\"><strong><em>Curso Superior:<\/em><\/strong><\/span><\/p>\n<ul>\n<li>\n<p>Bacharel em Direito pela UFPB, Campos Sousa-PB, 1998;<\/p>\n<\/li>\n<li>\n<p>Bacharel em Seguran\u00e7a P\u00fablica pela Academia de Pol\u00edcia Militar do Cabo Branco, Jo\u00e3o Pessoa-PB, 1994; e<\/p>\n<\/li>\n<li>\n<p>Bacharel em Administra\u00e7\u00e3o P\u00fablica pela UEPB, 2016.<\/p>\n<\/li>\n<\/ul>\n<\/div>\n<div><span style=\"color: #000000;\"><em><strong>Cursos e Especializa\u00e7\u00f5es:<\/strong><\/em><\/span><\/div>\n<ul>\n<li>\n<p>Curso Preparat\u00f3rio ao Ingresso nas Carreiras Jur\u00eddicas &#8211; Funda\u00e7\u00e3o Escola Superior do Minist\u00e9rio P\u00fablico da Para\u00edba &#8211; 2003;<\/p>\n<\/li>\n<li>\n<p>Especialista em Seguran\u00e7a P\u00fablica (CESP), Academia de Pol\u00edcia Militar do Cabo Branco, 2004;<\/p>\n<\/li>\n<li>\n<p>Especializa\u00e7\u00e3o em Direito Processual Civil e Trabalhista &#8211; Pela Universidade Potiguar do Rio Grande do Norte, 2008;<\/p>\n<\/li>\n<li>\n<p>Curso Operacional em Defesa Civil, Pelo Minist\u00e9rio da Integra\u00e7\u00e3o, 2008;<\/p>\n<\/li>\n<li>\n<p>Especializa\u00e7\u00e3o em Gest\u00e3o P\u00fablica &#8211; Instituto Ilha do Aprender &#8211; Governo da Para\u00edba, 2016;<\/p>\n<\/li>\n<li>\n<p>Mestrado em Desenvolvimento e Meio Ambiente (PRODEMA) UFPB, 2019;<\/p>\n<\/li>\n<li>\n<p>Curso de Comando e Estado Maior Gest\u00e3o em Seguran\u00e7a P\u00fablica (PMPB), 2024.<\/p>\n<\/li>\n<\/ul>\n<p><span style=\"color: #000000;\"><em><strong>Fun\u00e7\u00f5es Exercidas:<br \/><\/strong><\/em><\/span><\/p>\n<ul>\n<li>Subcomandante da 2\u00aa Cia\/6\u00ba BPM \u2013 1995 a 2000;<\/li>\n<li>Comandante 2\u00aa Cia\/6\u00ba BPM \u2013 2000 a 2003 e 2005;<\/li>\n<li>Comandante da 1\u00aa Cia\/6\u00ba BPM &#8211; 2003;<\/li>\n<li>Comandante da 3\u00aa Cia\/6\u00ba BPM &#8211; 2008;<\/li>\n<li>Assessor Militar da Procuradoria Geral de Justi\u00e7a do Minist\u00e9rio P\u00fablico da PB &#8211; 2008 a 2010;<\/li>\n<li>Comandante do 6\u00ba BPM &#8211; 2011;<\/li>\n<li>Comandante do Comando de Policiamento Regional II \u2013 2013;<\/li>\n<li>Corregedor Geral da PMPB &#8211; 2014;<\/li>\n<li>Diretor do Centro de Educa\u00e7\u00e3o da PMPB &#8211; 2016;<\/li>\n<li>Subcomandante Geral da PMPB \u2013 2022 a 2026; e<\/li>\n<li>Comandante Geral da PMPB \u2013 2026.<\/li>\n<\/ul>\n<p><span style=\"color: #000000;\"><em><strong>\u00a0<\/strong><\/em><\/span><\/p>\n","protected":false},"excerpt":{"rendered":"<p>\u00a0 Coronel Jos\u00e9 Ronildo Souza da Silva Nasceu em Cajazeiras-PB em 17 de setembro de 1971; Filho de Francisco Jos\u00e9<\/p>\n","protected":false},"author":11,"featured_media":0,"parent":361,"menu_order":0,"comment_status":"closed","ping_status":"closed","template":"","meta":{"_exactmetrics_skip_tracking":false,"_exactmetrics_sitenote_active":false,"_exactmetrics_sitenote_note":"","_exactmetrics_sitenote_category":0,"footnotes":""},"yoast_head":"<!-- This site is optimized with the Yoast SEO plugin v22.0 - https:\/\/yoast.com\/wordpress\/plugins\/seo\/ -->\n<title>Comandante-Geral - Pol\u00edcia Militar da Para\u00edba<\/title>\n<meta name=\"robots\" content=\"index, follow, max-snippet:-1, max-image-preview:large, max-video-preview:-1\" \/>\n<link rel=\"canonical\" href=\"https:\/\/www.pm.pb.gov.br\/portal\/institucional\/comandante-geral-2\/\" \/>\n<meta property=\"og:locale\" content=\"pt_BR\" \/>\n<meta property=\"og:type\" content=\"article\" \/>\n<meta property=\"og:title\" content=\"Comandante-Geral - Pol\u00edcia Militar da Para\u00edba\" \/>\n<meta property=\"og:description\" content=\"\u00a0 Coronel Jos\u00e9 Ronildo Souza da Silva Nasceu em Cajazeiras-PB em 17 de setembro de 1971; Filho de Francisco Jos\u00e9\" \/>\n<meta property=\"og:url\" content=\"https:\/\/www.pm.pb.gov.br\/portal\/institucional\/comandante-geral-2\/\" \/>\n<meta property=\"og:site_name\" content=\"Pol\u00edcia Militar da Para\u00edba\" \/>\n<meta property=\"article:modified_time\" content=\"2026-04-08T00:02:22+00:00\" \/>\n<meta property=\"og:image\" content=\"http:\/\/www.pm.pb.gov.br\/portal\/wp-content\/uploads\/2026\/04\/WhatsApp-Image-2026-04-03-at-11.03.17-329x445.jpeg\" \/>\n<meta name=\"twitter:card\" content=\"summary_large_image\" \/>\n<meta name=\"twitter:label1\" content=\"Est. tempo de leitura\" \/>\n\t<meta name=\"twitter:data1\" content=\"4 minutos\" \/>\n<script type=\"application\/ld+json\" class=\"yoast-schema-graph\">{\"@context\":\"https:\/\/schema.org\",\"@graph\":[{\"@type\":\"WebPage\",\"@id\":\"https:\/\/www.pm.pb.gov.br\/portal\/institucional\/comandante-geral-2\/\",\"url\":\"https:\/\/www.pm.pb.gov.br\/portal\/institucional\/comandante-geral-2\/\",\"name\":\"Comandante-Geral - Pol\u00edcia Militar da Para\u00edba\",\"isPartOf\":{\"@id\":\"https:\/\/www.pm.pb.gov.br\/portal\/#website\"},\"datePublished\":\"2022-04-07T14:44:09+00:00\",\"dateModified\":\"2026-04-08T00:02:22+00:00\",\"breadcrumb\":{\"@id\":\"https:\/\/www.pm.pb.gov.br\/portal\/institucional\/comandante-geral-2\/#breadcrumb\"},\"inLanguage\":\"pt-BR\",\"potentialAction\":[{\"@type\":\"ReadAction\",\"target\":[\"https:\/\/www.pm.pb.gov.br\/portal\/institucional\/comandante-geral-2\/\"]}]},{\"@type\":\"BreadcrumbList\",\"@id\":\"https:\/\/www.pm.pb.gov.br\/portal\/institucional\/comandante-geral-2\/#breadcrumb\",\"itemListElement\":[{\"@type\":\"ListItem\",\"position\":1,\"name\":\"In\u00edcio\",\"item\":\"https:\/\/www.pm.pb.gov.br\/portal\/\"},{\"@type\":\"ListItem\",\"position\":2,\"name\":\"Institucional\",\"item\":\"https:\/\/www.pm.pb.gov.br\/portal\/institucional\/\"},{\"@type\":\"ListItem\",\"position\":3,\"name\":\"Comandante-Geral\"}]},{\"@type\":\"WebSite\",\"@id\":\"https:\/\/www.pm.pb.gov.br\/portal\/#website\",\"url\":\"https:\/\/www.pm.pb.gov.br\/portal\/\",\"name\":\"Pol\u00edcia Militar da Para\u00edba\",\"description\":\"\",\"publisher\":{\"@id\":\"https:\/\/www.pm.pb.gov.br\/portal\/#organization\"},\"potentialAction\":[{\"@type\":\"SearchAction\",\"target\":{\"@type\":\"EntryPoint\",\"urlTemplate\":\"https:\/\/www.pm.pb.gov.br\/portal\/?s={search_term_string}\"},\"query-input\":\"required name=search_term_string\"}],\"inLanguage\":\"pt-BR\"},{\"@type\":\"Organization\",\"@id\":\"https:\/\/www.pm.pb.gov.br\/portal\/#organization\",\"name\":\"Pol\u00edcia Militar da Para\u00edba\",\"url\":\"https:\/\/www.pm.pb.gov.br\/portal\/\",\"logo\":{\"@type\":\"ImageObject\",\"inLanguage\":\"pt-BR\",\"@id\":\"https:\/\/www.pm.pb.gov.br\/portal\/#\/schema\/logo\/image\/\",\"url\":\"https:\/\/www.pm.pb.gov.br\/portal\/wp-content\/uploads\/2025\/03\/cropped-logo-site-mag2-1.png\",\"contentUrl\":\"https:\/\/www.pm.pb.gov.br\/portal\/wp-content\/uploads\/2025\/03\/cropped-logo-site-mag2-1.png\",\"width\":320,\"height\":90,\"caption\":\"Pol\u00edcia Militar da Para\u00edba\"},\"image\":{\"@id\":\"https:\/\/www.pm.pb.gov.br\/portal\/#\/schema\/logo\/image\/\"}}]}<\/script>\n<!-- \/ Yoast SEO plugin. -->","yoast_head_json":{"title":"Comandante-Geral - Pol\u00edcia Militar da Para\u00edba","robots":{"index":"index","follow":"follow","max-snippet":"max-snippet:-1","max-image-preview":"max-image-preview:large","max-video-preview":"max-video-preview:-1"},"canonical":"https:\/\/www.pm.pb.gov.br\/portal\/institucional\/comandante-geral-2\/","og_locale":"pt_BR","og_type":"article","og_title":"Comandante-Geral - Pol\u00edcia Militar da Para\u00edba","og_description":"\u00a0 Coronel Jos\u00e9 Ronildo Souza da Silva Nasceu em Cajazeiras-PB em 17 de setembro de 1971; Filho de Francisco Jos\u00e9","og_url":"https:\/\/www.pm.pb.gov.br\/portal\/institucional\/comandante-geral-2\/","og_site_name":"Pol\u00edcia Militar da Para\u00edba","article_modified_time":"2026-04-08T00:02:22+00:00","og_image":[{"url":"http:\/\/www.pm.pb.gov.br\/portal\/wp-content\/uploads\/2026\/04\/WhatsApp-Image-2026-04-03-at-11.03.17-329x445.jpeg"}],"twitter_card":"summary_large_image","twitter_misc":{"Est. tempo de leitura":"4 minutos"},"schema":{"@context":"https:\/\/schema.org","@graph":[{"@type":"WebPage","@id":"https:\/\/www.pm.pb.gov.br\/portal\/institucional\/comandante-geral-2\/","url":"https:\/\/www.pm.pb.gov.br\/portal\/institucional\/comandante-geral-2\/","name":"Comandante-Geral - Pol\u00edcia Militar da Para\u00edba","isPartOf":{"@id":"https:\/\/www.pm.pb.gov.br\/portal\/#website"},"datePublished":"2022-04-07T14:44:09+00:00","dateModified":"2026-04-08T00:02:22+00:00","breadcrumb":{"@id":"https:\/\/www.pm.pb.gov.br\/portal\/institucional\/comandante-geral-2\/#breadcrumb"},"inLanguage":"pt-BR","potentialAction":[{"@type":"ReadAction","target":["https:\/\/www.pm.pb.gov.br\/portal\/institucional\/comandante-geral-2\/"]}]},{"@type":"BreadcrumbList","@id":"https:\/\/www.pm.pb.gov.br\/portal\/institucional\/comandante-geral-2\/#breadcrumb","itemListElement":[{"@type":"ListItem","position":1,"name":"In\u00edcio","item":"https:\/\/www.pm.pb.gov.br\/portal\/"},{"@type":"ListItem","position":2,"name":"Institucional","item":"https:\/\/www.pm.pb.gov.br\/portal\/institucional\/"},{"@type":"ListItem","position":3,"name":"Comandante-Geral"}]},{"@type":"WebSite","@id":"https:\/\/www.pm.pb.gov.br\/portal\/#website","url":"https:\/\/www.pm.pb.gov.br\/portal\/","name":"Pol\u00edcia Militar da Para\u00edba","description":"","publisher":{"@id":"https:\/\/www.pm.pb.gov.br\/portal\/#organization"},"potentialAction":[{"@type":"SearchAction","target":{"@type":"EntryPoint","urlTemplate":"https:\/\/www.pm.pb.gov.br\/portal\/?s={search_term_string}"},"query-input":"required name=search_term_string"}],"inLanguage":"pt-BR"},{"@type":"Organization","@id":"https:\/\/www.pm.pb.gov.br\/portal\/#organization","name":"Pol\u00edcia Militar da Para\u00edba","url":"https:\/\/www.pm.pb.gov.br\/portal\/","logo":{"@type":"ImageObject","inLanguage":"pt-BR","@id":"https:\/\/www.pm.pb.gov.br\/portal\/#\/schema\/logo\/image\/","url":"https:\/\/www.pm.pb.gov.br\/portal\/wp-content\/uploads\/2025\/03\/cropped-logo-site-mag2-1.png","contentUrl":"https:\/\/www.pm.pb.gov.br\/portal\/wp-content\/uploads\/2025\/03\/cropped-logo-site-mag2-1.png","width":320,"height":90,"caption":"Pol\u00edcia Militar da Para\u00edba"},"image":{"@id":"https:\/\/www.pm.pb.gov.br\/portal\/#\/schema\/logo\/image\/"}}]}},"_links":{"self":[{"href":"https:\/\/www.pm.pb.gov.br\/portal\/wp-json\/wp\/v2\/pages\/913942"}],"collection":[{"href":"https:\/\/www.pm.pb.gov.br\/portal\/wp-json\/wp\/v2\/pages"}],"about":[{"href":"https:\/\/www.pm.pb.gov.br\/portal\/wp-json\/wp\/v2\/types\/page"}],"author":[{"embeddable":true,"href":"https:\/\/www.pm.pb.gov.br\/portal\/wp-json\/wp\/v2\/users\/11"}],"replies":[{"embeddable":true,"href":"https:\/\/www.pm.pb.gov.br\/portal\/wp-json\/wp\/v2\/comments?post=913942"}],"version-history":[{"count":11,"href":"https:\/\/www.pm.pb.gov.br\/portal\/wp-json\/wp\/v2\/pages\/913942\/revisions"}],"predecessor-version":[{"id":930593,"href":"https:\/\/www.pm.pb.gov.br\/portal\/wp-json\/wp\/v2\/pages\/913942\/revisions\/930593"}],"up":[{"embeddable":true,"href":"https:\/\/www.pm.pb.gov.br\/portal\/wp-json\/wp\/v2\/pages\/361"}],"wp:attachment":[{"href":"https:\/\/www.pm.pb.gov.br\/portal\/wp-json\/wp\/v2\/media?parent=913942"}],"curies":[{"name":"wp","href":"https:\/\/api.w.org\/{rel}","templated":true}]}}