{"id":913790,"date":"2022-03-25T11:57:08","date_gmt":"2022-03-25T14:57:08","guid":{"rendered":"https:\/\/www.pm.pb.gov.br\/portal\/?page_id=913790"},"modified":"2023-06-14T09:41:52","modified_gmt":"2023-06-14T12:41:52","slug":"8a-cipm","status":"publish","type":"page","link":"https:\/\/www.pm.pb.gov.br\/portal\/institucional\/brasoes-pmpb\/8a-cipm\/","title":{"rendered":"Bras\u00f5es &#8211; 8\u00aa CIPM"},"content":{"rendered":"<header class=\"entry-header\">\n<table style=\"height: 369px; width: 100%; border-collapse: collapse; border-style: none;\">\n<tbody>\n<tr style=\"height: 424px;\">\n<td style=\"width: 34.1667%; border-style: none; vertical-align: top; height: 369px;\">\n<h2><img loading=\"lazy\" decoding=\"async\" class=\"alignnone  wp-image-916821\" src=\"http:\/\/www.pm.pb.gov.br\/portal\/wp-content\/uploads\/2023\/06\/8CIPM-319x445.png\" alt=\"\" width=\"231\" height=\"322\" srcset=\"https:\/\/www.pm.pb.gov.br\/portal\/wp-content\/uploads\/2023\/06\/8CIPM-319x445.png 319w, https:\/\/www.pm.pb.gov.br\/portal\/wp-content\/uploads\/2023\/06\/8CIPM-409x570.png 409w, https:\/\/www.pm.pb.gov.br\/portal\/wp-content\/uploads\/2023\/06\/8CIPM-768x1071.png 768w, https:\/\/www.pm.pb.gov.br\/portal\/wp-content\/uploads\/2023\/06\/8CIPM.png 1064w\" sizes=\"(max-width: 231px) 100vw, 231px\" \/><\/h2>\n<\/td>\n<td style=\"width: 65.8333%; height: 369px; border-style: none; vertical-align: top;\">\n<h2>8\u00aa COMPANHIA INDEPENDENTE DE POL\u00cdCIA MILITAR (8\u00aa CIPM)<\/h2>\n<h5>Autoria do Bras\u00e3o:<\/h5>\n<p>Asp QPC DANIEL SU\u00caNIO DE ALMEIDA DINIZ e<br \/>\nCb QPC PAULO ROBERTO DE LIMA SALES.<\/p>\n<h5>Apoio t\u00e9cnico:<\/h5>\n<p>1\u00ba Sgt QPC HERMERSON PEDRO SOARES DE OLIVEIRA.<\/td>\n<\/tr>\n<\/tbody>\n<\/table>\n<\/header>\n<div class=\"entry-content clearfix\">\n<h5>Bras\u00e3o<\/h5>\n<p style=\"padding-left: 40px;\">Escudo peninsular portugu\u00eas, chefe com dois campos, em faixa, o superior de goles e o inferior de sable, contendo a inscri\u00e7\u00e3o \u201c8\u00aa CIPM\u201d, em ouro, cosida de sable; cortado, o primeiro de prata, no flanco direito um par de bucaneiras (garruchas) em aspa, de ouro, cosidas de sable, partido, no flanco esquerdo uma ave f\u00eanix, de sable; o segundo, uma plan\u00edcie com cactos, em tenn\u00e9 e sable, cosidas de sable, sobreposta por uma Rosa dos Ventos no centro, de ouro e sable, cosida de sable.<\/p>\n<h5>Simbologia e alus\u00e3o das pe\u00e7as:<\/h5>\n<ul>\n<li>As bucaneiras (garruchas) representam a Pol\u00edcia Militar, Institui\u00e7\u00e3o da qual fazem parte os integrantes da 8\u00aa CIPM;<\/li>\n<li>A ave f\u00eanix \u00e9 um p\u00e1ssaro lend\u00e1rio da mitologia grega, que morria e, logo ap\u00f3s, renascia das cinzas, caracter\u00edstica que representa um ideal de for\u00e7a e renascimento; e<\/li>\n<li>A plan\u00edcie com plantas xer\u00f3fitas representam as caracter\u00edsticas da regi\u00e3o do cariri e do sert\u00e3o paraibano, a Rosa dos Ventos simboliza o ponto central do Estado, onde est\u00e1 localizada a 8\u00aa CIPM, sediada na cidade de Juazeirinho-PB.<\/li>\n<\/ul>\n<\/div>\n","protected":false},"excerpt":{"rendered":"<p>8\u00aa COMPANHIA INDEPENDENTE DE POL\u00cdCIA MILITAR (8\u00aa CIPM) Autoria do Bras\u00e3o: Asp QPC DANIEL SU\u00caNIO DE ALMEIDA DINIZ e Cb<\/p>\n","protected":false},"author":11,"featured_media":0,"parent":894816,"menu_order":0,"comment_status":"closed","ping_status":"closed","template":"","meta":{"_exactmetrics_skip_tracking":false,"_exactmetrics_sitenote_active":false,"_exactmetrics_sitenote_note":"","_exactmetrics_sitenote_category":0,"footnotes":""},"yoast_head":"<!-- This site is optimized with the Yoast SEO plugin v22.0 - https:\/\/yoast.com\/wordpress\/plugins\/seo\/ -->\n<title>Bras\u00f5es - 8\u00aa CIPM - Pol\u00edcia Militar da Para\u00edba<\/title>\n<meta name=\"robots\" content=\"index, follow, max-snippet:-1, max-image-preview:large, max-video-preview:-1\" \/>\n<link rel=\"canonical\" href=\"https:\/\/www.pm.pb.gov.br\/portal\/institucional\/brasoes-pmpb\/8a-cipm\/\" \/>\n<meta property=\"og:locale\" content=\"pt_BR\" \/>\n<meta property=\"og:type\" content=\"article\" \/>\n<meta property=\"og:title\" content=\"Bras\u00f5es - 8\u00aa CIPM - Pol\u00edcia Militar da Para\u00edba\" \/>\n<meta property=\"og:description\" content=\"8\u00aa COMPANHIA INDEPENDENTE DE POL\u00cdCIA MILITAR (8\u00aa CIPM) Autoria do Bras\u00e3o: Asp QPC DANIEL SU\u00caNIO DE ALMEIDA DINIZ e Cb\" \/>\n<meta property=\"og:url\" content=\"https:\/\/www.pm.pb.gov.br\/portal\/institucional\/brasoes-pmpb\/8a-cipm\/\" \/>\n<meta property=\"og:site_name\" content=\"Pol\u00edcia Militar da Para\u00edba\" \/>\n<meta property=\"article:modified_time\" content=\"2023-06-14T12:41:52+00:00\" \/>\n<meta property=\"og:image\" content=\"http:\/\/www.pm.pb.gov.br\/portal\/wp-content\/uploads\/2023\/06\/8CIPM-319x445.png\" \/>\n<meta name=\"twitter:card\" content=\"summary_large_image\" \/>\n<meta name=\"twitter:label1\" content=\"Est. tempo de leitura\" \/>\n\t<meta name=\"twitter:data1\" content=\"2 minutos\" \/>\n<script type=\"application\/ld+json\" class=\"yoast-schema-graph\">{\"@context\":\"https:\/\/schema.org\",\"@graph\":[{\"@type\":\"WebPage\",\"@id\":\"https:\/\/www.pm.pb.gov.br\/portal\/institucional\/brasoes-pmpb\/8a-cipm\/\",\"url\":\"https:\/\/www.pm.pb.gov.br\/portal\/institucional\/brasoes-pmpb\/8a-cipm\/\",\"name\":\"Bras\u00f5es - 8\u00aa CIPM - Pol\u00edcia Militar da Para\u00edba\",\"isPartOf\":{\"@id\":\"https:\/\/www.pm.pb.gov.br\/portal\/#website\"},\"datePublished\":\"2022-03-25T14:57:08+00:00\",\"dateModified\":\"2023-06-14T12:41:52+00:00\",\"breadcrumb\":{\"@id\":\"https:\/\/www.pm.pb.gov.br\/portal\/institucional\/brasoes-pmpb\/8a-cipm\/#breadcrumb\"},\"inLanguage\":\"pt-BR\",\"potentialAction\":[{\"@type\":\"ReadAction\",\"target\":[\"https:\/\/www.pm.pb.gov.br\/portal\/institucional\/brasoes-pmpb\/8a-cipm\/\"]}]},{\"@type\":\"BreadcrumbList\",\"@id\":\"https:\/\/www.pm.pb.gov.br\/portal\/institucional\/brasoes-pmpb\/8a-cipm\/#breadcrumb\",\"itemListElement\":[{\"@type\":\"ListItem\",\"position\":1,\"name\":\"In\u00edcio\",\"item\":\"https:\/\/www.pm.pb.gov.br\/portal\/\"},{\"@type\":\"ListItem\",\"position\":2,\"name\":\"Institucional\",\"item\":\"https:\/\/www.pm.pb.gov.br\/portal\/institucional\/\"},{\"@type\":\"ListItem\",\"position\":3,\"name\":\"Bras\u00f5es de Armas\",\"item\":\"https:\/\/www.pm.pb.gov.br\/portal\/institucional\/brasoes-pmpb\/\"},{\"@type\":\"ListItem\",\"position\":4,\"name\":\"Bras\u00f5es &#8211; 8\u00aa CIPM\"}]},{\"@type\":\"WebSite\",\"@id\":\"https:\/\/www.pm.pb.gov.br\/portal\/#website\",\"url\":\"https:\/\/www.pm.pb.gov.br\/portal\/\",\"name\":\"Pol\u00edcia Militar da Para\u00edba\",\"description\":\"\",\"publisher\":{\"@id\":\"https:\/\/www.pm.pb.gov.br\/portal\/#organization\"},\"potentialAction\":[{\"@type\":\"SearchAction\",\"target\":{\"@type\":\"EntryPoint\",\"urlTemplate\":\"https:\/\/www.pm.pb.gov.br\/portal\/?s={search_term_string}\"},\"query-input\":\"required name=search_term_string\"}],\"inLanguage\":\"pt-BR\"},{\"@type\":\"Organization\",\"@id\":\"https:\/\/www.pm.pb.gov.br\/portal\/#organization\",\"name\":\"Pol\u00edcia Militar da Para\u00edba\",\"url\":\"https:\/\/www.pm.pb.gov.br\/portal\/\",\"logo\":{\"@type\":\"ImageObject\",\"inLanguage\":\"pt-BR\",\"@id\":\"https:\/\/www.pm.pb.gov.br\/portal\/#\/schema\/logo\/image\/\",\"url\":\"https:\/\/www.pm.pb.gov.br\/portal\/wp-content\/uploads\/2025\/03\/cropped-logo-site-mag2-1.png\",\"contentUrl\":\"https:\/\/www.pm.pb.gov.br\/portal\/wp-content\/uploads\/2025\/03\/cropped-logo-site-mag2-1.png\",\"width\":320,\"height\":90,\"caption\":\"Pol\u00edcia Militar da Para\u00edba\"},\"image\":{\"@id\":\"https:\/\/www.pm.pb.gov.br\/portal\/#\/schema\/logo\/image\/\"}}]}<\/script>\n<!-- \/ Yoast SEO plugin. -->","yoast_head_json":{"title":"Bras\u00f5es - 8\u00aa CIPM - Pol\u00edcia Militar da Para\u00edba","robots":{"index":"index","follow":"follow","max-snippet":"max-snippet:-1","max-image-preview":"max-image-preview:large","max-video-preview":"max-video-preview:-1"},"canonical":"https:\/\/www.pm.pb.gov.br\/portal\/institucional\/brasoes-pmpb\/8a-cipm\/","og_locale":"pt_BR","og_type":"article","og_title":"Bras\u00f5es - 8\u00aa CIPM - Pol\u00edcia Militar da Para\u00edba","og_description":"8\u00aa COMPANHIA INDEPENDENTE DE POL\u00cdCIA MILITAR (8\u00aa CIPM) Autoria do Bras\u00e3o: Asp QPC DANIEL SU\u00caNIO DE ALMEIDA DINIZ e Cb","og_url":"https:\/\/www.pm.pb.gov.br\/portal\/institucional\/brasoes-pmpb\/8a-cipm\/","og_site_name":"Pol\u00edcia Militar da Para\u00edba","article_modified_time":"2023-06-14T12:41:52+00:00","og_image":[{"url":"http:\/\/www.pm.pb.gov.br\/portal\/wp-content\/uploads\/2023\/06\/8CIPM-319x445.png"}],"twitter_card":"summary_large_image","twitter_misc":{"Est. tempo de leitura":"2 minutos"},"schema":{"@context":"https:\/\/schema.org","@graph":[{"@type":"WebPage","@id":"https:\/\/www.pm.pb.gov.br\/portal\/institucional\/brasoes-pmpb\/8a-cipm\/","url":"https:\/\/www.pm.pb.gov.br\/portal\/institucional\/brasoes-pmpb\/8a-cipm\/","name":"Bras\u00f5es - 8\u00aa CIPM - Pol\u00edcia Militar da Para\u00edba","isPartOf":{"@id":"https:\/\/www.pm.pb.gov.br\/portal\/#website"},"datePublished":"2022-03-25T14:57:08+00:00","dateModified":"2023-06-14T12:41:52+00:00","breadcrumb":{"@id":"https:\/\/www.pm.pb.gov.br\/portal\/institucional\/brasoes-pmpb\/8a-cipm\/#breadcrumb"},"inLanguage":"pt-BR","potentialAction":[{"@type":"ReadAction","target":["https:\/\/www.pm.pb.gov.br\/portal\/institucional\/brasoes-pmpb\/8a-cipm\/"]}]},{"@type":"BreadcrumbList","@id":"https:\/\/www.pm.pb.gov.br\/portal\/institucional\/brasoes-pmpb\/8a-cipm\/#breadcrumb","itemListElement":[{"@type":"ListItem","position":1,"name":"In\u00edcio","item":"https:\/\/www.pm.pb.gov.br\/portal\/"},{"@type":"ListItem","position":2,"name":"Institucional","item":"https:\/\/www.pm.pb.gov.br\/portal\/institucional\/"},{"@type":"ListItem","position":3,"name":"Bras\u00f5es de Armas","item":"https:\/\/www.pm.pb.gov.br\/portal\/institucional\/brasoes-pmpb\/"},{"@type":"ListItem","position":4,"name":"Bras\u00f5es &#8211; 8\u00aa CIPM"}]},{"@type":"WebSite","@id":"https:\/\/www.pm.pb.gov.br\/portal\/#website","url":"https:\/\/www.pm.pb.gov.br\/portal\/","name":"Pol\u00edcia Militar da Para\u00edba","description":"","publisher":{"@id":"https:\/\/www.pm.pb.gov.br\/portal\/#organization"},"potentialAction":[{"@type":"SearchAction","target":{"@type":"EntryPoint","urlTemplate":"https:\/\/www.pm.pb.gov.br\/portal\/?s={search_term_string}"},"query-input":"required name=search_term_string"}],"inLanguage":"pt-BR"},{"@type":"Organization","@id":"https:\/\/www.pm.pb.gov.br\/portal\/#organization","name":"Pol\u00edcia Militar da Para\u00edba","url":"https:\/\/www.pm.pb.gov.br\/portal\/","logo":{"@type":"ImageObject","inLanguage":"pt-BR","@id":"https:\/\/www.pm.pb.gov.br\/portal\/#\/schema\/logo\/image\/","url":"https:\/\/www.pm.pb.gov.br\/portal\/wp-content\/uploads\/2025\/03\/cropped-logo-site-mag2-1.png","contentUrl":"https:\/\/www.pm.pb.gov.br\/portal\/wp-content\/uploads\/2025\/03\/cropped-logo-site-mag2-1.png","width":320,"height":90,"caption":"Pol\u00edcia Militar da Para\u00edba"},"image":{"@id":"https:\/\/www.pm.pb.gov.br\/portal\/#\/schema\/logo\/image\/"}}]}},"_links":{"self":[{"href":"https:\/\/www.pm.pb.gov.br\/portal\/wp-json\/wp\/v2\/pages\/913790"}],"collection":[{"href":"https:\/\/www.pm.pb.gov.br\/portal\/wp-json\/wp\/v2\/pages"}],"about":[{"href":"https:\/\/www.pm.pb.gov.br\/portal\/wp-json\/wp\/v2\/types\/page"}],"author":[{"embeddable":true,"href":"https:\/\/www.pm.pb.gov.br\/portal\/wp-json\/wp\/v2\/users\/11"}],"replies":[{"embeddable":true,"href":"https:\/\/www.pm.pb.gov.br\/portal\/wp-json\/wp\/v2\/comments?post=913790"}],"version-history":[{"count":4,"href":"https:\/\/www.pm.pb.gov.br\/portal\/wp-json\/wp\/v2\/pages\/913790\/revisions"}],"predecessor-version":[{"id":917057,"href":"https:\/\/www.pm.pb.gov.br\/portal\/wp-json\/wp\/v2\/pages\/913790\/revisions\/917057"}],"up":[{"embeddable":true,"href":"https:\/\/www.pm.pb.gov.br\/portal\/wp-json\/wp\/v2\/pages\/894816"}],"wp:attachment":[{"href":"https:\/\/www.pm.pb.gov.br\/portal\/wp-json\/wp\/v2\/media?parent=913790"}],"curies":[{"name":"wp","href":"https:\/\/api.w.org\/{rel}","templated":true}]}}