{"id":913751,"date":"2022-03-25T10:17:05","date_gmt":"2022-03-25T13:17:05","guid":{"rendered":"https:\/\/www.pm.pb.gov.br\/portal\/?page_id=913751"},"modified":"2023-06-14T09:43:05","modified_gmt":"2023-06-14T12:43:05","slug":"brasoes-9a-cipm","status":"publish","type":"page","link":"https:\/\/www.pm.pb.gov.br\/portal\/institucional\/brasoes-pmpb\/brasoes-9a-cipm\/","title":{"rendered":"Bras\u00f5es &#8211; 9\u00aa CIPM"},"content":{"rendered":"<table style=\"height: 26px; width: 100%; border-collapse: collapse; border-style: none;\">\n<tbody>\n<tr style=\"height: 26px; border-style: none;\">\n<td style=\"width: 29.2858%; height: 26px; text-align: center; vertical-align: middle; border-style: none;\">\n<h2><img loading=\"lazy\" decoding=\"async\" class=\"alignnone  wp-image-916823\" src=\"http:\/\/www.pm.pb.gov.br\/portal\/wp-content\/uploads\/2023\/06\/9CIPM-319x445.png\" alt=\"\" width=\"232\" height=\"323\" srcset=\"https:\/\/www.pm.pb.gov.br\/portal\/wp-content\/uploads\/2023\/06\/9CIPM-319x445.png 319w, https:\/\/www.pm.pb.gov.br\/portal\/wp-content\/uploads\/2023\/06\/9CIPM-409x570.png 409w, https:\/\/www.pm.pb.gov.br\/portal\/wp-content\/uploads\/2023\/06\/9CIPM-768x1071.png 768w, https:\/\/www.pm.pb.gov.br\/portal\/wp-content\/uploads\/2023\/06\/9CIPM.png 1064w\" sizes=\"(max-width: 232px) 100vw, 232px\" \/><\/h2>\n<\/td>\n<td style=\"width: 70.7142%; height: 26px; border-style: none; text-align: center; vertical-align: top;\">\n<h2 style=\"text-align: left;\">9\u00aa COMPANHIA INDEPENDENTE DE POL\u00cdCIA MILITAR (9\u00aa CIPM)<\/h2>\n<h5 style=\"text-align: left;\">Autoria do Bras\u00e3o:<\/h5>\n<p style=\"text-align: left;\">Cap QOC ALDAIR JER\u00d4NIMO DE MENDON\u00c7A e<br \/>\n1\u00ba Sgt QPC HERMERSON PEDRO SOARES DE OLIVEIRA.<\/p>\n<h5 style=\"text-align: left;\"><\/h5>\n<\/td>\n<\/tr>\n<\/tbody>\n<\/table>\n<h5 style=\"text-align: justify;\">Bras\u00e3o:<\/h5>\n<p>Escudo peninsular portugu\u00eas, chefe com dois campos, em faixa, o superior de goles e o inferior de sable, contendo a inscri\u00e7\u00e3o \u201c9\u00aa CIPM\u201d, em ouro, cosida de sable; cortado, o primeiro de prata, no flanco direito um par de bucaneiras (garruchas) em aspa, de ouro, cosidas de sable, partido, no flanco esquerdo duas espadas, em aspa, de gray, cosida de sable, sobrepostas por um escudete, de ouro, cosida de sable, na bordadura doze brochas e no centro uma manopla, de gray, cosida de sable; o segundo de prata, terciado em pala, a primeira de blau, com um abacaxizeiro, de sinopla e ouro, cosida de sable, a segunda de prata, com um tamarindeiro de sinopla, cosida de sable, a terceira de blau, com um abacaxizeiro, de sinopla e ouro, cosida de sable.<\/p>\n<h5 style=\"text-align: justify;\">Simbologia e alus\u00e3o das pe\u00e7as:<\/h5>\n<ul>\n<li style=\"text-align: justify;\">\u00a0As bucaneiras (garruchas) representam a Pol\u00edcia Militar, institui\u00e7\u00e3o da qual fazem parte os integrantes da 9\u00aa CIPM;<\/li>\n<li style=\"text-align: justify;\">As espadas, o escudo e a manopla representam a defesa da sociedade e a manuten\u00e7\u00e3o da ordem p\u00fablica, sob a prote\u00e7\u00e3o da 9\u00aa CIPM; e<\/li>\n<li style=\"text-align: justify;\">Os abacaxizeiros fazem alus\u00e3o a importante produ\u00e7\u00e3o agr\u00edcola da cidade de Sap\u00e9, conhecida na regi\u00e3o como a \u201cterra do abacaxi\u201d. O p\u00e9 de tamarindo faz refer\u00eancia ao paraibano do s\u00e9culo, considerado um dos mais ilustres sapeenses, o escritor Augusto dos Anjos. A \u00e1rvore est\u00e1 plantada na Usina Santa Helena, resid\u00eancia do escritor e inspira\u00e7\u00e3o de um dos seus mais famosos poemas.<\/li>\n<\/ul>\n","protected":false},"excerpt":{"rendered":"<p>9\u00aa COMPANHIA INDEPENDENTE DE POL\u00cdCIA MILITAR (9\u00aa CIPM) Autoria do Bras\u00e3o: Cap QOC ALDAIR JER\u00d4NIMO DE MENDON\u00c7A e 1\u00ba Sgt<\/p>\n","protected":false},"author":11,"featured_media":0,"parent":894816,"menu_order":0,"comment_status":"closed","ping_status":"closed","template":"","meta":{"_exactmetrics_skip_tracking":false,"_exactmetrics_sitenote_active":false,"_exactmetrics_sitenote_note":"","_exactmetrics_sitenote_category":0,"footnotes":""},"yoast_head":"<!-- This site is optimized with the Yoast SEO plugin v22.0 - https:\/\/yoast.com\/wordpress\/plugins\/seo\/ -->\n<title>Bras\u00f5es - 9\u00aa CIPM - Pol\u00edcia Militar da Para\u00edba<\/title>\n<meta name=\"robots\" content=\"index, follow, max-snippet:-1, max-image-preview:large, max-video-preview:-1\" \/>\n<link rel=\"canonical\" href=\"https:\/\/www.pm.pb.gov.br\/portal\/institucional\/brasoes-pmpb\/brasoes-9a-cipm\/\" \/>\n<meta property=\"og:locale\" content=\"pt_BR\" \/>\n<meta property=\"og:type\" content=\"article\" \/>\n<meta property=\"og:title\" content=\"Bras\u00f5es - 9\u00aa CIPM - Pol\u00edcia Militar da Para\u00edba\" \/>\n<meta property=\"og:description\" content=\"9\u00aa COMPANHIA INDEPENDENTE DE POL\u00cdCIA MILITAR (9\u00aa CIPM) Autoria do Bras\u00e3o: Cap QOC ALDAIR JER\u00d4NIMO DE MENDON\u00c7A e 1\u00ba Sgt\" \/>\n<meta property=\"og:url\" content=\"https:\/\/www.pm.pb.gov.br\/portal\/institucional\/brasoes-pmpb\/brasoes-9a-cipm\/\" \/>\n<meta property=\"og:site_name\" content=\"Pol\u00edcia Militar da Para\u00edba\" \/>\n<meta property=\"article:modified_time\" content=\"2023-06-14T12:43:05+00:00\" \/>\n<meta property=\"og:image\" content=\"http:\/\/www.pm.pb.gov.br\/portal\/wp-content\/uploads\/2023\/06\/9CIPM-319x445.png\" \/>\n<meta name=\"twitter:card\" content=\"summary_large_image\" \/>\n<meta name=\"twitter:label1\" content=\"Est. tempo de leitura\" \/>\n\t<meta name=\"twitter:data1\" content=\"2 minutos\" \/>\n<script type=\"application\/ld+json\" class=\"yoast-schema-graph\">{\"@context\":\"https:\/\/schema.org\",\"@graph\":[{\"@type\":\"WebPage\",\"@id\":\"https:\/\/www.pm.pb.gov.br\/portal\/institucional\/brasoes-pmpb\/brasoes-9a-cipm\/\",\"url\":\"https:\/\/www.pm.pb.gov.br\/portal\/institucional\/brasoes-pmpb\/brasoes-9a-cipm\/\",\"name\":\"Bras\u00f5es - 9\u00aa CIPM - Pol\u00edcia Militar da Para\u00edba\",\"isPartOf\":{\"@id\":\"https:\/\/www.pm.pb.gov.br\/portal\/#website\"},\"datePublished\":\"2022-03-25T13:17:05+00:00\",\"dateModified\":\"2023-06-14T12:43:05+00:00\",\"breadcrumb\":{\"@id\":\"https:\/\/www.pm.pb.gov.br\/portal\/institucional\/brasoes-pmpb\/brasoes-9a-cipm\/#breadcrumb\"},\"inLanguage\":\"pt-BR\",\"potentialAction\":[{\"@type\":\"ReadAction\",\"target\":[\"https:\/\/www.pm.pb.gov.br\/portal\/institucional\/brasoes-pmpb\/brasoes-9a-cipm\/\"]}]},{\"@type\":\"BreadcrumbList\",\"@id\":\"https:\/\/www.pm.pb.gov.br\/portal\/institucional\/brasoes-pmpb\/brasoes-9a-cipm\/#breadcrumb\",\"itemListElement\":[{\"@type\":\"ListItem\",\"position\":1,\"name\":\"In\u00edcio\",\"item\":\"https:\/\/www.pm.pb.gov.br\/portal\/\"},{\"@type\":\"ListItem\",\"position\":2,\"name\":\"Institucional\",\"item\":\"https:\/\/www.pm.pb.gov.br\/portal\/institucional\/\"},{\"@type\":\"ListItem\",\"position\":3,\"name\":\"Bras\u00f5es de Armas\",\"item\":\"https:\/\/www.pm.pb.gov.br\/portal\/institucional\/brasoes-pmpb\/\"},{\"@type\":\"ListItem\",\"position\":4,\"name\":\"Bras\u00f5es &#8211; 9\u00aa CIPM\"}]},{\"@type\":\"WebSite\",\"@id\":\"https:\/\/www.pm.pb.gov.br\/portal\/#website\",\"url\":\"https:\/\/www.pm.pb.gov.br\/portal\/\",\"name\":\"Pol\u00edcia Militar da Para\u00edba\",\"description\":\"\",\"publisher\":{\"@id\":\"https:\/\/www.pm.pb.gov.br\/portal\/#organization\"},\"potentialAction\":[{\"@type\":\"SearchAction\",\"target\":{\"@type\":\"EntryPoint\",\"urlTemplate\":\"https:\/\/www.pm.pb.gov.br\/portal\/?s={search_term_string}\"},\"query-input\":\"required name=search_term_string\"}],\"inLanguage\":\"pt-BR\"},{\"@type\":\"Organization\",\"@id\":\"https:\/\/www.pm.pb.gov.br\/portal\/#organization\",\"name\":\"Pol\u00edcia Militar da Para\u00edba\",\"url\":\"https:\/\/www.pm.pb.gov.br\/portal\/\",\"logo\":{\"@type\":\"ImageObject\",\"inLanguage\":\"pt-BR\",\"@id\":\"https:\/\/www.pm.pb.gov.br\/portal\/#\/schema\/logo\/image\/\",\"url\":\"https:\/\/www.pm.pb.gov.br\/portal\/wp-content\/uploads\/2025\/03\/cropped-logo-site-mag2-1.png\",\"contentUrl\":\"https:\/\/www.pm.pb.gov.br\/portal\/wp-content\/uploads\/2025\/03\/cropped-logo-site-mag2-1.png\",\"width\":320,\"height\":90,\"caption\":\"Pol\u00edcia Militar da Para\u00edba\"},\"image\":{\"@id\":\"https:\/\/www.pm.pb.gov.br\/portal\/#\/schema\/logo\/image\/\"}}]}<\/script>\n<!-- \/ Yoast SEO plugin. -->","yoast_head_json":{"title":"Bras\u00f5es - 9\u00aa CIPM - Pol\u00edcia Militar da Para\u00edba","robots":{"index":"index","follow":"follow","max-snippet":"max-snippet:-1","max-image-preview":"max-image-preview:large","max-video-preview":"max-video-preview:-1"},"canonical":"https:\/\/www.pm.pb.gov.br\/portal\/institucional\/brasoes-pmpb\/brasoes-9a-cipm\/","og_locale":"pt_BR","og_type":"article","og_title":"Bras\u00f5es - 9\u00aa CIPM - Pol\u00edcia Militar da Para\u00edba","og_description":"9\u00aa COMPANHIA INDEPENDENTE DE POL\u00cdCIA MILITAR (9\u00aa CIPM) Autoria do Bras\u00e3o: Cap QOC ALDAIR JER\u00d4NIMO DE MENDON\u00c7A e 1\u00ba Sgt","og_url":"https:\/\/www.pm.pb.gov.br\/portal\/institucional\/brasoes-pmpb\/brasoes-9a-cipm\/","og_site_name":"Pol\u00edcia Militar da Para\u00edba","article_modified_time":"2023-06-14T12:43:05+00:00","og_image":[{"url":"http:\/\/www.pm.pb.gov.br\/portal\/wp-content\/uploads\/2023\/06\/9CIPM-319x445.png"}],"twitter_card":"summary_large_image","twitter_misc":{"Est. tempo de leitura":"2 minutos"},"schema":{"@context":"https:\/\/schema.org","@graph":[{"@type":"WebPage","@id":"https:\/\/www.pm.pb.gov.br\/portal\/institucional\/brasoes-pmpb\/brasoes-9a-cipm\/","url":"https:\/\/www.pm.pb.gov.br\/portal\/institucional\/brasoes-pmpb\/brasoes-9a-cipm\/","name":"Bras\u00f5es - 9\u00aa CIPM - Pol\u00edcia Militar da Para\u00edba","isPartOf":{"@id":"https:\/\/www.pm.pb.gov.br\/portal\/#website"},"datePublished":"2022-03-25T13:17:05+00:00","dateModified":"2023-06-14T12:43:05+00:00","breadcrumb":{"@id":"https:\/\/www.pm.pb.gov.br\/portal\/institucional\/brasoes-pmpb\/brasoes-9a-cipm\/#breadcrumb"},"inLanguage":"pt-BR","potentialAction":[{"@type":"ReadAction","target":["https:\/\/www.pm.pb.gov.br\/portal\/institucional\/brasoes-pmpb\/brasoes-9a-cipm\/"]}]},{"@type":"BreadcrumbList","@id":"https:\/\/www.pm.pb.gov.br\/portal\/institucional\/brasoes-pmpb\/brasoes-9a-cipm\/#breadcrumb","itemListElement":[{"@type":"ListItem","position":1,"name":"In\u00edcio","item":"https:\/\/www.pm.pb.gov.br\/portal\/"},{"@type":"ListItem","position":2,"name":"Institucional","item":"https:\/\/www.pm.pb.gov.br\/portal\/institucional\/"},{"@type":"ListItem","position":3,"name":"Bras\u00f5es de Armas","item":"https:\/\/www.pm.pb.gov.br\/portal\/institucional\/brasoes-pmpb\/"},{"@type":"ListItem","position":4,"name":"Bras\u00f5es &#8211; 9\u00aa CIPM"}]},{"@type":"WebSite","@id":"https:\/\/www.pm.pb.gov.br\/portal\/#website","url":"https:\/\/www.pm.pb.gov.br\/portal\/","name":"Pol\u00edcia Militar da Para\u00edba","description":"","publisher":{"@id":"https:\/\/www.pm.pb.gov.br\/portal\/#organization"},"potentialAction":[{"@type":"SearchAction","target":{"@type":"EntryPoint","urlTemplate":"https:\/\/www.pm.pb.gov.br\/portal\/?s={search_term_string}"},"query-input":"required name=search_term_string"}],"inLanguage":"pt-BR"},{"@type":"Organization","@id":"https:\/\/www.pm.pb.gov.br\/portal\/#organization","name":"Pol\u00edcia Militar da Para\u00edba","url":"https:\/\/www.pm.pb.gov.br\/portal\/","logo":{"@type":"ImageObject","inLanguage":"pt-BR","@id":"https:\/\/www.pm.pb.gov.br\/portal\/#\/schema\/logo\/image\/","url":"https:\/\/www.pm.pb.gov.br\/portal\/wp-content\/uploads\/2025\/03\/cropped-logo-site-mag2-1.png","contentUrl":"https:\/\/www.pm.pb.gov.br\/portal\/wp-content\/uploads\/2025\/03\/cropped-logo-site-mag2-1.png","width":320,"height":90,"caption":"Pol\u00edcia Militar da Para\u00edba"},"image":{"@id":"https:\/\/www.pm.pb.gov.br\/portal\/#\/schema\/logo\/image\/"}}]}},"_links":{"self":[{"href":"https:\/\/www.pm.pb.gov.br\/portal\/wp-json\/wp\/v2\/pages\/913751"}],"collection":[{"href":"https:\/\/www.pm.pb.gov.br\/portal\/wp-json\/wp\/v2\/pages"}],"about":[{"href":"https:\/\/www.pm.pb.gov.br\/portal\/wp-json\/wp\/v2\/types\/page"}],"author":[{"embeddable":true,"href":"https:\/\/www.pm.pb.gov.br\/portal\/wp-json\/wp\/v2\/users\/11"}],"replies":[{"embeddable":true,"href":"https:\/\/www.pm.pb.gov.br\/portal\/wp-json\/wp\/v2\/comments?post=913751"}],"version-history":[{"count":5,"href":"https:\/\/www.pm.pb.gov.br\/portal\/wp-json\/wp\/v2\/pages\/913751\/revisions"}],"predecessor-version":[{"id":917058,"href":"https:\/\/www.pm.pb.gov.br\/portal\/wp-json\/wp\/v2\/pages\/913751\/revisions\/917058"}],"up":[{"embeddable":true,"href":"https:\/\/www.pm.pb.gov.br\/portal\/wp-json\/wp\/v2\/pages\/894816"}],"wp:attachment":[{"href":"https:\/\/www.pm.pb.gov.br\/portal\/wp-json\/wp\/v2\/media?parent=913751"}],"curies":[{"name":"wp","href":"https:\/\/api.w.org\/{rel}","templated":true}]}}