{"id":899348,"date":"2018-11-23T08:29:20","date_gmt":"2018-11-23T11:29:20","guid":{"rendered":"http:\/\/www.pm.pb.gov.br\/portal\/?page_id=899348"},"modified":"2023-06-14T07:58:02","modified_gmt":"2023-06-14T10:58:02","slug":"brasao-15o-bpm","status":"publish","type":"page","link":"https:\/\/www.pm.pb.gov.br\/portal\/institucional\/brasoes-pmpb\/brasao-15o-bpm\/","title":{"rendered":"Bras\u00e3o &#8211; 15\u00ba BPM"},"content":{"rendered":"<table style=\"height: 32px; width: 100%; border-collapse: collapse; border-color: #ffffff;\" border=\"1\">\n<tbody>\n<tr style=\"height: 24px;\">\n<td style=\"width: 29.1992%; height: 10px; vertical-align: top; border-color: #ffffff;\"><img loading=\"lazy\" decoding=\"async\" class=\"alignnone  wp-image-916829\" src=\"http:\/\/www.pm.pb.gov.br\/portal\/wp-content\/uploads\/2023\/06\/15BPM-319x445.png\" alt=\"\" width=\"229\" height=\"320\" srcset=\"https:\/\/www.pm.pb.gov.br\/portal\/wp-content\/uploads\/2023\/06\/15BPM-319x445.png 319w, https:\/\/www.pm.pb.gov.br\/portal\/wp-content\/uploads\/2023\/06\/15BPM-409x570.png 409w, https:\/\/www.pm.pb.gov.br\/portal\/wp-content\/uploads\/2023\/06\/15BPM-768x1071.png 768w, https:\/\/www.pm.pb.gov.br\/portal\/wp-content\/uploads\/2023\/06\/15BPM.png 1064w\" sizes=\"(max-width: 229px) 100vw, 229px\" \/><\/td>\n<td style=\"width: 70.8008%; height: 10px; vertical-align: middle; border-color: #ffffff;\">\n<h2 style=\"text-align: left;\">15\u00ba BATALH\u00c3O DE POL\u00cdCIA MILITAR (15\u00b0 BPM)<strong>\u00a0<\/strong><\/h2>\n<p style=\"text-align: left;\"><strong><span style=\"font-size: 12pt;\">Autoria do Bras\u00e3o:<\/span><\/strong><\/p>\n<p style=\"text-align: left;\"><span style=\"font-size: 12pt;\">Maj QOC GLAUCO C\u00c9SAR DA SILVA PAIVA.<\/span><\/p>\n<p style=\"text-align: left;\"><strong><span style=\"font-size: 12pt;\">Descri\u00e7\u00e3o Her\u00e1ldica:<\/span><\/strong><\/p>\n<p style=\"text-align: left;\"><span style=\"font-size: 12pt;\">Maj QOC GLAUCO C\u00c9SAR DA SILVA PAIVA.<\/span><\/p>\n<p style=\"text-align: left;\"><strong><span style=\"font-size: 12pt;\">Apoio T\u00e9cnico:<\/span><\/strong><\/p>\n<p style=\"text-align: left;\"><span style=\"font-size: 12pt;\">Cb QPC P\u00c9TALA PEREIRA DE SANTOS MEDEIROS.<\/span><\/p>\n<\/td>\n<\/tr>\n<tr style=\"height: 24px;\">\n<td style=\"height: 22px; text-align: justify; width: 100%; border-color: #ffffff;\" colspan=\"2\"><strong>Bras\u00e3o:<\/strong><\/p>\n<p style=\"padding-left: 30px;\">\u00a0 \u00a0 \u00a0 \u00a0Escudo peninsular portugu\u00eas, chefe com dois campos, em faixa, o superior de goles e o inferior de sable, contendo a inscri\u00e7\u00e3o \u201c15\u00ba BPM\u201d, em ouro, cortado, o primeiro de prata, com um par de bucaneiras (garruchas) em aspa, de ouro, cosidas de sable, partido, de prata, com uma coura\u00e7a de armadura, de sinopla, cravejada e bordada de ouro, cosida de sable, sobreposta por um par de mosquefais, de ouro, passados em aspa, com a inscri\u00e7\u00e3o em sua barra <strong>\u201cARMIS ET FIDE\u201d<\/strong>, o segundo de prata, com um po\u00e7o de ouro lavrado e cosido de sable, com dois le\u00f5es afrontados e rampantes, de p\u00farpura, armados e lampassados de vermelho, com dois ondados de sinopla.<\/p>\n<p><strong>Simbologia e alus\u00e3o das pe\u00e7as:<\/strong><\/p>\n<ul>\n<li style=\"text-align: justify;\">As bucaneiras (garruchas) representam a Pol\u00edcia Militar, Institui\u00e7\u00e3o da qual fazem parte os integrantes do 15\u00ba BPM;<\/li>\n<li style=\"text-align: justify;\">A coura\u00e7a de amadura, com a inscri\u00e7\u00e3o em latim <strong>\u201cARMIS ET FIDE\u201d<\/strong> (que significa bra\u00e7os e f\u00e9), juntamente com os mosquefais, representam o poder, a sabedoria e a coragem nas a\u00e7\u00f5es do Batalh\u00e3o em defesa da sociedade e manuten\u00e7\u00e3o da ordem p\u00fablica;<\/li>\n<li style=\"text-align: justify;\">Os le\u00f5es rampantes s\u00e3o a representa\u00e7\u00e3o do bras\u00e3o da fam\u00edlia Barbosa, visto que o portugu\u00eas chamado Marinheiro Barbosa, se apossou das terras pr\u00f3ximas a uma aguada, onde hoje \u00e9 a cidade de Esperan\u00e7a;<\/li>\n<li style=\"text-align: justify;\">O po\u00e7o e os ondados simbolizam o Tanque de Ara\u00e7\u00e1, justamente a aguada cujas terras, Marinheiro Barbosa se apossou; e<\/li>\n<li style=\"text-align: justify;\">A cor sinopla faz alus\u00e3o \u00e0 cultura popular, que diz que o verde \u00e9 a cor da esperan\u00e7a, que \u00e9 top\u00f4nimo da urbe sede do Batalh\u00e3o.<\/li>\n<\/ul>\n<\/td>\n<\/tr>\n<\/tbody>\n<\/table>\n","protected":false},"excerpt":{"rendered":"<p>15\u00ba BATALH\u00c3O DE POL\u00cdCIA MILITAR (15\u00b0 BPM)\u00a0 Autoria do Bras\u00e3o: Maj QOC GLAUCO C\u00c9SAR DA SILVA PAIVA. Descri\u00e7\u00e3o Her\u00e1ldica: Maj<\/p>\n","protected":false},"author":11,"featured_media":0,"parent":894816,"menu_order":0,"comment_status":"closed","ping_status":"closed","template":"","meta":{"_exactmetrics_skip_tracking":false,"_exactmetrics_sitenote_active":false,"_exactmetrics_sitenote_note":"","_exactmetrics_sitenote_category":0,"footnotes":""},"yoast_head":"<!-- This site is optimized with the Yoast SEO plugin v22.0 - https:\/\/yoast.com\/wordpress\/plugins\/seo\/ -->\n<title>Bras\u00e3o - 15\u00ba BPM - Pol\u00edcia Militar da Para\u00edba<\/title>\n<meta name=\"robots\" content=\"index, follow, max-snippet:-1, max-image-preview:large, max-video-preview:-1\" \/>\n<link rel=\"canonical\" href=\"https:\/\/www.pm.pb.gov.br\/portal\/institucional\/brasoes-pmpb\/brasao-15o-bpm\/\" \/>\n<meta property=\"og:locale\" content=\"pt_BR\" \/>\n<meta property=\"og:type\" content=\"article\" \/>\n<meta property=\"og:title\" content=\"Bras\u00e3o - 15\u00ba BPM - Pol\u00edcia Militar da Para\u00edba\" \/>\n<meta property=\"og:description\" content=\"15\u00ba BATALH\u00c3O DE POL\u00cdCIA MILITAR (15\u00b0 BPM)\u00a0 Autoria do Bras\u00e3o: Maj QOC GLAUCO C\u00c9SAR DA SILVA PAIVA. Descri\u00e7\u00e3o Her\u00e1ldica: Maj\" \/>\n<meta property=\"og:url\" content=\"https:\/\/www.pm.pb.gov.br\/portal\/institucional\/brasoes-pmpb\/brasao-15o-bpm\/\" \/>\n<meta property=\"og:site_name\" content=\"Pol\u00edcia Militar da Para\u00edba\" \/>\n<meta property=\"article:modified_time\" content=\"2023-06-14T10:58:02+00:00\" \/>\n<meta property=\"og:image\" content=\"http:\/\/www.pm.pb.gov.br\/portal\/wp-content\/uploads\/2023\/06\/15BPM-319x445.png\" \/>\n<meta name=\"twitter:card\" content=\"summary_large_image\" \/>\n<meta name=\"twitter:label1\" content=\"Est. tempo de leitura\" \/>\n\t<meta name=\"twitter:data1\" content=\"2 minutos\" \/>\n<script type=\"application\/ld+json\" class=\"yoast-schema-graph\">{\"@context\":\"https:\/\/schema.org\",\"@graph\":[{\"@type\":\"WebPage\",\"@id\":\"https:\/\/www.pm.pb.gov.br\/portal\/institucional\/brasoes-pmpb\/brasao-15o-bpm\/\",\"url\":\"https:\/\/www.pm.pb.gov.br\/portal\/institucional\/brasoes-pmpb\/brasao-15o-bpm\/\",\"name\":\"Bras\u00e3o - 15\u00ba BPM - Pol\u00edcia Militar da Para\u00edba\",\"isPartOf\":{\"@id\":\"https:\/\/www.pm.pb.gov.br\/portal\/#website\"},\"datePublished\":\"2018-11-23T11:29:20+00:00\",\"dateModified\":\"2023-06-14T10:58:02+00:00\",\"breadcrumb\":{\"@id\":\"https:\/\/www.pm.pb.gov.br\/portal\/institucional\/brasoes-pmpb\/brasao-15o-bpm\/#breadcrumb\"},\"inLanguage\":\"pt-BR\",\"potentialAction\":[{\"@type\":\"ReadAction\",\"target\":[\"https:\/\/www.pm.pb.gov.br\/portal\/institucional\/brasoes-pmpb\/brasao-15o-bpm\/\"]}]},{\"@type\":\"BreadcrumbList\",\"@id\":\"https:\/\/www.pm.pb.gov.br\/portal\/institucional\/brasoes-pmpb\/brasao-15o-bpm\/#breadcrumb\",\"itemListElement\":[{\"@type\":\"ListItem\",\"position\":1,\"name\":\"In\u00edcio\",\"item\":\"https:\/\/www.pm.pb.gov.br\/portal\/\"},{\"@type\":\"ListItem\",\"position\":2,\"name\":\"Institucional\",\"item\":\"https:\/\/www.pm.pb.gov.br\/portal\/institucional\/\"},{\"@type\":\"ListItem\",\"position\":3,\"name\":\"Bras\u00f5es de Armas\",\"item\":\"https:\/\/www.pm.pb.gov.br\/portal\/institucional\/brasoes-pmpb\/\"},{\"@type\":\"ListItem\",\"position\":4,\"name\":\"Bras\u00e3o &#8211; 15\u00ba BPM\"}]},{\"@type\":\"WebSite\",\"@id\":\"https:\/\/www.pm.pb.gov.br\/portal\/#website\",\"url\":\"https:\/\/www.pm.pb.gov.br\/portal\/\",\"name\":\"Pol\u00edcia Militar da Para\u00edba\",\"description\":\"\",\"publisher\":{\"@id\":\"https:\/\/www.pm.pb.gov.br\/portal\/#organization\"},\"potentialAction\":[{\"@type\":\"SearchAction\",\"target\":{\"@type\":\"EntryPoint\",\"urlTemplate\":\"https:\/\/www.pm.pb.gov.br\/portal\/?s={search_term_string}\"},\"query-input\":\"required name=search_term_string\"}],\"inLanguage\":\"pt-BR\"},{\"@type\":\"Organization\",\"@id\":\"https:\/\/www.pm.pb.gov.br\/portal\/#organization\",\"name\":\"Pol\u00edcia Militar da Para\u00edba\",\"url\":\"https:\/\/www.pm.pb.gov.br\/portal\/\",\"logo\":{\"@type\":\"ImageObject\",\"inLanguage\":\"pt-BR\",\"@id\":\"https:\/\/www.pm.pb.gov.br\/portal\/#\/schema\/logo\/image\/\",\"url\":\"https:\/\/www.pm.pb.gov.br\/portal\/wp-content\/uploads\/2025\/03\/cropped-logo-site-mag2-1.png\",\"contentUrl\":\"https:\/\/www.pm.pb.gov.br\/portal\/wp-content\/uploads\/2025\/03\/cropped-logo-site-mag2-1.png\",\"width\":320,\"height\":90,\"caption\":\"Pol\u00edcia Militar da Para\u00edba\"},\"image\":{\"@id\":\"https:\/\/www.pm.pb.gov.br\/portal\/#\/schema\/logo\/image\/\"}}]}<\/script>\n<!-- \/ Yoast SEO plugin. -->","yoast_head_json":{"title":"Bras\u00e3o - 15\u00ba BPM - Pol\u00edcia Militar da Para\u00edba","robots":{"index":"index","follow":"follow","max-snippet":"max-snippet:-1","max-image-preview":"max-image-preview:large","max-video-preview":"max-video-preview:-1"},"canonical":"https:\/\/www.pm.pb.gov.br\/portal\/institucional\/brasoes-pmpb\/brasao-15o-bpm\/","og_locale":"pt_BR","og_type":"article","og_title":"Bras\u00e3o - 15\u00ba BPM - Pol\u00edcia Militar da Para\u00edba","og_description":"15\u00ba BATALH\u00c3O DE POL\u00cdCIA MILITAR (15\u00b0 BPM)\u00a0 Autoria do Bras\u00e3o: Maj QOC GLAUCO C\u00c9SAR DA SILVA PAIVA. Descri\u00e7\u00e3o Her\u00e1ldica: Maj","og_url":"https:\/\/www.pm.pb.gov.br\/portal\/institucional\/brasoes-pmpb\/brasao-15o-bpm\/","og_site_name":"Pol\u00edcia Militar da Para\u00edba","article_modified_time":"2023-06-14T10:58:02+00:00","og_image":[{"url":"http:\/\/www.pm.pb.gov.br\/portal\/wp-content\/uploads\/2023\/06\/15BPM-319x445.png"}],"twitter_card":"summary_large_image","twitter_misc":{"Est. tempo de leitura":"2 minutos"},"schema":{"@context":"https:\/\/schema.org","@graph":[{"@type":"WebPage","@id":"https:\/\/www.pm.pb.gov.br\/portal\/institucional\/brasoes-pmpb\/brasao-15o-bpm\/","url":"https:\/\/www.pm.pb.gov.br\/portal\/institucional\/brasoes-pmpb\/brasao-15o-bpm\/","name":"Bras\u00e3o - 15\u00ba BPM - Pol\u00edcia Militar da Para\u00edba","isPartOf":{"@id":"https:\/\/www.pm.pb.gov.br\/portal\/#website"},"datePublished":"2018-11-23T11:29:20+00:00","dateModified":"2023-06-14T10:58:02+00:00","breadcrumb":{"@id":"https:\/\/www.pm.pb.gov.br\/portal\/institucional\/brasoes-pmpb\/brasao-15o-bpm\/#breadcrumb"},"inLanguage":"pt-BR","potentialAction":[{"@type":"ReadAction","target":["https:\/\/www.pm.pb.gov.br\/portal\/institucional\/brasoes-pmpb\/brasao-15o-bpm\/"]}]},{"@type":"BreadcrumbList","@id":"https:\/\/www.pm.pb.gov.br\/portal\/institucional\/brasoes-pmpb\/brasao-15o-bpm\/#breadcrumb","itemListElement":[{"@type":"ListItem","position":1,"name":"In\u00edcio","item":"https:\/\/www.pm.pb.gov.br\/portal\/"},{"@type":"ListItem","position":2,"name":"Institucional","item":"https:\/\/www.pm.pb.gov.br\/portal\/institucional\/"},{"@type":"ListItem","position":3,"name":"Bras\u00f5es de Armas","item":"https:\/\/www.pm.pb.gov.br\/portal\/institucional\/brasoes-pmpb\/"},{"@type":"ListItem","position":4,"name":"Bras\u00e3o &#8211; 15\u00ba BPM"}]},{"@type":"WebSite","@id":"https:\/\/www.pm.pb.gov.br\/portal\/#website","url":"https:\/\/www.pm.pb.gov.br\/portal\/","name":"Pol\u00edcia Militar da Para\u00edba","description":"","publisher":{"@id":"https:\/\/www.pm.pb.gov.br\/portal\/#organization"},"potentialAction":[{"@type":"SearchAction","target":{"@type":"EntryPoint","urlTemplate":"https:\/\/www.pm.pb.gov.br\/portal\/?s={search_term_string}"},"query-input":"required name=search_term_string"}],"inLanguage":"pt-BR"},{"@type":"Organization","@id":"https:\/\/www.pm.pb.gov.br\/portal\/#organization","name":"Pol\u00edcia Militar da Para\u00edba","url":"https:\/\/www.pm.pb.gov.br\/portal\/","logo":{"@type":"ImageObject","inLanguage":"pt-BR","@id":"https:\/\/www.pm.pb.gov.br\/portal\/#\/schema\/logo\/image\/","url":"https:\/\/www.pm.pb.gov.br\/portal\/wp-content\/uploads\/2025\/03\/cropped-logo-site-mag2-1.png","contentUrl":"https:\/\/www.pm.pb.gov.br\/portal\/wp-content\/uploads\/2025\/03\/cropped-logo-site-mag2-1.png","width":320,"height":90,"caption":"Pol\u00edcia Militar da Para\u00edba"},"image":{"@id":"https:\/\/www.pm.pb.gov.br\/portal\/#\/schema\/logo\/image\/"}}]}},"_links":{"self":[{"href":"https:\/\/www.pm.pb.gov.br\/portal\/wp-json\/wp\/v2\/pages\/899348"}],"collection":[{"href":"https:\/\/www.pm.pb.gov.br\/portal\/wp-json\/wp\/v2\/pages"}],"about":[{"href":"https:\/\/www.pm.pb.gov.br\/portal\/wp-json\/wp\/v2\/types\/page"}],"author":[{"embeddable":true,"href":"https:\/\/www.pm.pb.gov.br\/portal\/wp-json\/wp\/v2\/users\/11"}],"replies":[{"embeddable":true,"href":"https:\/\/www.pm.pb.gov.br\/portal\/wp-json\/wp\/v2\/comments?post=899348"}],"version-history":[{"count":13,"href":"https:\/\/www.pm.pb.gov.br\/portal\/wp-json\/wp\/v2\/pages\/899348\/revisions"}],"predecessor-version":[{"id":917024,"href":"https:\/\/www.pm.pb.gov.br\/portal\/wp-json\/wp\/v2\/pages\/899348\/revisions\/917024"}],"up":[{"embeddable":true,"href":"https:\/\/www.pm.pb.gov.br\/portal\/wp-json\/wp\/v2\/pages\/894816"}],"wp:attachment":[{"href":"https:\/\/www.pm.pb.gov.br\/portal\/wp-json\/wp\/v2\/media?parent=899348"}],"curies":[{"name":"wp","href":"https:\/\/api.w.org\/{rel}","templated":true}]}}