{"id":898878,"date":"2018-09-20T15:26:37","date_gmt":"2018-09-20T18:26:37","guid":{"rendered":"http:\/\/www.pm.pb.gov.br\/portal\/?page_id=898878"},"modified":"2024-04-11T10:22:06","modified_gmt":"2024-04-11T13:22:06","slug":"conectapmpb","status":"publish","type":"page","link":"https:\/\/www.pm.pb.gov.br\/portal\/conectapmpb\/","title":{"rendered":"ConectaPMPB"},"content":{"rendered":"<div id=\"pl-898878\"  class=\"panel-layout\" ><div id=\"pg-898878-0\"  class=\"panel-grid panel-has-style\" ><div class=\"panel-row-style panel-row-style-for-898878-0\" ><div id=\"pgc-898878-0-0\"  class=\"panel-grid-cell\" ><div id=\"panel-898878-0-0-0\" class=\"so-panel widget widget_sow-image panel-first-child panel-last-child\" data-index=\"0\" ><div\n\t\t\t\n\t\t\tclass=\"so-widget-sow-image so-widget-sow-image-default-dbf295114b96-898878\"\n\t\t\t\n\t\t>\n<div class=\"sow-image-container\">\n\t\t\t<a href=\"https:\/\/play.google.com\/store\/apps\/details?id=br.gov.pb.pm.intranet.aplicativo\"\n\t\t\ttarget=\"_blank\" rel=\"noopener noreferrer\" \t\t>\n\t\t\t<img \n\tsrc=\"https:\/\/www.pm.pb.gov.br\/portal\/wp-content\/uploads\/2020\/09\/banner_conecta2020.jpg\" width=\"1360\" height=\"403\" srcset=\"https:\/\/www.pm.pb.gov.br\/portal\/wp-content\/uploads\/2020\/09\/banner_conecta2020.jpg 1360w, https:\/\/www.pm.pb.gov.br\/portal\/wp-content\/uploads\/2020\/09\/banner_conecta2020-800x237.jpg 800w, https:\/\/www.pm.pb.gov.br\/portal\/wp-content\/uploads\/2020\/09\/banner_conecta2020-1024x303.jpg 1024w, https:\/\/www.pm.pb.gov.br\/portal\/wp-content\/uploads\/2020\/09\/banner_conecta2020-768x228.jpg 768w\" sizes=\"(max-width: 1360px) 100vw, 1360px\" alt=\"\" \t\tclass=\"so-widget-image\"\/>\n\t\t\t<\/a><\/div>\n\n<\/div><\/div><\/div><\/div><\/div><div id=\"pg-898878-1\"  class=\"panel-grid panel-no-style\" ><div id=\"pgc-898878-1-0\"  class=\"panel-grid-cell\" ><div id=\"panel-898878-1-0-0\" class=\"so-panel widget widget_sow-image panel-first-child panel-last-child\" data-index=\"1\" ><div class=\"panel-widget-style panel-widget-style-for-898878-1-0-0\" ><div\n\t\t\t\n\t\t\tclass=\"so-widget-sow-image so-widget-sow-image-default-dbf295114b96-898878\"\n\t\t\t\n\t\t>\n<div class=\"sow-image-container\">\n\t\t<img \n\tsrc=\"https:\/\/www.pm.pb.gov.br\/portal\/wp-content\/uploads\/2020\/09\/instale_nas_plataformas.png\" width=\"892\" height=\"154\" srcset=\"https:\/\/www.pm.pb.gov.br\/portal\/wp-content\/uploads\/2020\/09\/instale_nas_plataformas.png 892w, https:\/\/www.pm.pb.gov.br\/portal\/wp-content\/uploads\/2020\/09\/instale_nas_plataformas-800x138.png 800w, https:\/\/www.pm.pb.gov.br\/portal\/wp-content\/uploads\/2020\/09\/instale_nas_plataformas-768x133.png 768w\" sizes=\"(max-width: 892px) 100vw, 892px\" alt=\"\" \t\tclass=\"so-widget-image\"\/>\n\t<\/div>\n\n<\/div><\/div><\/div><\/div><div id=\"pgc-898878-1-1\"  class=\"panel-grid-cell\" ><div id=\"panel-898878-1-1-0\" class=\"so-panel widget widget_sow-image panel-first-child panel-last-child\" data-index=\"2\" ><div class=\"panel-widget-style panel-widget-style-for-898878-1-1-0\" ><div\n\t\t\t\n\t\t\tclass=\"so-widget-sow-image so-widget-sow-image-default-dbf295114b96-898878\"\n\t\t\t\n\t\t>\n<div class=\"sow-image-container\">\n\t\t\t<a href=\"https:\/\/play.google.com\/store\/apps\/details?id=br.gov.pb.pm.intranet.aplicativo\"\n\t\t\ttarget=\"_blank\" rel=\"noopener noreferrer\" \t\t>\n\t\t\t<img \n\tsrc=\"https:\/\/www.pm.pb.gov.br\/portal\/wp-content\/uploads\/2020\/09\/link_android.png\" width=\"526\" height=\"155\" sizes=\"(max-width: 526px) 100vw, 526px\" alt=\"\" \t\tclass=\"so-widget-image\"\/>\n\t\t\t<\/a><\/div>\n\n<\/div><\/div><\/div><\/div><div id=\"pgc-898878-1-2\"  class=\"panel-grid-cell\" ><div id=\"panel-898878-1-2-0\" class=\"so-panel widget widget_sow-image panel-first-child panel-last-child\" data-index=\"3\" ><div class=\"panel-widget-style panel-widget-style-for-898878-1-2-0\" ><div\n\t\t\t\n\t\t\tclass=\"so-widget-sow-image so-widget-sow-image-default-dbf295114b96-898878\"\n\t\t\t\n\t\t>\n<div class=\"sow-image-container\">\n\t\t\t<a href=\"https:\/\/apps.apple.com\/br\/app\/conectapmpb\/id1474007600\"\n\t\t\ttarget=\"_blank\" rel=\"noopener noreferrer\" \t\t>\n\t\t\t<img \n\tsrc=\"https:\/\/www.pm.pb.gov.br\/portal\/wp-content\/uploads\/2020\/09\/link_ios.png\" width=\"526\" height=\"155\" sizes=\"(max-width: 526px) 100vw, 526px\" alt=\"\" \t\tclass=\"so-widget-image\"\/>\n\t\t\t<\/a><\/div>\n\n<\/div><\/div><\/div><\/div><\/div><div id=\"pg-898878-2\"  class=\"panel-grid panel-no-style\" ><div id=\"pgc-898878-2-0\"  class=\"panel-grid-cell\" ><div id=\"panel-898878-2-0-0\" class=\"so-panel widget widget_sow-editor panel-first-child panel-last-child\" data-index=\"4\" ><div\n\t\t\t\n\t\t\tclass=\"so-widget-sow-editor so-widget-sow-editor-base\"\n\t\t\t\n\t\t>\n<div class=\"siteorigin-widget-tinymce textwidget\">\n\t<p style=\"text-align: justify;\">Visando aumentar a proximidade e agilidade no acesso \u00e0s informa\u00e7\u00f5es funcionais pelos policiais militares da Para\u00edba, foi lan\u00e7ado o aplicativo ConectaPMPB. Com ele, policiais e gestores da institui\u00e7\u00e3o poder\u00e3o ter acesso, diretamente do celular de uma maneira r\u00e1pida e pr\u00e1tica, \u00e0s publica\u00e7\u00f5es em boletim, escalas de servi\u00e7o e fichas funcionais. O aplicativo pode ser baixado gratuitamente.<\/p>\n<\/div>\n<\/div><\/div><\/div><\/div><div id=\"pg-898878-3\"  class=\"panel-grid panel-no-style\" ><div id=\"pgc-898878-3-0\"  class=\"panel-grid-cell\" ><div id=\"panel-898878-3-0-0\" class=\"so-panel widget widget_sow-editor panel-first-child panel-last-child\" data-index=\"5\" ><div\n\t\t\t\n\t\t\tclass=\"so-widget-sow-editor so-widget-sow-editor-base\"\n\t\t\t\n\t\t>\n<div class=\"siteorigin-widget-tinymce textwidget\">\n\t<h2 style=\"text-align: justify;\">Pol\u00edtica de Privacidade<\/h2>\n<p style=\"text-align: justify;\"><strong>Data de vig\u00eancia: 19 de setembro de 2018<\/strong><\/p>\n<p style=\"text-align: justify;\">A Pol\u00edcia Militar da Para\u00edba opera o Aplicativo M\u00f3vel ConectaPMPB (doravante referido como o \"Servi\u00e7o\").<\/p>\n<p style=\"text-align: justify;\">Esta p\u00e1gina informa sobre nossas pol\u00edticas relativas \u00e0 coleta, uso e divulga\u00e7\u00e3o de dados pessoais quando voc\u00ea usa nosso Servi\u00e7o e as op\u00e7\u00f5es que voc\u00ea associou a esses dados. Nossa Pol\u00edtica de Privacidade para Pol\u00edcia Militar da Para\u00edba \u00e9 gerenciada com a ajuda de Pol\u00edticas de Privacidade.<\/p>\n<p style=\"text-align: justify;\">Usamos seus dados para fornecer e melhorar o servi\u00e7o. Ao usar o Servi\u00e7o, voc\u00ea concorda com a coleta e uso de informa\u00e7\u00f5es de acordo com esta pol\u00edtica. A menos que definido de outra forma nesta Pol\u00edtica de Privacidade, os termos usados \u200b\u200bnesta Pol\u00edtica de Privacidade t\u00eam os mesmos significados que os nossos Termos e Condi\u00e7\u00f5es.<\/p>\n<p style=\"text-align: justify;\"><strong>Coleta e Uso de Informa\u00e7\u00f5es<\/strong><\/p>\n<p style=\"text-align: justify;\">Coletamos v\u00e1rios tipos diferentes de informa\u00e7\u00f5es para v\u00e1rias finalidades para fornecer e melhorar nosso Servi\u00e7o para voc\u00ea.<\/p>\n<h2 style=\"text-align: justify;\">Tipos de dados coletados<\/h2>\n<p style=\"text-align: justify;\"><strong>Dados pessoais<\/strong><\/p>\n<p style=\"text-align: justify;\">Ao usar nosso Servi\u00e7o, podemos solicitar que voc\u00ea nos forne\u00e7a algumas informa\u00e7\u00f5es pessoais identific\u00e1veis \u200b\u200bque podem ser usadas para contat\u00e1-lo ou identific\u00e1-lo (\"Dados Pessoais\"). Informa\u00e7\u00f5es pessoalmente identific\u00e1veis \u200b\u200bpodem incluir, mas n\u00e3o est\u00e3o limitadas a:<\/p>\n<p style=\"text-align: justify;\">Endere\u00e7o de e-mail<\/p>\n<p style=\"text-align: justify;\">N\u00famero de telefone<\/p>\n<p style=\"text-align: justify;\">Dados Institucionais<\/p>\n<p style=\"text-align: justify;\">Localiza\u00e7\u00e3o por GPS<\/p>\n<p style=\"text-align: justify;\">Cookies e Dados de Uso<\/p>\n<p style=\"text-align: justify;\"><strong>Dados de uso<\/strong><\/p>\n<p style=\"text-align: justify;\">Tamb\u00e9m podemos coletar informa\u00e7\u00f5es que seu navegador envia sempre que voc\u00ea visita nosso Servi\u00e7o ou quando voc\u00ea acessa o Servi\u00e7o por ou atrav\u00e9s de um dispositivo m\u00f3vel (\"Dados de Uso\").<\/p>\n<p style=\"text-align: justify;\">Esses Dados de Uso podem incluir informa\u00e7\u00f5es como o endere\u00e7o IP do seu computador (por exemplo, endere\u00e7o IP), tipo de navegador, vers\u00e3o do navegador, as p\u00e1ginas do nosso Servi\u00e7o que voc\u00ea visita, a hora e data de sua visita, o tempo gasto nessas p\u00e1ginas identificadores de dispositivos e outros dados de diagn\u00f3stico.<\/p>\n<p style=\"text-align: justify;\">Quando voc\u00ea acessa o Servi\u00e7o com um dispositivo m\u00f3vel, esses Dados de uso podem incluir informa\u00e7\u00f5es como o tipo de dispositivo m\u00f3vel usado, o ID exclusivo do dispositivo m\u00f3vel, o endere\u00e7o IP do dispositivo m\u00f3vel, o sistema operacional m\u00f3vel e o tipo de Internet m\u00f3vel. navegador que voc\u00ea usa, identificadores de dispositivo exclusivos e outros dados de diagn\u00f3stico.<\/p>\n<h2 style=\"text-align: justify;\">Rastreamento e dados de cookies<\/h2>\n<p style=\"text-align: justify;\">Usamos cookies e tecnologias de rastreamento semelhantes para rastrear a atividade em nosso Servi\u00e7o e manter certas informa\u00e7\u00f5es.<\/p>\n<p style=\"text-align: justify;\">Cookies s\u00e3o arquivos com pequena quantidade de dados que podem incluir um identificador exclusivo an\u00f4nimo. Os cookies s\u00e3o enviados para o seu navegador a partir de um site e armazenados no seu dispositivo. As tecnologias de rastreamento tamb\u00e9m usadas s\u00e3o beacons, tags e scripts para coletar e rastrear informa\u00e7\u00f5es e para melhorar e analisar nosso Servi\u00e7o.<\/p>\n<p style=\"text-align: justify;\">Voc\u00ea pode instruir o seu navegador para recusar todos os cookies ou para indicar quando um cookie est\u00e1 sendo enviado. No entanto, se voc\u00ea n\u00e3o aceitar cookies, talvez n\u00e3o consiga usar algumas partes de nosso Servi\u00e7o.<\/p>\n<p style=\"text-align: justify;\"><strong>Exemplos de cookies que usamos:<\/strong><\/p>\n<p style=\"text-align: justify;\">Cookies de sess\u00e3o. Usamos cookies de sess\u00e3o para operar nosso servi\u00e7o.<\/p>\n<p style=\"text-align: justify;\">Cookies preferenciais. Usamos Cookies preferenciais para lembrar suas prefer\u00eancias e v\u00e1rias configura\u00e7\u00f5es.<\/p>\n<p style=\"text-align: justify;\">Cookies de seguran\u00e7a. N\u00f3s usamos cookies de seguran\u00e7a para fins de seguran\u00e7a.<\/p>\n<h2 style=\"text-align: justify;\">Uso de dados<\/h2>\n<p style=\"text-align: justify;\">A Pol\u00edcia Militar da Para\u00edba usa os dados coletados para diversos fins:<\/p>\n<ul style=\"text-align: justify;\">\n<li>Para fornecer e manter o servi\u00e7o<\/li>\n<li>Para notific\u00e1-lo sobre altera\u00e7\u00f5es no nosso servi\u00e7o<\/li>\n<li>Para permitir que voc\u00ea participe de recursos interativos de nosso Servi\u00e7o ao optar por faz\u00ea-lo<\/li>\n<li>Para fornecer atendimento ao cliente e suporte<\/li>\n<li>Para fornecer an\u00e1lises ou informa\u00e7\u00f5es valiosas para que possamos melhorar o servi\u00e7o<\/li>\n<li>Para monitorar o uso do servi\u00e7o<\/li>\n<li>Para detectar, prevenir e resolver problemas t\u00e9cnicos<\/li>\n<\/ul>\n<h2 style=\"text-align: justify;\">Transfer\u00eancia de dados<\/h2>\n<p style=\"text-align: justify;\">Suas informa\u00e7\u00f5es, incluindo Dados Pessoais, podem ser transferidas para - e mantidas em - computadores localizados fora do seu estado, prov\u00edncia, pa\u00eds ou outra jurisdi\u00e7\u00e3o governamental, onde as leis de prote\u00e7\u00e3o de dados podem ser diferentes das da sua jurisdi\u00e7\u00e3o.<\/p>\n<p style=\"text-align: justify;\">Se voc\u00ea estiver localizado fora do Brasil e optar por nos fornecer informa\u00e7\u00f5es, observe que transferimos os dados, incluindo os Dados Pessoais, para o Brasil e os processamos l\u00e1.<\/p>\n<p style=\"text-align: justify;\">O seu consentimento para com esta Pol\u00edtica de Privacidade, seguido pelo envio de tais informa\u00e7\u00f5es, representa sua concord\u00e2ncia com essa transfer\u00eancia.<\/p>\n<p style=\"text-align: justify;\">A Pol\u00edcia Militar da Para\u00edba tomar\u00e1 todas as medidas razoavelmente necess\u00e1rias para garantir que seus dados sejam tratados com seguran\u00e7a e de acordo com esta Pol\u00edtica de Privacidade e nenhuma transfer\u00eancia de seus Dados Pessoais ser\u00e1 realizada para uma organiza\u00e7\u00e3o ou pa\u00eds, a menos que haja controles adequados em vigor, incluindo seguran\u00e7a de seus dados e outras informa\u00e7\u00f5es pessoais.<\/p>\n<h2 style=\"text-align: justify;\">Divulga\u00e7\u00e3o de Dados<\/h2>\n<p style=\"text-align: justify;\"><strong>Requerimentos legais<\/strong><\/p>\n<p style=\"text-align: justify;\">A Pol\u00edcia Militar da Para\u00edba pode divulgar seus Dados Pessoais na cren\u00e7a de boa f\u00e9 de que tal a\u00e7\u00e3o \u00e9 necess\u00e1ria para:<\/p>\n<p style=\"text-align: justify;\"><strong>Para cumprir uma obriga\u00e7\u00e3o legal<\/strong><\/p>\n<p style=\"text-align: justify;\">Proteger e defender os direitos ou propriedade da Pol\u00edcia Militar da Para\u00edba<\/p>\n<p style=\"text-align: justify;\">Para evitar ou investigar poss\u00edveis irregularidades relacionadas ao Servi\u00e7o<\/p>\n<p style=\"text-align: justify;\">Para proteger a seguran\u00e7a pessoal dos usu\u00e1rios do Servi\u00e7o ou do p\u00fablico<\/p>\n<p style=\"text-align: justify;\">Para proteger contra responsabilidade legal<\/p>\n<p style=\"text-align: justify;\"><strong>Seguran\u00e7a de dados<\/strong><\/p>\n<p style=\"text-align: justify;\">A seguran\u00e7a dos seus dados \u00e9 importante para n\u00f3s, mas lembre-se de que nenhum m\u00e9todo de transmiss\u00e3o pela Internet ou m\u00e9todo de armazenamento eletr\u00f4nico \u00e9 100% seguro. Embora nos esforcemos para usar meios comercialmente aceit\u00e1veis \u200b\u200bpara proteger seus dados pessoais, n\u00e3o podemos garantir sua seguran\u00e7a absoluta.<\/p>\n<p style=\"text-align: justify;\"><strong>Provedores de servi\u00e7o<\/strong><\/p>\n<p style=\"text-align: justify;\">Podemos empregar empresas e indiv\u00edduos terceirizados para facilitar o nosso Servi\u00e7o (\"Prestadores de Servi\u00e7os\"), para fornecer o Servi\u00e7o em nosso nome, para executar servi\u00e7os relacionados ao Servi\u00e7o ou para nos auxiliar na an\u00e1lise de como nosso Servi\u00e7o \u00e9 utilizado.<\/p>\n<p style=\"text-align: justify;\">Esses terceiros t\u00eam acesso aos seus Dados Pessoais somente para realizar essas tarefas em nosso nome e s\u00e3o obrigados a n\u00e3o divulg\u00e1-los ou us\u00e1-los para qualquer outra finalidade.<\/p>\n<p style=\"text-align: justify;\"><strong>Analytics<\/strong><\/p>\n<p style=\"text-align: justify;\">Podemos usar prestadores de servi\u00e7os terceirizados para monitorar e analisar o uso de nosso servi\u00e7o.<\/p>\n<ul style=\"text-align: justify;\">\n<li><strong>Google Analytics<\/strong><\/li>\n<\/ul>\n<p style=\"text-align: justify;\">O Google Analytics \u00e9 um servi\u00e7o de an\u00e1lise da web oferecido pelo Google que rastreia e relata o tr\u00e1fego do website.\u00a0O Google usa os dados coletados para rastrear e monitorar o uso do nosso servi\u00e7o.\u00a0Esses dados s\u00e3o compartilhados com outros servi\u00e7os do Google.\u00a0O Google pode usar os dados coletados para contextualizar e personalizar os an\u00fancios de sua pr\u00f3pria rede de publicidade.<\/p>\n<p style=\"text-align: justify;\">Para mais informa\u00e7\u00f5es sobre as pr\u00e1ticas de privacidade do Google, visite a p\u00e1gina da web Privacidade e Termos do Google:\u00a0<a href=\"https:\/\/policies.google.com\/privacy?hl=pt-BR\">https:\/\/policies.google.com\/privacy?hl=pt-BR<\/a><\/p>\n<p style=\"text-align: justify;\"><strong>Links para outros sites<\/strong><\/p>\n<p style=\"text-align: justify;\">Nosso Servi\u00e7o pode conter links para outros sites que n\u00e3o s\u00e3o operados por n\u00f3s. Se voc\u00ea clicar em um link de terceiros, voc\u00ea ser\u00e1 direcionado para o site de terceiros. Recomendamos vivamente que reveja a Pol\u00edtica de Privacidade de todos os sites que visita.<\/p>\n<p style=\"text-align: justify;\">N\u00e3o temos controle e n\u00e3o assumimos nenhuma responsabilidade pelo conte\u00fado, pol\u00edticas de privacidade ou pr\u00e1ticas de quaisquer sites ou servi\u00e7os de terceiros.<\/p>\n<p style=\"text-align: justify;\"><strong>Privacidade de menores de 18 anos<\/strong><\/p>\n<p style=\"text-align: justify;\">Nosso Servi\u00e7o n\u00e3o atende a menores de 18 anos<\/p>\n<p style=\"text-align: justify;\">N\u00e3o coletamos intencionalmente informa\u00e7\u00f5es de identifica\u00e7\u00e3o pessoal de menores de 18 anos. Se voc\u00ea \u00e9 pai \/ m\u00e3e ou respons\u00e1vel legal e est\u00e1 ciente de que seus filhos nos forneceram dados pessoais, entre em contato conosco. Se ficarmos cientes de que coletamos dados pessoais de crian\u00e7as sem a verifica\u00e7\u00e3o do consentimento dos pais, tomamos medidas para remover essas informa\u00e7\u00f5es de nossos servidores.<\/p>\n<h2 style=\"text-align: justify;\">Altera\u00e7\u00f5es a esta pol\u00edtica de privacidade<\/h2>\n<p style=\"text-align: justify;\">Podemos atualizar nossa Pol\u00edtica de Privacidade de tempos em tempos. Vamos notific\u00e1-lo de quaisquer altera\u00e7\u00f5es, publicando a nova Pol\u00edtica de Privacidade nesta p\u00e1gina.<\/p>\n<p style=\"text-align: justify;\">Avisaremos voc\u00ea por e-mail e \/ ou um aviso proeminente em nosso Servi\u00e7o antes que a altera\u00e7\u00e3o entre em vigor e atualize a \"data efetiva\" na parte superior desta Pol\u00edtica de Privacidade.<\/p>\n<p style=\"text-align: justify;\">Recomenda-se que voc\u00ea revise esta Pol\u00edtica de Privacidade periodicamente para quaisquer altera\u00e7\u00f5es. Altera\u00e7\u00f5es a esta Pol\u00edtica de Privacidade s\u00e3o eficazes quando s\u00e3o publicadas nesta p\u00e1gina.<\/p>\n<h2 style=\"text-align: justify;\">Contate-Nos<\/h2>\n<p style=\"text-align: justify;\">Se voc\u00ea tiver alguma d\u00favida sobre esta Pol\u00edtica de Privacidade, entre em contato conosco:<\/p>\n<p style=\"text-align: justify;\">Visitando esta p\u00e1gina em nosso site: http:\/\/www.pm.pb.gov.br<\/p>\n<\/div>\n<\/div><\/div><\/div><\/div><\/div>","protected":false},"excerpt":{"rendered":"<p>Visando aumentar a proximidade e agilidade no acesso \u00e0s informa\u00e7\u00f5es funcionais pelos policiais militares da Para\u00edba, foi lan\u00e7ado o aplicativo<\/p>\n","protected":false},"author":1,"featured_media":0,"parent":0,"menu_order":0,"comment_status":"closed","ping_status":"closed","template":"","meta":{"_exactmetrics_skip_tracking":false,"_exactmetrics_sitenote_active":false,"_exactmetrics_sitenote_note":"","_exactmetrics_sitenote_category":0,"footnotes":""},"yoast_head":"<!-- This site is optimized with the Yoast SEO plugin v22.0 - https:\/\/yoast.com\/wordpress\/plugins\/seo\/ -->\n<title>ConectaPMPB - Pol\u00edcia Militar da Para\u00edba<\/title>\n<meta name=\"robots\" content=\"index, follow, max-snippet:-1, max-image-preview:large, max-video-preview:-1\" \/>\n<link rel=\"canonical\" href=\"https:\/\/www.pm.pb.gov.br\/portal\/conectapmpb\/\" \/>\n<meta property=\"og:locale\" content=\"pt_BR\" \/>\n<meta property=\"og:type\" content=\"article\" \/>\n<meta property=\"og:title\" content=\"ConectaPMPB - Pol\u00edcia Militar da Para\u00edba\" \/>\n<meta property=\"og:description\" content=\"Visando aumentar a proximidade e agilidade no acesso \u00e0s informa\u00e7\u00f5es funcionais pelos policiais militares da Para\u00edba, foi lan\u00e7ado o aplicativo\" \/>\n<meta property=\"og:url\" content=\"https:\/\/www.pm.pb.gov.br\/portal\/conectapmpb\/\" \/>\n<meta property=\"og:site_name\" content=\"Pol\u00edcia Militar da Para\u00edba\" \/>\n<meta property=\"article:modified_time\" content=\"2024-04-11T13:22:06+00:00\" \/>\n<meta property=\"og:image\" content=\"https:\/\/www.pm.pb.gov.br\/portal\/wp-content\/uploads\/2016\/04\/foto_brasao-1.jpg\" \/>\n\t<meta property=\"og:image:width\" content=\"620\" \/>\n\t<meta property=\"og:image:height\" content=\"411\" \/>\n\t<meta property=\"og:image:type\" content=\"image\/jpeg\" \/>\n<meta name=\"twitter:card\" content=\"summary_large_image\" \/>\n<meta name=\"twitter:label1\" content=\"Est. tempo de leitura\" \/>\n\t<meta name=\"twitter:data1\" content=\"9 minutos\" \/>\n<script type=\"application\/ld+json\" class=\"yoast-schema-graph\">{\"@context\":\"https:\/\/schema.org\",\"@graph\":[{\"@type\":\"WebPage\",\"@id\":\"https:\/\/www.pm.pb.gov.br\/portal\/conectapmpb\/\",\"url\":\"https:\/\/www.pm.pb.gov.br\/portal\/conectapmpb\/\",\"name\":\"ConectaPMPB - Pol\u00edcia Militar da Para\u00edba\",\"isPartOf\":{\"@id\":\"https:\/\/www.pm.pb.gov.br\/portal\/#website\"},\"datePublished\":\"2018-09-20T18:26:37+00:00\",\"dateModified\":\"2024-04-11T13:22:06+00:00\",\"breadcrumb\":{\"@id\":\"https:\/\/www.pm.pb.gov.br\/portal\/conectapmpb\/#breadcrumb\"},\"inLanguage\":\"pt-BR\",\"potentialAction\":[{\"@type\":\"ReadAction\",\"target\":[\"https:\/\/www.pm.pb.gov.br\/portal\/conectapmpb\/\"]}]},{\"@type\":\"BreadcrumbList\",\"@id\":\"https:\/\/www.pm.pb.gov.br\/portal\/conectapmpb\/#breadcrumb\",\"itemListElement\":[{\"@type\":\"ListItem\",\"position\":1,\"name\":\"In\u00edcio\",\"item\":\"https:\/\/www.pm.pb.gov.br\/portal\/\"},{\"@type\":\"ListItem\",\"position\":2,\"name\":\"ConectaPMPB\"}]},{\"@type\":\"WebSite\",\"@id\":\"https:\/\/www.pm.pb.gov.br\/portal\/#website\",\"url\":\"https:\/\/www.pm.pb.gov.br\/portal\/\",\"name\":\"Pol\u00edcia Militar da Para\u00edba\",\"description\":\"\",\"publisher\":{\"@id\":\"https:\/\/www.pm.pb.gov.br\/portal\/#organization\"},\"potentialAction\":[{\"@type\":\"SearchAction\",\"target\":{\"@type\":\"EntryPoint\",\"urlTemplate\":\"https:\/\/www.pm.pb.gov.br\/portal\/?s={search_term_string}\"},\"query-input\":\"required name=search_term_string\"}],\"inLanguage\":\"pt-BR\"},{\"@type\":\"Organization\",\"@id\":\"https:\/\/www.pm.pb.gov.br\/portal\/#organization\",\"name\":\"Pol\u00edcia Militar da Para\u00edba\",\"url\":\"https:\/\/www.pm.pb.gov.br\/portal\/\",\"logo\":{\"@type\":\"ImageObject\",\"inLanguage\":\"pt-BR\",\"@id\":\"https:\/\/www.pm.pb.gov.br\/portal\/#\/schema\/logo\/image\/\",\"url\":\"https:\/\/www.pm.pb.gov.br\/portal\/wp-content\/uploads\/2025\/03\/cropped-logo-site-mag2-1.png\",\"contentUrl\":\"https:\/\/www.pm.pb.gov.br\/portal\/wp-content\/uploads\/2025\/03\/cropped-logo-site-mag2-1.png\",\"width\":320,\"height\":90,\"caption\":\"Pol\u00edcia Militar da Para\u00edba\"},\"image\":{\"@id\":\"https:\/\/www.pm.pb.gov.br\/portal\/#\/schema\/logo\/image\/\"}}]}<\/script>\n<!-- \/ Yoast SEO plugin. -->","yoast_head_json":{"title":"ConectaPMPB - Pol\u00edcia Militar da Para\u00edba","robots":{"index":"index","follow":"follow","max-snippet":"max-snippet:-1","max-image-preview":"max-image-preview:large","max-video-preview":"max-video-preview:-1"},"canonical":"https:\/\/www.pm.pb.gov.br\/portal\/conectapmpb\/","og_locale":"pt_BR","og_type":"article","og_title":"ConectaPMPB - Pol\u00edcia Militar da Para\u00edba","og_description":"Visando aumentar a proximidade e agilidade no acesso \u00e0s informa\u00e7\u00f5es funcionais pelos policiais militares da Para\u00edba, foi lan\u00e7ado o aplicativo","og_url":"https:\/\/www.pm.pb.gov.br\/portal\/conectapmpb\/","og_site_name":"Pol\u00edcia Militar da Para\u00edba","article_modified_time":"2024-04-11T13:22:06+00:00","og_image":[{"width":620,"height":411,"url":"https:\/\/www.pm.pb.gov.br\/portal\/wp-content\/uploads\/2016\/04\/foto_brasao-1.jpg","type":"image\/jpeg"}],"twitter_card":"summary_large_image","twitter_misc":{"Est. tempo de leitura":"9 minutos"},"schema":{"@context":"https:\/\/schema.org","@graph":[{"@type":"WebPage","@id":"https:\/\/www.pm.pb.gov.br\/portal\/conectapmpb\/","url":"https:\/\/www.pm.pb.gov.br\/portal\/conectapmpb\/","name":"ConectaPMPB - Pol\u00edcia Militar da Para\u00edba","isPartOf":{"@id":"https:\/\/www.pm.pb.gov.br\/portal\/#website"},"datePublished":"2018-09-20T18:26:37+00:00","dateModified":"2024-04-11T13:22:06+00:00","breadcrumb":{"@id":"https:\/\/www.pm.pb.gov.br\/portal\/conectapmpb\/#breadcrumb"},"inLanguage":"pt-BR","potentialAction":[{"@type":"ReadAction","target":["https:\/\/www.pm.pb.gov.br\/portal\/conectapmpb\/"]}]},{"@type":"BreadcrumbList","@id":"https:\/\/www.pm.pb.gov.br\/portal\/conectapmpb\/#breadcrumb","itemListElement":[{"@type":"ListItem","position":1,"name":"In\u00edcio","item":"https:\/\/www.pm.pb.gov.br\/portal\/"},{"@type":"ListItem","position":2,"name":"ConectaPMPB"}]},{"@type":"WebSite","@id":"https:\/\/www.pm.pb.gov.br\/portal\/#website","url":"https:\/\/www.pm.pb.gov.br\/portal\/","name":"Pol\u00edcia Militar da Para\u00edba","description":"","publisher":{"@id":"https:\/\/www.pm.pb.gov.br\/portal\/#organization"},"potentialAction":[{"@type":"SearchAction","target":{"@type":"EntryPoint","urlTemplate":"https:\/\/www.pm.pb.gov.br\/portal\/?s={search_term_string}"},"query-input":"required name=search_term_string"}],"inLanguage":"pt-BR"},{"@type":"Organization","@id":"https:\/\/www.pm.pb.gov.br\/portal\/#organization","name":"Pol\u00edcia Militar da Para\u00edba","url":"https:\/\/www.pm.pb.gov.br\/portal\/","logo":{"@type":"ImageObject","inLanguage":"pt-BR","@id":"https:\/\/www.pm.pb.gov.br\/portal\/#\/schema\/logo\/image\/","url":"https:\/\/www.pm.pb.gov.br\/portal\/wp-content\/uploads\/2025\/03\/cropped-logo-site-mag2-1.png","contentUrl":"https:\/\/www.pm.pb.gov.br\/portal\/wp-content\/uploads\/2025\/03\/cropped-logo-site-mag2-1.png","width":320,"height":90,"caption":"Pol\u00edcia Militar da Para\u00edba"},"image":{"@id":"https:\/\/www.pm.pb.gov.br\/portal\/#\/schema\/logo\/image\/"}}]}},"_links":{"self":[{"href":"https:\/\/www.pm.pb.gov.br\/portal\/wp-json\/wp\/v2\/pages\/898878"}],"collection":[{"href":"https:\/\/www.pm.pb.gov.br\/portal\/wp-json\/wp\/v2\/pages"}],"about":[{"href":"https:\/\/www.pm.pb.gov.br\/portal\/wp-json\/wp\/v2\/types\/page"}],"author":[{"embeddable":true,"href":"https:\/\/www.pm.pb.gov.br\/portal\/wp-json\/wp\/v2\/users\/1"}],"replies":[{"embeddable":true,"href":"https:\/\/www.pm.pb.gov.br\/portal\/wp-json\/wp\/v2\/comments?post=898878"}],"version-history":[{"count":36,"href":"https:\/\/www.pm.pb.gov.br\/portal\/wp-json\/wp\/v2\/pages\/898878\/revisions"}],"predecessor-version":[{"id":921732,"href":"https:\/\/www.pm.pb.gov.br\/portal\/wp-json\/wp\/v2\/pages\/898878\/revisions\/921732"}],"wp:attachment":[{"href":"https:\/\/www.pm.pb.gov.br\/portal\/wp-json\/wp\/v2\/media?parent=898878"}],"curies":[{"name":"wp","href":"https:\/\/api.w.org\/{rel}","templated":true}]}}