{"id":898196,"date":"2018-06-11T11:44:17","date_gmt":"2018-06-11T14:44:17","guid":{"rendered":"http:\/\/www.pm.pb.gov.br\/portal\/?page_id=898196"},"modified":"2025-11-18T11:48:43","modified_gmt":"2025-11-18T14:48:43","slug":"espaco-viver-bem","status":"publish","type":"page","link":"https:\/\/www.pm.pb.gov.br\/portal\/espaco-viver-bem\/","title":{"rendered":"Espa\u00e7o Viver Bem"},"content":{"rendered":"<p><img loading=\"lazy\" decoding=\"async\" class=\"size-medium wp-image-898445 aligncenter\" src=\"http:\/\/www.pm.pb.gov.br\/portal\/wp-content\/uploads\/2018\/07\/banner-site_Servi\u00e7os-1-800x237.jpg\" alt=\"\" width=\"800\" height=\"237\" srcset=\"https:\/\/www.pm.pb.gov.br\/portal\/wp-content\/uploads\/2018\/07\/banner-site_Servi\u00e7os-1.jpg 800w, https:\/\/www.pm.pb.gov.br\/portal\/wp-content\/uploads\/2018\/07\/banner-site_Servi\u00e7os-1-768x228.jpg 768w\" sizes=\"(max-width: 800px) 100vw, 800px\" \/><\/p>\n<p style=\"text-align: justify;\">Criado em 23 de agosto de 2016, em Jo\u00e3o Pessoa, o Espa\u00e7o Viver Bem do Policial Militar \u00e9 voltado ao atendimento \u00e0 sa\u00fade f\u00edsica e mental dos policiais militares e seus dependentes (c\u00f4njuge e filhos), promovendo mais qualidade de vida para os profissionais.<\/p>\n<p style=\"text-align: justify;\">A PMPB conta com o Espa\u00e7o Viver Bem nas cidades de Jo\u00e3o Pessoa, Campina Grande e Patos. Ademais, atua realizando atendimentos nas cidades circunvizinhas, atrav\u00e9s do &#8220;EVB Itinerante&#8221;, visitando unidades da PM em todo o estado.<\/p>\n<p>Servi\u00e7os oferecidos:<br \/>\n* Psicologia adulto e infantil;<br \/>\n* Psiquiatria (apenas PMs);<br \/>\n* Psicopedagogia;<br \/>\n* Servi\u00e7o de Assist\u00eancia Social;<br \/>\n* Nutri\u00e7\u00e3o;<br \/>\n* Oficina de arte educa\u00e7\u00e3o;<br \/>\n* Grupo Terap\u00eautico Institucional para usu\u00e1rios de \u00e1lcool e outras drogas;<br \/>\n* Acompanhamento domiciliar ou hospitalar em servi\u00e7o social e psicologia.<\/p>\n<p><img loading=\"lazy\" decoding=\"async\" class=\"size-medium wp-image-898396 alignnone\" src=\"http:\/\/www.pm.pb.gov.br\/portal\/wp-content\/uploads\/2018\/07\/barrasite_Servi\u00e7os-800x30.jpg\" alt=\"\" width=\"800\" height=\"30\" srcset=\"https:\/\/www.pm.pb.gov.br\/portal\/wp-content\/uploads\/2018\/07\/barrasite_Servi\u00e7os.jpg 800w, https:\/\/www.pm.pb.gov.br\/portal\/wp-content\/uploads\/2018\/07\/barrasite_Servi\u00e7os-768x29.jpg 768w\" sizes=\"(max-width: 800px) 100vw, 800px\" \/><\/p>\n<p><strong>UNIDADE I \u2013 JO\u00c3O PESSOA \u2013 PB<\/strong><br \/>\nAv. Esp\u00edrito Santo, 901 \u2013 B. dos Estados.<br \/>\nFone: ( 83) 99383-6434 (Whatsapp)<\/p>\n<p><strong>UNIDADE II \u2013 CAMPINA GRANDE \u2013 PB<\/strong><br \/>\nR. Ricardo Wagner da S. Paz, 173 \u2013<br \/>\nUniversit\u00e1rio. Fone: (83) 99108-8014 (Whatsapp)<\/p>\n<p><strong>UNIDADE III \u2013 PATOS \u2013 PB<\/strong><br \/>\nR. Jo\u00e3o Olinto, 196 \u2013 Bras\u00edlia. Fone: (83)<br \/>\n99120-3200 (Whatsapp)<\/p>\n","protected":false},"excerpt":{"rendered":"<p>Criado em 23 de agosto de 2016, em Jo\u00e3o Pessoa, o Espa\u00e7o Viver Bem do Policial Militar \u00e9 voltado ao<\/p>\n","protected":false},"author":11,"featured_media":0,"parent":0,"menu_order":0,"comment_status":"closed","ping_status":"closed","template":"","meta":{"_exactmetrics_skip_tracking":false,"_exactmetrics_sitenote_active":false,"_exactmetrics_sitenote_note":"","_exactmetrics_sitenote_category":0,"footnotes":""},"yoast_head":"<!-- This site is optimized with the Yoast SEO plugin v22.0 - https:\/\/yoast.com\/wordpress\/plugins\/seo\/ -->\n<title>Espa\u00e7o Viver Bem - Pol\u00edcia Militar da Para\u00edba<\/title>\n<meta name=\"robots\" content=\"index, follow, max-snippet:-1, max-image-preview:large, max-video-preview:-1\" \/>\n<link rel=\"canonical\" href=\"https:\/\/www.pm.pb.gov.br\/portal\/espaco-viver-bem\/\" \/>\n<meta property=\"og:locale\" content=\"pt_BR\" \/>\n<meta property=\"og:type\" content=\"article\" \/>\n<meta property=\"og:title\" content=\"Espa\u00e7o Viver Bem - Pol\u00edcia Militar da Para\u00edba\" \/>\n<meta property=\"og:description\" content=\"Criado em 23 de agosto de 2016, em Jo\u00e3o Pessoa, o Espa\u00e7o Viver Bem do Policial Militar \u00e9 voltado ao\" \/>\n<meta property=\"og:url\" content=\"https:\/\/www.pm.pb.gov.br\/portal\/espaco-viver-bem\/\" \/>\n<meta property=\"og:site_name\" content=\"Pol\u00edcia Militar da Para\u00edba\" \/>\n<meta property=\"article:modified_time\" content=\"2025-11-18T14:48:43+00:00\" \/>\n<meta property=\"og:image\" content=\"https:\/\/www.pm.pb.gov.br\/portal\/wp-content\/uploads\/2016\/04\/foto_brasao-1.jpg\" \/>\n\t<meta property=\"og:image:width\" content=\"620\" \/>\n\t<meta property=\"og:image:height\" content=\"411\" \/>\n\t<meta property=\"og:image:type\" content=\"image\/jpeg\" \/>\n<meta name=\"twitter:card\" content=\"summary_large_image\" \/>\n<meta name=\"twitter:label1\" content=\"Est. tempo de leitura\" \/>\n\t<meta name=\"twitter:data1\" content=\"2 minutos\" \/>\n<script type=\"application\/ld+json\" class=\"yoast-schema-graph\">{\"@context\":\"https:\/\/schema.org\",\"@graph\":[{\"@type\":\"WebPage\",\"@id\":\"https:\/\/www.pm.pb.gov.br\/portal\/espaco-viver-bem\/\",\"url\":\"https:\/\/www.pm.pb.gov.br\/portal\/espaco-viver-bem\/\",\"name\":\"Espa\u00e7o Viver Bem - Pol\u00edcia Militar da Para\u00edba\",\"isPartOf\":{\"@id\":\"https:\/\/www.pm.pb.gov.br\/portal\/#website\"},\"datePublished\":\"2018-06-11T14:44:17+00:00\",\"dateModified\":\"2025-11-18T14:48:43+00:00\",\"breadcrumb\":{\"@id\":\"https:\/\/www.pm.pb.gov.br\/portal\/espaco-viver-bem\/#breadcrumb\"},\"inLanguage\":\"pt-BR\",\"potentialAction\":[{\"@type\":\"ReadAction\",\"target\":[\"https:\/\/www.pm.pb.gov.br\/portal\/espaco-viver-bem\/\"]}]},{\"@type\":\"BreadcrumbList\",\"@id\":\"https:\/\/www.pm.pb.gov.br\/portal\/espaco-viver-bem\/#breadcrumb\",\"itemListElement\":[{\"@type\":\"ListItem\",\"position\":1,\"name\":\"In\u00edcio\",\"item\":\"https:\/\/www.pm.pb.gov.br\/portal\/\"},{\"@type\":\"ListItem\",\"position\":2,\"name\":\"Espa\u00e7o Viver Bem\"}]},{\"@type\":\"WebSite\",\"@id\":\"https:\/\/www.pm.pb.gov.br\/portal\/#website\",\"url\":\"https:\/\/www.pm.pb.gov.br\/portal\/\",\"name\":\"Pol\u00edcia Militar da Para\u00edba\",\"description\":\"\",\"publisher\":{\"@id\":\"https:\/\/www.pm.pb.gov.br\/portal\/#organization\"},\"potentialAction\":[{\"@type\":\"SearchAction\",\"target\":{\"@type\":\"EntryPoint\",\"urlTemplate\":\"https:\/\/www.pm.pb.gov.br\/portal\/?s={search_term_string}\"},\"query-input\":\"required name=search_term_string\"}],\"inLanguage\":\"pt-BR\"},{\"@type\":\"Organization\",\"@id\":\"https:\/\/www.pm.pb.gov.br\/portal\/#organization\",\"name\":\"Pol\u00edcia Militar da Para\u00edba\",\"url\":\"https:\/\/www.pm.pb.gov.br\/portal\/\",\"logo\":{\"@type\":\"ImageObject\",\"inLanguage\":\"pt-BR\",\"@id\":\"https:\/\/www.pm.pb.gov.br\/portal\/#\/schema\/logo\/image\/\",\"url\":\"https:\/\/www.pm.pb.gov.br\/portal\/wp-content\/uploads\/2025\/03\/cropped-logo-site-mag2-1.png\",\"contentUrl\":\"https:\/\/www.pm.pb.gov.br\/portal\/wp-content\/uploads\/2025\/03\/cropped-logo-site-mag2-1.png\",\"width\":320,\"height\":90,\"caption\":\"Pol\u00edcia Militar da Para\u00edba\"},\"image\":{\"@id\":\"https:\/\/www.pm.pb.gov.br\/portal\/#\/schema\/logo\/image\/\"}}]}<\/script>\n<!-- \/ Yoast SEO plugin. -->","yoast_head_json":{"title":"Espa\u00e7o Viver Bem - Pol\u00edcia Militar da Para\u00edba","robots":{"index":"index","follow":"follow","max-snippet":"max-snippet:-1","max-image-preview":"max-image-preview:large","max-video-preview":"max-video-preview:-1"},"canonical":"https:\/\/www.pm.pb.gov.br\/portal\/espaco-viver-bem\/","og_locale":"pt_BR","og_type":"article","og_title":"Espa\u00e7o Viver Bem - Pol\u00edcia Militar da Para\u00edba","og_description":"Criado em 23 de agosto de 2016, em Jo\u00e3o Pessoa, o Espa\u00e7o Viver Bem do Policial Militar \u00e9 voltado ao","og_url":"https:\/\/www.pm.pb.gov.br\/portal\/espaco-viver-bem\/","og_site_name":"Pol\u00edcia Militar da Para\u00edba","article_modified_time":"2025-11-18T14:48:43+00:00","og_image":[{"width":620,"height":411,"url":"https:\/\/www.pm.pb.gov.br\/portal\/wp-content\/uploads\/2016\/04\/foto_brasao-1.jpg","type":"image\/jpeg"}],"twitter_card":"summary_large_image","twitter_misc":{"Est. tempo de leitura":"2 minutos"},"schema":{"@context":"https:\/\/schema.org","@graph":[{"@type":"WebPage","@id":"https:\/\/www.pm.pb.gov.br\/portal\/espaco-viver-bem\/","url":"https:\/\/www.pm.pb.gov.br\/portal\/espaco-viver-bem\/","name":"Espa\u00e7o Viver Bem - Pol\u00edcia Militar da Para\u00edba","isPartOf":{"@id":"https:\/\/www.pm.pb.gov.br\/portal\/#website"},"datePublished":"2018-06-11T14:44:17+00:00","dateModified":"2025-11-18T14:48:43+00:00","breadcrumb":{"@id":"https:\/\/www.pm.pb.gov.br\/portal\/espaco-viver-bem\/#breadcrumb"},"inLanguage":"pt-BR","potentialAction":[{"@type":"ReadAction","target":["https:\/\/www.pm.pb.gov.br\/portal\/espaco-viver-bem\/"]}]},{"@type":"BreadcrumbList","@id":"https:\/\/www.pm.pb.gov.br\/portal\/espaco-viver-bem\/#breadcrumb","itemListElement":[{"@type":"ListItem","position":1,"name":"In\u00edcio","item":"https:\/\/www.pm.pb.gov.br\/portal\/"},{"@type":"ListItem","position":2,"name":"Espa\u00e7o Viver Bem"}]},{"@type":"WebSite","@id":"https:\/\/www.pm.pb.gov.br\/portal\/#website","url":"https:\/\/www.pm.pb.gov.br\/portal\/","name":"Pol\u00edcia Militar da Para\u00edba","description":"","publisher":{"@id":"https:\/\/www.pm.pb.gov.br\/portal\/#organization"},"potentialAction":[{"@type":"SearchAction","target":{"@type":"EntryPoint","urlTemplate":"https:\/\/www.pm.pb.gov.br\/portal\/?s={search_term_string}"},"query-input":"required name=search_term_string"}],"inLanguage":"pt-BR"},{"@type":"Organization","@id":"https:\/\/www.pm.pb.gov.br\/portal\/#organization","name":"Pol\u00edcia Militar da Para\u00edba","url":"https:\/\/www.pm.pb.gov.br\/portal\/","logo":{"@type":"ImageObject","inLanguage":"pt-BR","@id":"https:\/\/www.pm.pb.gov.br\/portal\/#\/schema\/logo\/image\/","url":"https:\/\/www.pm.pb.gov.br\/portal\/wp-content\/uploads\/2025\/03\/cropped-logo-site-mag2-1.png","contentUrl":"https:\/\/www.pm.pb.gov.br\/portal\/wp-content\/uploads\/2025\/03\/cropped-logo-site-mag2-1.png","width":320,"height":90,"caption":"Pol\u00edcia Militar da Para\u00edba"},"image":{"@id":"https:\/\/www.pm.pb.gov.br\/portal\/#\/schema\/logo\/image\/"}}]}},"_links":{"self":[{"href":"https:\/\/www.pm.pb.gov.br\/portal\/wp-json\/wp\/v2\/pages\/898196"}],"collection":[{"href":"https:\/\/www.pm.pb.gov.br\/portal\/wp-json\/wp\/v2\/pages"}],"about":[{"href":"https:\/\/www.pm.pb.gov.br\/portal\/wp-json\/wp\/v2\/types\/page"}],"author":[{"embeddable":true,"href":"https:\/\/www.pm.pb.gov.br\/portal\/wp-json\/wp\/v2\/users\/11"}],"replies":[{"embeddable":true,"href":"https:\/\/www.pm.pb.gov.br\/portal\/wp-json\/wp\/v2\/comments?post=898196"}],"version-history":[{"count":18,"href":"https:\/\/www.pm.pb.gov.br\/portal\/wp-json\/wp\/v2\/pages\/898196\/revisions"}],"predecessor-version":[{"id":928943,"href":"https:\/\/www.pm.pb.gov.br\/portal\/wp-json\/wp\/v2\/pages\/898196\/revisions\/928943"}],"wp:attachment":[{"href":"https:\/\/www.pm.pb.gov.br\/portal\/wp-json\/wp\/v2\/media?parent=898196"}],"curies":[{"name":"wp","href":"https:\/\/api.w.org\/{rel}","templated":true}]}}