{"id":895016,"date":"2017-09-18T11:00:28","date_gmt":"2017-09-18T14:00:28","guid":{"rendered":"http:\/\/www.pm.pb.gov.br\/portal\/?page_id=895016"},"modified":"2023-06-14T08:46:30","modified_gmt":"2023-06-14T11:46:30","slug":"brasoes-nufap4o-bpm","status":"publish","type":"page","link":"https:\/\/www.pm.pb.gov.br\/portal\/institucional\/brasoes-pmpb\/brasoes-nufap4o-bpm\/","title":{"rendered":"Bras\u00f5es &#8211; NuFAP\/4\u00ba BPM"},"content":{"rendered":"<table style=\"width: 100%; border-collapse: collapse; border-style: none;\">\n<tbody>\n<tr>\n<td style=\"width: 27.8571%; border-style: none;\"><img loading=\"lazy\" decoding=\"async\" class=\"alignnone  wp-image-916858\" src=\"http:\/\/www.pm.pb.gov.br\/portal\/wp-content\/uploads\/2023\/06\/NUFAP4BPM-319x445.png\" alt=\"\" width=\"229\" height=\"319\" srcset=\"https:\/\/www.pm.pb.gov.br\/portal\/wp-content\/uploads\/2023\/06\/NUFAP4BPM-319x445.png 319w, https:\/\/www.pm.pb.gov.br\/portal\/wp-content\/uploads\/2023\/06\/NUFAP4BPM-409x570.png 409w, https:\/\/www.pm.pb.gov.br\/portal\/wp-content\/uploads\/2023\/06\/NUFAP4BPM-768x1071.png 768w, https:\/\/www.pm.pb.gov.br\/portal\/wp-content\/uploads\/2023\/06\/NUFAP4BPM.png 1064w\" sizes=\"(max-width: 229px) 100vw, 229px\" \/><\/td>\n<td style=\"width: 72.1429%; border-style: none;\">\n<h2>N\u00daCLEO DE FORMA\u00c7\u00c3O E APRIMORAMENTO PROFISSIONAL (NuFAP\/4\u00ba BPM)<\/h2>\n<h5>Autoria do Bras\u00e3o:<\/h5>\n<p>Maj QOC GLAUCO C\u00c9SAR DA SILVA PAIVA<\/p>\n<h5>Descri\u00e7\u00e3o Her\u00e1ldica:<\/h5>\n<p>Maj QOC GLAUCO C\u00c9SAR DA SILVA PAIVA<\/p>\n<h5>Apoio T\u00e9cnico:<\/h5>\n<p>Cb QPC P\u00c9TALA PEREIRA DE SANTOS MEDEIROS<\/td>\n<\/tr>\n<\/tbody>\n<\/table>\n<h5 style=\"text-align: justify;\">Bras\u00e3o:<\/h5>\n<p style=\"text-align: justify;\">\u2022 Escudo peninsular portugu\u00eas, chefe com dois campos, em faixa, o superior de goles e o inferior de sable, contendo com a inscri\u00e7\u00e3o \u201cNuFAP\/40 BPM\u201d, em ouro, cortado, o primeiro de prata, com um par de bucaneiras (garruchas), cosidas de sable, partido de prata com um livro, em faixa e em ouro, cosido de sable com p\u00e1ginas em prata, sobreposto por uma chama, na sua cor, emoldurado por uma coroa de louros, em ouro, cosida e nervada de sable, o segundo de prata, com um par de tochas, encimado por uma esfera armilar, tudo em ouro e cosido de sable.<\/p>\n<h5 style=\"text-align: justify;\">Simbologia e alus\u00e3o das pe\u00e7as:<\/h5>\n<p style=\"text-align: justify;\">\u2022 As bucaneiras (garruchas) representam a Pol\u00edcia Militar, Institui\u00e7\u00e3o da qual fazem parte os integrantes do NuFAP\/40 BPM;<br \/>\n\u2022 O livro, a chama e a coroa de louros simbolizam a gl\u00f3ria do saber e do educar; e<br \/>\n\u2022 As tochas e a esfera armilar evidenciam a cidade de Guarabira (munic\u00edpio conhecido como \u201ccidade luz\u201d e<br \/>\nsede da OPM) e a educa\u00e7\u00e3o, o aprimoramento e a forma\u00e7\u00e3o policial militar.<\/p>\n","protected":false},"excerpt":{"rendered":"<p>N\u00daCLEO DE FORMA\u00c7\u00c3O E APRIMORAMENTO PROFISSIONAL (NuFAP\/4\u00ba BPM) Autoria do Bras\u00e3o: Maj QOC GLAUCO C\u00c9SAR DA SILVA PAIVA Descri\u00e7\u00e3o Her\u00e1ldica:<\/p>\n","protected":false},"author":5,"featured_media":0,"parent":894816,"menu_order":0,"comment_status":"closed","ping_status":"closed","template":"","meta":{"_exactmetrics_skip_tracking":false,"_exactmetrics_sitenote_active":false,"_exactmetrics_sitenote_note":"","_exactmetrics_sitenote_category":0,"footnotes":""},"yoast_head":"<!-- This site is optimized with the Yoast SEO plugin v22.0 - https:\/\/yoast.com\/wordpress\/plugins\/seo\/ -->\n<title>Bras\u00f5es - NuFAP\/4\u00ba BPM - Pol\u00edcia Militar da Para\u00edba<\/title>\n<meta name=\"robots\" content=\"index, follow, max-snippet:-1, max-image-preview:large, max-video-preview:-1\" \/>\n<link rel=\"canonical\" href=\"https:\/\/www.pm.pb.gov.br\/portal\/institucional\/brasoes-pmpb\/brasoes-nufap4o-bpm\/\" \/>\n<meta property=\"og:locale\" content=\"pt_BR\" \/>\n<meta property=\"og:type\" content=\"article\" \/>\n<meta property=\"og:title\" content=\"Bras\u00f5es - NuFAP\/4\u00ba BPM - Pol\u00edcia Militar da Para\u00edba\" \/>\n<meta property=\"og:description\" content=\"N\u00daCLEO DE FORMA\u00c7\u00c3O E APRIMORAMENTO PROFISSIONAL (NuFAP\/4\u00ba BPM) Autoria do Bras\u00e3o: Maj QOC GLAUCO C\u00c9SAR DA SILVA PAIVA Descri\u00e7\u00e3o Her\u00e1ldica:\" \/>\n<meta property=\"og:url\" content=\"https:\/\/www.pm.pb.gov.br\/portal\/institucional\/brasoes-pmpb\/brasoes-nufap4o-bpm\/\" \/>\n<meta property=\"og:site_name\" content=\"Pol\u00edcia Militar da Para\u00edba\" \/>\n<meta property=\"article:modified_time\" content=\"2023-06-14T11:46:30+00:00\" \/>\n<meta property=\"og:image\" content=\"http:\/\/www.pm.pb.gov.br\/portal\/wp-content\/uploads\/2023\/06\/NUFAP4BPM-319x445.png\" \/>\n<meta name=\"twitter:card\" content=\"summary_large_image\" \/>\n<meta name=\"twitter:label1\" content=\"Est. tempo de leitura\" \/>\n\t<meta name=\"twitter:data1\" content=\"2 minutos\" \/>\n<script type=\"application\/ld+json\" class=\"yoast-schema-graph\">{\"@context\":\"https:\/\/schema.org\",\"@graph\":[{\"@type\":\"WebPage\",\"@id\":\"https:\/\/www.pm.pb.gov.br\/portal\/institucional\/brasoes-pmpb\/brasoes-nufap4o-bpm\/\",\"url\":\"https:\/\/www.pm.pb.gov.br\/portal\/institucional\/brasoes-pmpb\/brasoes-nufap4o-bpm\/\",\"name\":\"Bras\u00f5es - NuFAP\/4\u00ba BPM - Pol\u00edcia Militar da Para\u00edba\",\"isPartOf\":{\"@id\":\"https:\/\/www.pm.pb.gov.br\/portal\/#website\"},\"datePublished\":\"2017-09-18T14:00:28+00:00\",\"dateModified\":\"2023-06-14T11:46:30+00:00\",\"breadcrumb\":{\"@id\":\"https:\/\/www.pm.pb.gov.br\/portal\/institucional\/brasoes-pmpb\/brasoes-nufap4o-bpm\/#breadcrumb\"},\"inLanguage\":\"pt-BR\",\"potentialAction\":[{\"@type\":\"ReadAction\",\"target\":[\"https:\/\/www.pm.pb.gov.br\/portal\/institucional\/brasoes-pmpb\/brasoes-nufap4o-bpm\/\"]}]},{\"@type\":\"BreadcrumbList\",\"@id\":\"https:\/\/www.pm.pb.gov.br\/portal\/institucional\/brasoes-pmpb\/brasoes-nufap4o-bpm\/#breadcrumb\",\"itemListElement\":[{\"@type\":\"ListItem\",\"position\":1,\"name\":\"In\u00edcio\",\"item\":\"https:\/\/www.pm.pb.gov.br\/portal\/\"},{\"@type\":\"ListItem\",\"position\":2,\"name\":\"Institucional\",\"item\":\"https:\/\/www.pm.pb.gov.br\/portal\/institucional\/\"},{\"@type\":\"ListItem\",\"position\":3,\"name\":\"Bras\u00f5es de Armas\",\"item\":\"https:\/\/www.pm.pb.gov.br\/portal\/institucional\/brasoes-pmpb\/\"},{\"@type\":\"ListItem\",\"position\":4,\"name\":\"Bras\u00f5es &#8211; NuFAP\/4\u00ba BPM\"}]},{\"@type\":\"WebSite\",\"@id\":\"https:\/\/www.pm.pb.gov.br\/portal\/#website\",\"url\":\"https:\/\/www.pm.pb.gov.br\/portal\/\",\"name\":\"Pol\u00edcia Militar da Para\u00edba\",\"description\":\"\",\"publisher\":{\"@id\":\"https:\/\/www.pm.pb.gov.br\/portal\/#organization\"},\"potentialAction\":[{\"@type\":\"SearchAction\",\"target\":{\"@type\":\"EntryPoint\",\"urlTemplate\":\"https:\/\/www.pm.pb.gov.br\/portal\/?s={search_term_string}\"},\"query-input\":\"required name=search_term_string\"}],\"inLanguage\":\"pt-BR\"},{\"@type\":\"Organization\",\"@id\":\"https:\/\/www.pm.pb.gov.br\/portal\/#organization\",\"name\":\"Pol\u00edcia Militar da Para\u00edba\",\"url\":\"https:\/\/www.pm.pb.gov.br\/portal\/\",\"logo\":{\"@type\":\"ImageObject\",\"inLanguage\":\"pt-BR\",\"@id\":\"https:\/\/www.pm.pb.gov.br\/portal\/#\/schema\/logo\/image\/\",\"url\":\"https:\/\/www.pm.pb.gov.br\/portal\/wp-content\/uploads\/2025\/03\/cropped-logo-site-mag2-1.png\",\"contentUrl\":\"https:\/\/www.pm.pb.gov.br\/portal\/wp-content\/uploads\/2025\/03\/cropped-logo-site-mag2-1.png\",\"width\":320,\"height\":90,\"caption\":\"Pol\u00edcia Militar da Para\u00edba\"},\"image\":{\"@id\":\"https:\/\/www.pm.pb.gov.br\/portal\/#\/schema\/logo\/image\/\"}}]}<\/script>\n<!-- \/ Yoast SEO plugin. -->","yoast_head_json":{"title":"Bras\u00f5es - NuFAP\/4\u00ba BPM - Pol\u00edcia Militar da Para\u00edba","robots":{"index":"index","follow":"follow","max-snippet":"max-snippet:-1","max-image-preview":"max-image-preview:large","max-video-preview":"max-video-preview:-1"},"canonical":"https:\/\/www.pm.pb.gov.br\/portal\/institucional\/brasoes-pmpb\/brasoes-nufap4o-bpm\/","og_locale":"pt_BR","og_type":"article","og_title":"Bras\u00f5es - NuFAP\/4\u00ba BPM - Pol\u00edcia Militar da Para\u00edba","og_description":"N\u00daCLEO DE FORMA\u00c7\u00c3O E APRIMORAMENTO PROFISSIONAL (NuFAP\/4\u00ba BPM) Autoria do Bras\u00e3o: Maj QOC GLAUCO C\u00c9SAR DA SILVA PAIVA Descri\u00e7\u00e3o Her\u00e1ldica:","og_url":"https:\/\/www.pm.pb.gov.br\/portal\/institucional\/brasoes-pmpb\/brasoes-nufap4o-bpm\/","og_site_name":"Pol\u00edcia Militar da Para\u00edba","article_modified_time":"2023-06-14T11:46:30+00:00","og_image":[{"url":"http:\/\/www.pm.pb.gov.br\/portal\/wp-content\/uploads\/2023\/06\/NUFAP4BPM-319x445.png"}],"twitter_card":"summary_large_image","twitter_misc":{"Est. tempo de leitura":"2 minutos"},"schema":{"@context":"https:\/\/schema.org","@graph":[{"@type":"WebPage","@id":"https:\/\/www.pm.pb.gov.br\/portal\/institucional\/brasoes-pmpb\/brasoes-nufap4o-bpm\/","url":"https:\/\/www.pm.pb.gov.br\/portal\/institucional\/brasoes-pmpb\/brasoes-nufap4o-bpm\/","name":"Bras\u00f5es - NuFAP\/4\u00ba BPM - Pol\u00edcia Militar da Para\u00edba","isPartOf":{"@id":"https:\/\/www.pm.pb.gov.br\/portal\/#website"},"datePublished":"2017-09-18T14:00:28+00:00","dateModified":"2023-06-14T11:46:30+00:00","breadcrumb":{"@id":"https:\/\/www.pm.pb.gov.br\/portal\/institucional\/brasoes-pmpb\/brasoes-nufap4o-bpm\/#breadcrumb"},"inLanguage":"pt-BR","potentialAction":[{"@type":"ReadAction","target":["https:\/\/www.pm.pb.gov.br\/portal\/institucional\/brasoes-pmpb\/brasoes-nufap4o-bpm\/"]}]},{"@type":"BreadcrumbList","@id":"https:\/\/www.pm.pb.gov.br\/portal\/institucional\/brasoes-pmpb\/brasoes-nufap4o-bpm\/#breadcrumb","itemListElement":[{"@type":"ListItem","position":1,"name":"In\u00edcio","item":"https:\/\/www.pm.pb.gov.br\/portal\/"},{"@type":"ListItem","position":2,"name":"Institucional","item":"https:\/\/www.pm.pb.gov.br\/portal\/institucional\/"},{"@type":"ListItem","position":3,"name":"Bras\u00f5es de Armas","item":"https:\/\/www.pm.pb.gov.br\/portal\/institucional\/brasoes-pmpb\/"},{"@type":"ListItem","position":4,"name":"Bras\u00f5es &#8211; NuFAP\/4\u00ba BPM"}]},{"@type":"WebSite","@id":"https:\/\/www.pm.pb.gov.br\/portal\/#website","url":"https:\/\/www.pm.pb.gov.br\/portal\/","name":"Pol\u00edcia Militar da Para\u00edba","description":"","publisher":{"@id":"https:\/\/www.pm.pb.gov.br\/portal\/#organization"},"potentialAction":[{"@type":"SearchAction","target":{"@type":"EntryPoint","urlTemplate":"https:\/\/www.pm.pb.gov.br\/portal\/?s={search_term_string}"},"query-input":"required name=search_term_string"}],"inLanguage":"pt-BR"},{"@type":"Organization","@id":"https:\/\/www.pm.pb.gov.br\/portal\/#organization","name":"Pol\u00edcia Militar da Para\u00edba","url":"https:\/\/www.pm.pb.gov.br\/portal\/","logo":{"@type":"ImageObject","inLanguage":"pt-BR","@id":"https:\/\/www.pm.pb.gov.br\/portal\/#\/schema\/logo\/image\/","url":"https:\/\/www.pm.pb.gov.br\/portal\/wp-content\/uploads\/2025\/03\/cropped-logo-site-mag2-1.png","contentUrl":"https:\/\/www.pm.pb.gov.br\/portal\/wp-content\/uploads\/2025\/03\/cropped-logo-site-mag2-1.png","width":320,"height":90,"caption":"Pol\u00edcia Militar da Para\u00edba"},"image":{"@id":"https:\/\/www.pm.pb.gov.br\/portal\/#\/schema\/logo\/image\/"}}]}},"_links":{"self":[{"href":"https:\/\/www.pm.pb.gov.br\/portal\/wp-json\/wp\/v2\/pages\/895016"}],"collection":[{"href":"https:\/\/www.pm.pb.gov.br\/portal\/wp-json\/wp\/v2\/pages"}],"about":[{"href":"https:\/\/www.pm.pb.gov.br\/portal\/wp-json\/wp\/v2\/types\/page"}],"author":[{"embeddable":true,"href":"https:\/\/www.pm.pb.gov.br\/portal\/wp-json\/wp\/v2\/users\/5"}],"replies":[{"embeddable":true,"href":"https:\/\/www.pm.pb.gov.br\/portal\/wp-json\/wp\/v2\/comments?post=895016"}],"version-history":[{"count":4,"href":"https:\/\/www.pm.pb.gov.br\/portal\/wp-json\/wp\/v2\/pages\/895016\/revisions"}],"predecessor-version":[{"id":916986,"href":"https:\/\/www.pm.pb.gov.br\/portal\/wp-json\/wp\/v2\/pages\/895016\/revisions\/916986"}],"up":[{"embeddable":true,"href":"https:\/\/www.pm.pb.gov.br\/portal\/wp-json\/wp\/v2\/pages\/894816"}],"wp:attachment":[{"href":"https:\/\/www.pm.pb.gov.br\/portal\/wp-json\/wp\/v2\/media?parent=895016"}],"curies":[{"name":"wp","href":"https:\/\/api.w.org\/{rel}","templated":true}]}}