{"id":894910,"date":"2017-09-18T10:28:30","date_gmt":"2017-09-18T13:28:30","guid":{"rendered":"http:\/\/www.pm.pb.gov.br\/portal\/?page_id=894910"},"modified":"2023-06-14T08:59:14","modified_gmt":"2023-06-14T11:59:14","slug":"brasoes-4o-bpm","status":"publish","type":"page","link":"https:\/\/www.pm.pb.gov.br\/portal\/institucional\/brasoes-pmpb\/brasoes-4o-bpm\/","title":{"rendered":"Bras\u00f5es &#8211; 4\u00ba BPM"},"content":{"rendered":"\n<table style=\"width: 100%; border-collapse: collapse; border-style: none;\">\n<tbody>\n<tr>\n<td style=\"width: 27.619%; border-style: none;\"><img loading=\"lazy\" decoding=\"async\" class=\"alignnone  wp-image-916811\" src=\"http:\/\/www.pm.pb.gov.br\/portal\/wp-content\/uploads\/2023\/06\/4BPM-319x445.png\" alt=\"\" width=\"229\" height=\"319\" srcset=\"https:\/\/www.pm.pb.gov.br\/portal\/wp-content\/uploads\/2023\/06\/4BPM-319x445.png 319w, https:\/\/www.pm.pb.gov.br\/portal\/wp-content\/uploads\/2023\/06\/4BPM-409x570.png 409w, https:\/\/www.pm.pb.gov.br\/portal\/wp-content\/uploads\/2023\/06\/4BPM-768x1071.png 768w, https:\/\/www.pm.pb.gov.br\/portal\/wp-content\/uploads\/2023\/06\/4BPM.png 1064w\" sizes=\"(max-width: 229px) 100vw, 229px\" \/><\/td>\n<td style=\"width: 72.381%; border-style: none;\">\n<h2><span style=\"font-size: 1.1em;\">4\u00ba BATALH\u00c3O DE POL\u00cdCIA MILITAR (4\u00ba BPM)<\/span><\/h2>\n<h5>Autoria do Bras\u00e3o:<\/h5>\n<p><span class=\"fontstyle0\">Maj R\/R FRANCISCO ANT\u00d4NIO <\/span><span class=\"fontstyle2\">ANDRADE <\/span><span class=\"fontstyle0\">FILHO.<\/span><\/p>\n<h5>Descri\u00e7\u00e3o Her\u00e1ldica:<\/h5>\n<p><span class=\"fontstyle0\">Maj QOC LUIZ <\/span><span class=\"fontstyle2\">C\u00c2NDIDO <\/span><span class=\"fontstyle0\">DA SILVA FILHO.<\/span><\/p>\n<p><span class=\"fontstyle0\" style=\"font-size: inherit;\">Maj R\/R FRANCISCO ANT\u00d4NIO <\/span><span class=\"fontstyle2\" style=\"font-size: inherit;\">ANDRADE <\/span><span class=\"fontstyle0\" style=\"font-size: inherit;\">FILHO.<\/span><span style=\"font-size: inherit;\">\u00a0<\/span><\/p>\n<h5>Colaboradores:<\/h5>\n<p><span class=\"fontstyle0\">Maj QOC LUIZ <\/span><span class=\"fontstyle2\">C\u00c2NDIDO <\/span><span class=\"fontstyle0\">DA SILVA FILHO.<\/span><\/p>\n<p><span class=\"fontstyle0\">2\u00ba Sgt QPC <\/span><span class=\"fontstyle2\">HERMERSON <\/span><span class=\"fontstyle0\">PEDRO SOARES DE OLIVEIRA.<\/span><\/p>\n<\/td>\n<\/tr>\n<\/tbody>\n<\/table>\n<h5>Bras\u00e3o:<\/h5>\n<ul>\n<li>\u00a0Escudo peninsular portugu\u00eas, chefe com dois campos, em faixa, o superior de goles e o inferior de sable, contendo a inscri\u00e7\u00e3o \u201c4\u00b0 BPM\u201d, em ouro. O primeiro cortado na vertical, com dois campos de prata, sendo o primeiro com um par de bucaneiras (garruchas) em aspa, de ouro, cosidas de sable, e o segundo campo com uma tocha acesa, de ouro, cosida de sable. O segundo cortado em horizontal, de prata com um engenho de cana-de-a\u00e7ucar e tra\u00e7os ondulados em sinopla.<\/li>\n<\/ul>\n<h5>Simbologia e alus\u00e3o das pe\u00e7as:<\/h5>\n<ul>\n<li>\u00a0As bucaneiras (garruchas) representam a Pol\u00edcia Militar;<\/li>\n<li>\u00a0A tocha como um t\u00edpico emblema de ilumina\u00e7\u00e3o espiritual e conhecimento identifica a ess\u00eancia educacional, o esp\u00edrito esportivo e o companheirismo inerentes dos militares estaduais deste Batalh\u00e3o, o que reflete nas suas a\u00e7\u00f5es em defesa da sociedade e manuten\u00e7\u00e3o da ordem p\u00fablica;<\/li>\n<li>O engenho de cana-de-a\u00e7ucar \u00e9 a representatividade do valor cultural e econ\u00f4mico da regi\u00e3o geogr\u00e1fica sob atribui\u00e7\u00e3o do 4\u00ba Batalh\u00e3o de Pol\u00edcia Militar da Para\u00edba. No fundo tra\u00e7os ondulados fazem alus\u00e3o ao relevo da Serra da Jurema, ponto mais elevado da regi\u00e3o.<\/li>\n<\/ul>\n","protected":false},"excerpt":{"rendered":"<p>4\u00ba BATALH\u00c3O DE POL\u00cdCIA MILITAR (4\u00ba BPM) Autoria do Bras\u00e3o: Maj R\/R FRANCISCO ANT\u00d4NIO ANDRADE FILHO. Descri\u00e7\u00e3o Her\u00e1ldica: Maj QOC<\/p>\n","protected":false},"author":5,"featured_media":0,"parent":894816,"menu_order":0,"comment_status":"closed","ping_status":"closed","template":"","meta":{"_exactmetrics_skip_tracking":false,"_exactmetrics_sitenote_active":false,"_exactmetrics_sitenote_note":"","_exactmetrics_sitenote_category":0,"footnotes":""},"yoast_head":"<!-- This site is optimized with the Yoast SEO plugin v22.0 - https:\/\/yoast.com\/wordpress\/plugins\/seo\/ -->\n<title>Bras\u00f5es - 4\u00ba BPM - Pol\u00edcia Militar da Para\u00edba<\/title>\n<meta name=\"robots\" content=\"index, follow, max-snippet:-1, max-image-preview:large, max-video-preview:-1\" \/>\n<link rel=\"canonical\" href=\"https:\/\/www.pm.pb.gov.br\/portal\/institucional\/brasoes-pmpb\/brasoes-4o-bpm\/\" \/>\n<meta property=\"og:locale\" content=\"pt_BR\" \/>\n<meta property=\"og:type\" content=\"article\" \/>\n<meta property=\"og:title\" content=\"Bras\u00f5es - 4\u00ba BPM - Pol\u00edcia Militar da Para\u00edba\" \/>\n<meta property=\"og:description\" content=\"4\u00ba BATALH\u00c3O DE POL\u00cdCIA MILITAR (4\u00ba BPM) Autoria do Bras\u00e3o: Maj R\/R FRANCISCO ANT\u00d4NIO ANDRADE FILHO. Descri\u00e7\u00e3o Her\u00e1ldica: Maj QOC\" \/>\n<meta property=\"og:url\" content=\"https:\/\/www.pm.pb.gov.br\/portal\/institucional\/brasoes-pmpb\/brasoes-4o-bpm\/\" \/>\n<meta property=\"og:site_name\" content=\"Pol\u00edcia Militar da Para\u00edba\" \/>\n<meta property=\"article:modified_time\" content=\"2023-06-14T11:59:14+00:00\" \/>\n<meta property=\"og:image\" content=\"http:\/\/www.pm.pb.gov.br\/portal\/wp-content\/uploads\/2023\/06\/4BPM-319x445.png\" \/>\n<meta name=\"twitter:card\" content=\"summary_large_image\" \/>\n<meta name=\"twitter:label1\" content=\"Est. tempo de leitura\" \/>\n\t<meta name=\"twitter:data1\" content=\"2 minutos\" \/>\n<script type=\"application\/ld+json\" class=\"yoast-schema-graph\">{\"@context\":\"https:\/\/schema.org\",\"@graph\":[{\"@type\":\"WebPage\",\"@id\":\"https:\/\/www.pm.pb.gov.br\/portal\/institucional\/brasoes-pmpb\/brasoes-4o-bpm\/\",\"url\":\"https:\/\/www.pm.pb.gov.br\/portal\/institucional\/brasoes-pmpb\/brasoes-4o-bpm\/\",\"name\":\"Bras\u00f5es - 4\u00ba BPM - Pol\u00edcia Militar da Para\u00edba\",\"isPartOf\":{\"@id\":\"https:\/\/www.pm.pb.gov.br\/portal\/#website\"},\"datePublished\":\"2017-09-18T13:28:30+00:00\",\"dateModified\":\"2023-06-14T11:59:14+00:00\",\"breadcrumb\":{\"@id\":\"https:\/\/www.pm.pb.gov.br\/portal\/institucional\/brasoes-pmpb\/brasoes-4o-bpm\/#breadcrumb\"},\"inLanguage\":\"pt-BR\",\"potentialAction\":[{\"@type\":\"ReadAction\",\"target\":[\"https:\/\/www.pm.pb.gov.br\/portal\/institucional\/brasoes-pmpb\/brasoes-4o-bpm\/\"]}]},{\"@type\":\"BreadcrumbList\",\"@id\":\"https:\/\/www.pm.pb.gov.br\/portal\/institucional\/brasoes-pmpb\/brasoes-4o-bpm\/#breadcrumb\",\"itemListElement\":[{\"@type\":\"ListItem\",\"position\":1,\"name\":\"In\u00edcio\",\"item\":\"https:\/\/www.pm.pb.gov.br\/portal\/\"},{\"@type\":\"ListItem\",\"position\":2,\"name\":\"Institucional\",\"item\":\"https:\/\/www.pm.pb.gov.br\/portal\/institucional\/\"},{\"@type\":\"ListItem\",\"position\":3,\"name\":\"Bras\u00f5es de Armas\",\"item\":\"https:\/\/www.pm.pb.gov.br\/portal\/institucional\/brasoes-pmpb\/\"},{\"@type\":\"ListItem\",\"position\":4,\"name\":\"Bras\u00f5es &#8211; 4\u00ba BPM\"}]},{\"@type\":\"WebSite\",\"@id\":\"https:\/\/www.pm.pb.gov.br\/portal\/#website\",\"url\":\"https:\/\/www.pm.pb.gov.br\/portal\/\",\"name\":\"Pol\u00edcia Militar da Para\u00edba\",\"description\":\"\",\"publisher\":{\"@id\":\"https:\/\/www.pm.pb.gov.br\/portal\/#organization\"},\"potentialAction\":[{\"@type\":\"SearchAction\",\"target\":{\"@type\":\"EntryPoint\",\"urlTemplate\":\"https:\/\/www.pm.pb.gov.br\/portal\/?s={search_term_string}\"},\"query-input\":\"required name=search_term_string\"}],\"inLanguage\":\"pt-BR\"},{\"@type\":\"Organization\",\"@id\":\"https:\/\/www.pm.pb.gov.br\/portal\/#organization\",\"name\":\"Pol\u00edcia Militar da Para\u00edba\",\"url\":\"https:\/\/www.pm.pb.gov.br\/portal\/\",\"logo\":{\"@type\":\"ImageObject\",\"inLanguage\":\"pt-BR\",\"@id\":\"https:\/\/www.pm.pb.gov.br\/portal\/#\/schema\/logo\/image\/\",\"url\":\"https:\/\/www.pm.pb.gov.br\/portal\/wp-content\/uploads\/2025\/03\/cropped-logo-site-mag2-1.png\",\"contentUrl\":\"https:\/\/www.pm.pb.gov.br\/portal\/wp-content\/uploads\/2025\/03\/cropped-logo-site-mag2-1.png\",\"width\":320,\"height\":90,\"caption\":\"Pol\u00edcia Militar da Para\u00edba\"},\"image\":{\"@id\":\"https:\/\/www.pm.pb.gov.br\/portal\/#\/schema\/logo\/image\/\"}}]}<\/script>\n<!-- \/ Yoast SEO plugin. -->","yoast_head_json":{"title":"Bras\u00f5es - 4\u00ba BPM - Pol\u00edcia Militar da Para\u00edba","robots":{"index":"index","follow":"follow","max-snippet":"max-snippet:-1","max-image-preview":"max-image-preview:large","max-video-preview":"max-video-preview:-1"},"canonical":"https:\/\/www.pm.pb.gov.br\/portal\/institucional\/brasoes-pmpb\/brasoes-4o-bpm\/","og_locale":"pt_BR","og_type":"article","og_title":"Bras\u00f5es - 4\u00ba BPM - Pol\u00edcia Militar da Para\u00edba","og_description":"4\u00ba BATALH\u00c3O DE POL\u00cdCIA MILITAR (4\u00ba BPM) Autoria do Bras\u00e3o: Maj R\/R FRANCISCO ANT\u00d4NIO ANDRADE FILHO. Descri\u00e7\u00e3o Her\u00e1ldica: Maj QOC","og_url":"https:\/\/www.pm.pb.gov.br\/portal\/institucional\/brasoes-pmpb\/brasoes-4o-bpm\/","og_site_name":"Pol\u00edcia Militar da Para\u00edba","article_modified_time":"2023-06-14T11:59:14+00:00","og_image":[{"url":"http:\/\/www.pm.pb.gov.br\/portal\/wp-content\/uploads\/2023\/06\/4BPM-319x445.png"}],"twitter_card":"summary_large_image","twitter_misc":{"Est. tempo de leitura":"2 minutos"},"schema":{"@context":"https:\/\/schema.org","@graph":[{"@type":"WebPage","@id":"https:\/\/www.pm.pb.gov.br\/portal\/institucional\/brasoes-pmpb\/brasoes-4o-bpm\/","url":"https:\/\/www.pm.pb.gov.br\/portal\/institucional\/brasoes-pmpb\/brasoes-4o-bpm\/","name":"Bras\u00f5es - 4\u00ba BPM - Pol\u00edcia Militar da Para\u00edba","isPartOf":{"@id":"https:\/\/www.pm.pb.gov.br\/portal\/#website"},"datePublished":"2017-09-18T13:28:30+00:00","dateModified":"2023-06-14T11:59:14+00:00","breadcrumb":{"@id":"https:\/\/www.pm.pb.gov.br\/portal\/institucional\/brasoes-pmpb\/brasoes-4o-bpm\/#breadcrumb"},"inLanguage":"pt-BR","potentialAction":[{"@type":"ReadAction","target":["https:\/\/www.pm.pb.gov.br\/portal\/institucional\/brasoes-pmpb\/brasoes-4o-bpm\/"]}]},{"@type":"BreadcrumbList","@id":"https:\/\/www.pm.pb.gov.br\/portal\/institucional\/brasoes-pmpb\/brasoes-4o-bpm\/#breadcrumb","itemListElement":[{"@type":"ListItem","position":1,"name":"In\u00edcio","item":"https:\/\/www.pm.pb.gov.br\/portal\/"},{"@type":"ListItem","position":2,"name":"Institucional","item":"https:\/\/www.pm.pb.gov.br\/portal\/institucional\/"},{"@type":"ListItem","position":3,"name":"Bras\u00f5es de Armas","item":"https:\/\/www.pm.pb.gov.br\/portal\/institucional\/brasoes-pmpb\/"},{"@type":"ListItem","position":4,"name":"Bras\u00f5es &#8211; 4\u00ba BPM"}]},{"@type":"WebSite","@id":"https:\/\/www.pm.pb.gov.br\/portal\/#website","url":"https:\/\/www.pm.pb.gov.br\/portal\/","name":"Pol\u00edcia Militar da Para\u00edba","description":"","publisher":{"@id":"https:\/\/www.pm.pb.gov.br\/portal\/#organization"},"potentialAction":[{"@type":"SearchAction","target":{"@type":"EntryPoint","urlTemplate":"https:\/\/www.pm.pb.gov.br\/portal\/?s={search_term_string}"},"query-input":"required name=search_term_string"}],"inLanguage":"pt-BR"},{"@type":"Organization","@id":"https:\/\/www.pm.pb.gov.br\/portal\/#organization","name":"Pol\u00edcia Militar da Para\u00edba","url":"https:\/\/www.pm.pb.gov.br\/portal\/","logo":{"@type":"ImageObject","inLanguage":"pt-BR","@id":"https:\/\/www.pm.pb.gov.br\/portal\/#\/schema\/logo\/image\/","url":"https:\/\/www.pm.pb.gov.br\/portal\/wp-content\/uploads\/2025\/03\/cropped-logo-site-mag2-1.png","contentUrl":"https:\/\/www.pm.pb.gov.br\/portal\/wp-content\/uploads\/2025\/03\/cropped-logo-site-mag2-1.png","width":320,"height":90,"caption":"Pol\u00edcia Militar da Para\u00edba"},"image":{"@id":"https:\/\/www.pm.pb.gov.br\/portal\/#\/schema\/logo\/image\/"}}]}},"_links":{"self":[{"href":"https:\/\/www.pm.pb.gov.br\/portal\/wp-json\/wp\/v2\/pages\/894910"}],"collection":[{"href":"https:\/\/www.pm.pb.gov.br\/portal\/wp-json\/wp\/v2\/pages"}],"about":[{"href":"https:\/\/www.pm.pb.gov.br\/portal\/wp-json\/wp\/v2\/types\/page"}],"author":[{"embeddable":true,"href":"https:\/\/www.pm.pb.gov.br\/portal\/wp-json\/wp\/v2\/users\/5"}],"replies":[{"embeddable":true,"href":"https:\/\/www.pm.pb.gov.br\/portal\/wp-json\/wp\/v2\/comments?post=894910"}],"version-history":[{"count":7,"href":"https:\/\/www.pm.pb.gov.br\/portal\/wp-json\/wp\/v2\/pages\/894910\/revisions"}],"predecessor-version":[{"id":917002,"href":"https:\/\/www.pm.pb.gov.br\/portal\/wp-json\/wp\/v2\/pages\/894910\/revisions\/917002"}],"up":[{"embeddable":true,"href":"https:\/\/www.pm.pb.gov.br\/portal\/wp-json\/wp\/v2\/pages\/894816"}],"wp:attachment":[{"href":"https:\/\/www.pm.pb.gov.br\/portal\/wp-json\/wp\/v2\/media?parent=894910"}],"curies":[{"name":"wp","href":"https:\/\/api.w.org\/{rel}","templated":true}]}}