{"id":281,"date":"2016-10-17T12:44:06","date_gmt":"2016-10-17T15:44:06","guid":{"rendered":"http:\/\/www.pm.pb.gov.br\/portal\/?page_id=281"},"modified":"2020-01-17T10:44:19","modified_gmt":"2020-01-17T13:44:19","slug":"dicas-de-seguranca","status":"publish","type":"page","link":"https:\/\/www.pm.pb.gov.br\/portal\/informacoes\/dicas-de-seguranca\/","title":{"rendered":"Dicas de Seguran\u00e7a"},"content":{"rendered":"<div class=\"title\">\n<h2 class=\"h-light\">Nas F\u00e9rias<\/h2>\n<h4 class=\"h-light\">Se for viajar, sua casa estar\u00e1 mais segura se:<\/h4>\n<\/div>\n<p>1. Comunicar sua aus\u00eancia a um vizinho de confian\u00e7a e telefonar para ele de vez em quando, para saber se est\u00e1 tudo bem;<br \/>\n2. Em aus\u00eancias prolongadas, pedir a um parente ou vizinho para visitar\u00a0 sua casa, para demonstrar a presen\u00e7a de pessoas (abrindo janelas, regando jardins, entrando com carro na garagem);<br \/>\n3. S\u00f3 deixar a chave com pessoas de absoluta confian\u00e7a;<br \/>\n4. Suspender ou solicitar ao vizinho que recolha as suas correspond\u00eancias, e acionar a PM quando observar a presen\u00e7a de pessoas suspeitas;<br \/>\n5. N\u00e3o deixar vis\u00edveis ferramentas, escadas e outros objetos que possam facilitar a entrada de pessoas;<br \/>\n6. Evitar colocar cadeados do lado externo do port\u00e3o, isso poder\u00e1 denunciar a sa\u00edda dos moradores; e<br \/>\n7. Fechar as portas com trinco e trancas. Reforce a porta da frente com fechaduras auxiliares.<\/p>\n<h2 class=\"h-light\">Nas Ruas<\/h2>\n<h4 class=\"h-light\">Voc\u00ea estar\u00e1 mais seguro se:<\/h4>\n<p>1. N\u00e3o ostentar objetos de valor, como: j\u00f3ias, rel\u00f3gios, pulseiras e celulares;<br \/>\n2. Evitar passar em ruas ou pra\u00e7as mal iluminadas;<br \/>\n3. Ao sentir que est\u00e1 sendo seguido, entrar em algum estabelecimento comercial ou atravessar a rua;<br \/>\n4. Evitar sair com grandes quantias de dinheiro ou cart\u00f5es de cr\u00e9dito;<br \/>\n5. N\u00e3o abrir a carteira ou bolsa na frente de estranhos. Separe pequenas quantias de dinheiro para pequenos pagamentos;<br \/>\n6. Ao sair sozinho, procurar sempre ficar no centro da cal\u00e7ada e na dire\u00e7\u00e3o contr\u00e1ria ao tr\u00e2nsito. Fica mais f\u00e1cil perceber a aproxima\u00e7\u00e3o de um ve\u00edculo suspeito;<br \/>\n7. Evitar a exposi\u00e7\u00e3o excessiva do aparelho em locais de grande movimento. S\u00f3 atenda chamadas ou acesse as m\u00eddias sociais em locais protegidos; e<br \/>\n8. Em caso de roubo ou furto, informar o mais r\u00e1pido poss\u00edvel \u00e0 Pol\u00edcia Militar, registrando o B.O. na Delegacia mais pr\u00f3xima.<\/p>\n<div class=\"title\">\n<h2 class=\"h-light\">No Tr\u00e2nsito<\/h2>\n<h4 class=\"h-light\">Voc\u00ea estar\u00e1 mais seguro se:<\/h4>\n<\/div>\n<p>1. Respeitar a sinaliza\u00e7\u00e3o, o policiamento, motoristas e pedestres;<br \/>\n2. Utilizar o capacete e todos os equipamentos de seguran\u00e7a, como: luvas, botas, jaquetas e etc;<br \/>\n3. Utilizar o cinto de seguran\u00e7a de uso obrigat\u00f3rio, inclusive os passageiros;<br \/>\n4. Nunca dirigir ap\u00f3s a ingest\u00e3o de bebidas alco\u00f3licas. Dirigir sob a influ\u00eancia de \u00e1lcool ou qualquer subst\u00e2ncia psicoativa \u00e9 crime;<br \/>\n5. Ao dirigir, n\u00e3o utilizar celular ou outros equipamentos similares; e<br \/>\n6. Em caso de acidentes com v\u00edtima, solicitar o socorro o mais breve poss\u00edvel, atrav\u00e9s do 192 (SAMU) ou 193 (Corpo Bombeiros), e informar \u00e0 Pol\u00edcia Militar.<\/p>\n<div align=\"justify\">\n<div class=\"title\">\n<h2 class=\"h-light\">Nos Casos de Viol\u00eancia Dom\u00e9stica<\/h2>\n<h4 class=\"h-light\">Voc\u00ea estar\u00e1 mais segura se:<\/h4>\n<\/div>\n<p>1. Atentar-se para padr\u00f5es de possessividade e de ci\u00fames extremos;<br \/>\n2. Adotar uma pol\u00edtica de toler\u00e2ncia zero para a viol\u00eancia e a intimida\u00e7\u00e3o;<br \/>\n3. Encerrar o relacionamento assim que acreditar ser necess\u00e1rio; e<br \/>\n4. Sempre que sentir-se amea\u00e7ada, informar o mais r\u00e1pido poss\u00edvel \u00e0 Pol\u00edcia Militar, registrando o B.O. na Delegacia e solicitando a Medida Protetiva de urg\u00eancia.<\/p>\n<h2 class=\"h-light\">Nos Casos de Som Alto<\/h2>\n<h4 class=\"h-light\">O seu sossego estar\u00e1 garantido se:<\/h4>\n<p>1. Antes de qualquer acionamento, procurar di\u00e1logo com o causador do barulho ou ru\u00eddo. A resolu\u00e7\u00e3o entre as partes \u00e9 a melhor solu\u00e7\u00e3o;<br \/>\n2. Verificar se o seu munic\u00edpio oferece o servi\u00e7o de fiscaliza\u00e7\u00e3o contra polui\u00e7\u00e3o sonora e quais os procedimentos cab\u00edveis; e<br \/>\n3. Ao persistir o barulho ou ru\u00eddo, informar o mais r\u00e1pido poss\u00edvel \u00e0 Pol\u00edcia Militar, pois a perturba\u00e7\u00e3o do sossego \u00e9 pass\u00edvel de pris\u00e3o simples ou multa.<\/p>\n<h2 class=\"h-light\">Nos Eventos<\/h2>\n<h4 class=\"h-light\">A sua festa estar\u00e1 garantida se:<\/h4>\n<p>1. Portar sempre documentos que o identifique e, estando com crian\u00e7as, \u00e9 muito importante identific\u00e1-las com nome, endere\u00e7o e telefone, de maneira bem vis\u00edvel;<br \/>\n2. Preferir transportes coletivos para ida e volta do evento. Evite congestionamentos;<br \/>\n3. Tomar cuidado na hora de estacionar o seu carro, procure deix\u00e1-lo em local seguro e vis\u00edvel;<br \/>\n4. Verificar o funcionamento dos dispositivos de trava e alarme, e n\u00e3o deixar objetos de valor vis\u00edveis em seu interior;<br \/>\n5. Comprar os ingressos antecipadamente. Evite filas e correrias de \u00faltima hora, n\u00e3o compre ingressos mais baratos, geralmente s\u00e3o falsificados;<br \/>\n6. Em caso de tumultos, procurar locais seguros e ficar atento \u00e0s pessoas que est\u00e3o com voc\u00ea e fique atento aos seus pertences;<br \/>\n7. Em jogos, evitar hostilidades, provoca\u00e7\u00f5es e viol\u00eancia ao torcedor do clube advers\u00e1rio, ao \u00e1rbitro e jogadores, isso pode resultar em uma responsabiliza\u00e7\u00e3o criminal; e<br \/>\n8. Ao final do evento, procurar sair com calma e prosseguir assim at\u00e9 a sua casa, respeitar as leis e n\u00e3o promover algazarras.<\/p>\n<h4 class=\"h-light\"><\/h4>\n<\/div>\n","protected":false},"excerpt":{"rendered":"<p>Nas F\u00e9rias Se for viajar, sua casa estar\u00e1 mais segura se: 1. Comunicar sua aus\u00eancia a um vizinho de confian\u00e7a<\/p>\n","protected":false},"author":1,"featured_media":0,"parent":336,"menu_order":0,"comment_status":"closed","ping_status":"closed","template":"","meta":{"_exactmetrics_skip_tracking":false,"_exactmetrics_sitenote_active":false,"_exactmetrics_sitenote_note":"","_exactmetrics_sitenote_category":0,"footnotes":""},"yoast_head":"<!-- This site is optimized with the Yoast SEO plugin v22.0 - https:\/\/yoast.com\/wordpress\/plugins\/seo\/ -->\n<title>Dicas de Seguran\u00e7a - Pol\u00edcia Militar da Para\u00edba<\/title>\n<meta name=\"robots\" content=\"index, follow, max-snippet:-1, max-image-preview:large, max-video-preview:-1\" \/>\n<link rel=\"canonical\" href=\"https:\/\/www.pm.pb.gov.br\/portal\/informacoes\/dicas-de-seguranca\/\" \/>\n<meta property=\"og:locale\" content=\"pt_BR\" \/>\n<meta property=\"og:type\" content=\"article\" \/>\n<meta property=\"og:title\" content=\"Dicas de Seguran\u00e7a - Pol\u00edcia Militar da Para\u00edba\" \/>\n<meta property=\"og:description\" content=\"Nas F\u00e9rias Se for viajar, sua casa estar\u00e1 mais segura se: 1. Comunicar sua aus\u00eancia a um vizinho de confian\u00e7a\" \/>\n<meta property=\"og:url\" content=\"https:\/\/www.pm.pb.gov.br\/portal\/informacoes\/dicas-de-seguranca\/\" \/>\n<meta property=\"og:site_name\" content=\"Pol\u00edcia Militar da Para\u00edba\" \/>\n<meta property=\"article:modified_time\" content=\"2020-01-17T13:44:19+00:00\" \/>\n<meta property=\"og:image\" content=\"https:\/\/www.pm.pb.gov.br\/portal\/wp-content\/uploads\/2016\/04\/foto_brasao-1.jpg\" \/>\n\t<meta property=\"og:image:width\" content=\"620\" \/>\n\t<meta property=\"og:image:height\" content=\"411\" \/>\n\t<meta property=\"og:image:type\" content=\"image\/jpeg\" \/>\n<meta name=\"twitter:card\" content=\"summary_large_image\" \/>\n<meta name=\"twitter:label1\" content=\"Est. tempo de leitura\" \/>\n\t<meta name=\"twitter:data1\" content=\"4 minutos\" \/>\n<script type=\"application\/ld+json\" class=\"yoast-schema-graph\">{\"@context\":\"https:\/\/schema.org\",\"@graph\":[{\"@type\":\"WebPage\",\"@id\":\"https:\/\/www.pm.pb.gov.br\/portal\/informacoes\/dicas-de-seguranca\/\",\"url\":\"https:\/\/www.pm.pb.gov.br\/portal\/informacoes\/dicas-de-seguranca\/\",\"name\":\"Dicas de Seguran\u00e7a - Pol\u00edcia Militar da Para\u00edba\",\"isPartOf\":{\"@id\":\"https:\/\/www.pm.pb.gov.br\/portal\/#website\"},\"datePublished\":\"2016-10-17T15:44:06+00:00\",\"dateModified\":\"2020-01-17T13:44:19+00:00\",\"breadcrumb\":{\"@id\":\"https:\/\/www.pm.pb.gov.br\/portal\/informacoes\/dicas-de-seguranca\/#breadcrumb\"},\"inLanguage\":\"pt-BR\",\"potentialAction\":[{\"@type\":\"ReadAction\",\"target\":[\"https:\/\/www.pm.pb.gov.br\/portal\/informacoes\/dicas-de-seguranca\/\"]}]},{\"@type\":\"BreadcrumbList\",\"@id\":\"https:\/\/www.pm.pb.gov.br\/portal\/informacoes\/dicas-de-seguranca\/#breadcrumb\",\"itemListElement\":[{\"@type\":\"ListItem\",\"position\":1,\"name\":\"In\u00edcio\",\"item\":\"https:\/\/www.pm.pb.gov.br\/portal\/\"},{\"@type\":\"ListItem\",\"position\":2,\"name\":\"Informa\u00e7\u00f5es\",\"item\":\"https:\/\/www.pm.pb.gov.br\/portal\/informacoes\/\"},{\"@type\":\"ListItem\",\"position\":3,\"name\":\"Dicas de Seguran\u00e7a\"}]},{\"@type\":\"WebSite\",\"@id\":\"https:\/\/www.pm.pb.gov.br\/portal\/#website\",\"url\":\"https:\/\/www.pm.pb.gov.br\/portal\/\",\"name\":\"Pol\u00edcia Militar da Para\u00edba\",\"description\":\"\",\"publisher\":{\"@id\":\"https:\/\/www.pm.pb.gov.br\/portal\/#organization\"},\"potentialAction\":[{\"@type\":\"SearchAction\",\"target\":{\"@type\":\"EntryPoint\",\"urlTemplate\":\"https:\/\/www.pm.pb.gov.br\/portal\/?s={search_term_string}\"},\"query-input\":\"required name=search_term_string\"}],\"inLanguage\":\"pt-BR\"},{\"@type\":\"Organization\",\"@id\":\"https:\/\/www.pm.pb.gov.br\/portal\/#organization\",\"name\":\"Pol\u00edcia Militar da Para\u00edba\",\"url\":\"https:\/\/www.pm.pb.gov.br\/portal\/\",\"logo\":{\"@type\":\"ImageObject\",\"inLanguage\":\"pt-BR\",\"@id\":\"https:\/\/www.pm.pb.gov.br\/portal\/#\/schema\/logo\/image\/\",\"url\":\"https:\/\/www.pm.pb.gov.br\/portal\/wp-content\/uploads\/2025\/03\/cropped-logo-site-mag2-1.png\",\"contentUrl\":\"https:\/\/www.pm.pb.gov.br\/portal\/wp-content\/uploads\/2025\/03\/cropped-logo-site-mag2-1.png\",\"width\":320,\"height\":90,\"caption\":\"Pol\u00edcia Militar da Para\u00edba\"},\"image\":{\"@id\":\"https:\/\/www.pm.pb.gov.br\/portal\/#\/schema\/logo\/image\/\"}}]}<\/script>\n<!-- \/ Yoast SEO plugin. -->","yoast_head_json":{"title":"Dicas de Seguran\u00e7a - Pol\u00edcia Militar da Para\u00edba","robots":{"index":"index","follow":"follow","max-snippet":"max-snippet:-1","max-image-preview":"max-image-preview:large","max-video-preview":"max-video-preview:-1"},"canonical":"https:\/\/www.pm.pb.gov.br\/portal\/informacoes\/dicas-de-seguranca\/","og_locale":"pt_BR","og_type":"article","og_title":"Dicas de Seguran\u00e7a - Pol\u00edcia Militar da Para\u00edba","og_description":"Nas F\u00e9rias Se for viajar, sua casa estar\u00e1 mais segura se: 1. Comunicar sua aus\u00eancia a um vizinho de confian\u00e7a","og_url":"https:\/\/www.pm.pb.gov.br\/portal\/informacoes\/dicas-de-seguranca\/","og_site_name":"Pol\u00edcia Militar da Para\u00edba","article_modified_time":"2020-01-17T13:44:19+00:00","og_image":[{"width":620,"height":411,"url":"https:\/\/www.pm.pb.gov.br\/portal\/wp-content\/uploads\/2016\/04\/foto_brasao-1.jpg","type":"image\/jpeg"}],"twitter_card":"summary_large_image","twitter_misc":{"Est. tempo de leitura":"4 minutos"},"schema":{"@context":"https:\/\/schema.org","@graph":[{"@type":"WebPage","@id":"https:\/\/www.pm.pb.gov.br\/portal\/informacoes\/dicas-de-seguranca\/","url":"https:\/\/www.pm.pb.gov.br\/portal\/informacoes\/dicas-de-seguranca\/","name":"Dicas de Seguran\u00e7a - Pol\u00edcia Militar da Para\u00edba","isPartOf":{"@id":"https:\/\/www.pm.pb.gov.br\/portal\/#website"},"datePublished":"2016-10-17T15:44:06+00:00","dateModified":"2020-01-17T13:44:19+00:00","breadcrumb":{"@id":"https:\/\/www.pm.pb.gov.br\/portal\/informacoes\/dicas-de-seguranca\/#breadcrumb"},"inLanguage":"pt-BR","potentialAction":[{"@type":"ReadAction","target":["https:\/\/www.pm.pb.gov.br\/portal\/informacoes\/dicas-de-seguranca\/"]}]},{"@type":"BreadcrumbList","@id":"https:\/\/www.pm.pb.gov.br\/portal\/informacoes\/dicas-de-seguranca\/#breadcrumb","itemListElement":[{"@type":"ListItem","position":1,"name":"In\u00edcio","item":"https:\/\/www.pm.pb.gov.br\/portal\/"},{"@type":"ListItem","position":2,"name":"Informa\u00e7\u00f5es","item":"https:\/\/www.pm.pb.gov.br\/portal\/informacoes\/"},{"@type":"ListItem","position":3,"name":"Dicas de Seguran\u00e7a"}]},{"@type":"WebSite","@id":"https:\/\/www.pm.pb.gov.br\/portal\/#website","url":"https:\/\/www.pm.pb.gov.br\/portal\/","name":"Pol\u00edcia Militar da Para\u00edba","description":"","publisher":{"@id":"https:\/\/www.pm.pb.gov.br\/portal\/#organization"},"potentialAction":[{"@type":"SearchAction","target":{"@type":"EntryPoint","urlTemplate":"https:\/\/www.pm.pb.gov.br\/portal\/?s={search_term_string}"},"query-input":"required name=search_term_string"}],"inLanguage":"pt-BR"},{"@type":"Organization","@id":"https:\/\/www.pm.pb.gov.br\/portal\/#organization","name":"Pol\u00edcia Militar da Para\u00edba","url":"https:\/\/www.pm.pb.gov.br\/portal\/","logo":{"@type":"ImageObject","inLanguage":"pt-BR","@id":"https:\/\/www.pm.pb.gov.br\/portal\/#\/schema\/logo\/image\/","url":"https:\/\/www.pm.pb.gov.br\/portal\/wp-content\/uploads\/2025\/03\/cropped-logo-site-mag2-1.png","contentUrl":"https:\/\/www.pm.pb.gov.br\/portal\/wp-content\/uploads\/2025\/03\/cropped-logo-site-mag2-1.png","width":320,"height":90,"caption":"Pol\u00edcia Militar da Para\u00edba"},"image":{"@id":"https:\/\/www.pm.pb.gov.br\/portal\/#\/schema\/logo\/image\/"}}]}},"_links":{"self":[{"href":"https:\/\/www.pm.pb.gov.br\/portal\/wp-json\/wp\/v2\/pages\/281"}],"collection":[{"href":"https:\/\/www.pm.pb.gov.br\/portal\/wp-json\/wp\/v2\/pages"}],"about":[{"href":"https:\/\/www.pm.pb.gov.br\/portal\/wp-json\/wp\/v2\/types\/page"}],"author":[{"embeddable":true,"href":"https:\/\/www.pm.pb.gov.br\/portal\/wp-json\/wp\/v2\/users\/1"}],"replies":[{"embeddable":true,"href":"https:\/\/www.pm.pb.gov.br\/portal\/wp-json\/wp\/v2\/comments?post=281"}],"version-history":[{"count":11,"href":"https:\/\/www.pm.pb.gov.br\/portal\/wp-json\/wp\/v2\/pages\/281\/revisions"}],"predecessor-version":[{"id":903569,"href":"https:\/\/www.pm.pb.gov.br\/portal\/wp-json\/wp\/v2\/pages\/281\/revisions\/903569"}],"up":[{"embeddable":true,"href":"https:\/\/www.pm.pb.gov.br\/portal\/wp-json\/wp\/v2\/pages\/336"}],"wp:attachment":[{"href":"https:\/\/www.pm.pb.gov.br\/portal\/wp-json\/wp\/v2\/media?parent=281"}],"curies":[{"name":"wp","href":"https:\/\/api.w.org\/{rel}","templated":true}]}}