{"id":279,"date":"2016-10-17T12:43:52","date_gmt":"2016-10-17T15:43:52","guid":{"rendered":"http:\/\/www.pm.pb.gov.br\/portal\/?page_id=279"},"modified":"2018-08-15T16:28:05","modified_gmt":"2018-08-15T19:28:05","slug":"downloads","status":"publish","type":"page","link":"https:\/\/www.pm.pb.gov.br\/portal\/informacoes\/downloads\/","title":{"rendered":"Downloads"},"content":{"rendered":"<table class=\"table table-bordered table-striped\">\n<thead>\n<tr style=\"height: 23.2px;\">\n<th style=\"height: 23.2px; width: 972.4px;\"><span style=\"color: #000000;\">Diversos<\/span><\/th>\n<\/tr>\n<\/thead>\n<tbody>\n<tr style=\"height: 23px;\">\n<td style=\"height: 23px; width: 972.4px;\"><span style=\"color: #000000;\"><a style=\"color: #000000;\" href=\"http:\/\/www.pm.pb.gov.br\/download\/historia_da_pmpb.zip\">Hist\u00f3ria da PMPB <\/a> (zip &#8211; 1.256 kb)<\/span><\/td>\n<\/tr>\n<tr style=\"height: 23px;\">\n<td style=\"height: 23px; width: 972.4px;\"><span style=\"color: #000000;\"><a style=\"color: #000000;\" href=\"http:\/\/www.pm.pb.gov.br\/download\/arquivos_registro_armas.zip\">Documentos para o registro de armas na PMPB<\/a> (zip &#8211; 72,6 kb)<\/span><\/td>\n<\/tr>\n<tr style=\"height: 23px;\">\n<td style=\"height: 23px; width: 972.4px;\"><span style=\"color: #000000;\"><a style=\"color: #000000;\" href=\"http:\/\/www.pm.pb.gov.br\/download\/solicita%E7%E3o_uniforme_2005_%20qcg.zip\">Solicita\u00e7\u00e3o de uniformes para militares do QCG <\/a> (zip &#8211; 25,9kb)<\/span><\/td>\n<\/tr>\n<tr style=\"height: 23px;\">\n<td style=\"height: 23px; width: 972.4px;\"><span style=\"color: #000000;\"><a style=\"color: #000000;\" href=\"http:\/\/www.pm.pb.gov.br\/portal\/wp-content\/uploads\/2017\/11\/Requerimento-apreens\u00e3o-de-armas_novo21112017.doc\">Requerimento Apreens\u00e3o de Armas de Fogo <\/a> (pdf &#8211; 47kb)<\/span><\/td>\n<\/tr>\n<tr style=\"height: 23px;\">\n<td style=\"height: 23px; width: 972.4px;\"><span style=\"color: #000000;\"><a style=\"color: #000000;\" href=\"http:\/\/www.pm.pb.gov.br\/portal\/wp-content\/uploads\/2017\/11\/Relatorio_arma_de_fogo_novo21112017.xlsx\">Relat\u00f3rio de Apreens\u00e3o de Arma de Fogo<\/a> (xlsx &#8211; 68kb)<\/span><\/td>\n<\/tr>\n<tr style=\"height: 23px;\">\n<td style=\"height: 23px; width: 972.4px;\"><span style=\"color: #000000;\"><a style=\"color: #000000;\" href=\"http:\/\/www.pm.pb.gov.br\/arquivos\/PORTARIA_No_XXX_-_MODELO_DE_DIRETRIZ_DE_COMANDO_PMPB.doc\">PORTARIA N\u00ba XXX &#8211; MODELO DE DIRETRIZ DE COMANDO PMPB<\/a> (doc &#8211; 1,91 MB)<\/span><\/td>\n<\/tr>\n<tr style=\"height: 23px;\">\n<td style=\"height: 23px; width: 972.4px;\"><span style=\"color: #000000;\"><a style=\"color: #000000;\" href=\"http:\/\/www.pm.pb.gov.br\/arquivos\/PORTARIA_No_XXX_-_MODELO_DE_MEMORANDO.doc\">PORTARIA N\u00ba XXX &#8211; MODELO DE MEMORANDO<\/a> (doc &#8211; 1,95 MB)<\/span><\/td>\n<\/tr>\n<tr style=\"height: 23px;\">\n<td style=\"height: 23px; width: 972.4px;\"><span style=\"color: #000000;\"><a style=\"color: #000000;\" href=\"http:\/\/www.pm.pb.gov.br\/arquivos\/PORTARIA_No_XXX_-_MODELO_DE_OFICIO_PMPB.doc\">PORTARIA N\u00ba XXX &#8211; MODELO DE OFICIO PMPB<\/a> (doc &#8211; 2,84 MB)<\/span><\/td>\n<\/tr>\n<tr style=\"height: 23px;\">\n<td style=\"height: 23px; width: 972.4px;\"><span style=\"color: #000000;\"><a style=\"color: #000000;\" href=\"http:\/\/www.pm.pb.gov.br\/arquivos\/PORTARIA_No_XXX_-_MODELO_DE_PARTE_PMPB.doc\">PORTARIA N\u00ba XXX &#8211; MODELO DE PARTE PMPB<\/a> (doc &#8211; 997 KB)<\/span><\/td>\n<\/tr>\n<tr style=\"height: 23px;\">\n<td style=\"height: 23px; width: 972.4px;\"><span style=\"color: #000000;\"><a style=\"color: #000000;\" href=\"http:\/\/www.pm.pb.gov.br\/arquivos\/PORTARIA_No_XXX_-_MODELO_DE_REQUERIMENTO.doc\">PORTARIA N\u00ba XXX &#8211; MODELO DE REQUERIMENTO<\/a> (doc &#8211; 1,96 MB)<\/span><\/td>\n<\/tr>\n<tr style=\"height: 23px;\">\n<td style=\"height: 23px; width: 972.4px;\"><a href=\"http:\/\/www.pm.pb.gov.br\/portal\/rupm-regulamento-de-uniformes\/\"><span style=\"color: #000000;\">Regulamento de Uniformes da PMPB<\/span><\/a><\/td>\n<\/tr>\n<tr style=\"height: 23px;\">\n<td style=\"height: 23px; width: 972.4px;\"><a href=\"http:\/\/www.pm.pb.gov.br\/arquivos\/legislacao\/Decretos\/2016_MANUAL_DE_IDENTIDADE_VISUAL_DA_PMPB_14-12-2016.pdf\"><span style=\"color: #000000;\">Manual de Identidade Visual da PMPB (pdf &#8211; 48,8 MB)<\/span><\/a><\/td>\n<\/tr>\n<tr style=\"height: 23px;\">\n<td style=\"height: 23px; width: 972.4px;\"><a href=\"http:\/\/portaldacidadania.pb.gov.br\/Content\/Cartilha2018.pdf\"><span style=\"color: #000000;\">Cartilha de Orienta\u00e7\u00f5es Gerais aos Agentes P\u00fablicos Estaduais<\/span><\/a><\/td>\n<\/tr>\n<\/tbody>\n<\/table>\n<p><span style=\"color: #000000;\">M\u00fasicas em formato MP3<\/span><\/p>\n<table class=\"table table-bordered table-striped\">\n<thead><\/thead>\n<tbody>\n<tr>\n<td><span style=\"color: #000000;\"><a style=\"color: #000000;\" href=\"http:\/\/www.pm.pb.gov.br\/download\/banda_de_musica_da_pmpb_-_enfatizando_o_civismo_brasileiro.zip\">Banda de M\u00fasica da PMPB &#8211; Enfatizando o Civismo Brasileiro<\/a> (mp3 &#8211; 2.039 kb)<\/span><\/td>\n<\/tr>\n<tr>\n<td><span style=\"color: #000000;\"><a style=\"color: #000000;\" href=\"http:\/\/www.pm.pb.gov.br\/download\/banda_de_musica_da_pmpb_-_exaltacao_a_paraiba.zip\">Banda de M\u00fasica da PMPB &#8211; Exalta\u00e7\u00e3o \u00e0 Para\u00edba<\/a> (mp3 &#8211; 1.256 kb)<\/span><\/td>\n<\/tr>\n<\/tbody>\n<\/table>\n<p><span style=\"color: #000000;\">Hinos e Can\u00e7\u00f5es<\/span><\/p>\n<table class=\"table table-bordered table-striped\" style=\"width: 571px;\">\n<tbody>\n<tr style=\"height: 24px;\">\n<td style=\"height: 24px; width: 565px;\"><span style=\"color: #000000;\"><a style=\"color: #000000;\" href=\"http:\/\/www.pm.pb.gov.br\/download\/hino_nacional_brasileiro_(para_canto).zip\">Hino Nacional Brasileiro<\/a> (mp3 &#8211; 3.489 kb)<\/span><\/td>\n<\/tr>\n<tr style=\"height: 24px;\">\n<td style=\"height: 24px; width: 565px;\"><span style=\"color: #000000;\"><a style=\"color: #000000;\" href=\"http:\/\/www.pm.pb.gov.br\/download\/hino_da_bandeira_nacional.zip\">Hino da Bandeira Nacional<\/a> (mp3 &#8211; 4.584 kb)<\/span><\/td>\n<\/tr>\n<tr style=\"height: 24px;\">\n<td style=\"height: 24px; width: 565px;\"><span style=\"color: #000000;\"><a style=\"color: #000000;\" href=\"http:\/\/www.pm.pb.gov.br\/download\/hino_da_independencia.zip\">Hino da Independ\u00eancia<\/a> (mp3 &#8211; 4.390 kb)<\/span><\/td>\n<\/tr>\n<tr style=\"height: 24px;\">\n<td style=\"height: 24px; width: 565px;\"><span style=\"color: #000000;\"><a style=\"color: #000000;\" href=\"http:\/\/www.pm.pb.gov.br\/download\/hino_da_proclamacao_da_republica.zip\">Hino da Proclama\u00e7\u00e3o da Republica<\/a> (mp3 &#8211; 4.951 kb)<\/span><\/td>\n<\/tr>\n<tr style=\"height: 24px;\">\n<td style=\"height: 24px; width: 565px;\"><span style=\"color: #000000;\"><a style=\"color: #000000;\" href=\"http:\/\/www.pm.pb.gov.br\/download\/hino_nacional(para_continencia).zip\">Hino Nacional &#8211; reduzido, para contin\u00eancia \u00e0 bandeira<\/a> (mp3 &#8211; 1.763 kb)<\/span><\/td>\n<\/tr>\n<tr style=\"height: 21px;\">\n<td style=\"height: 21px; width: 565px;\"><span style=\"color: #000000;\"><a style=\"color: #000000;\" href=\"http:\/\/www.pm.pb.gov.br\/portal\/wp-content\/uploads\/2018\/08\/Hino-da-Paraiba.mp3\">Hino do Estado da Para\u00edba<\/a> (1.450 kb)<\/span><\/td>\n<\/tr>\n<tr style=\"height: 24px;\">\n<td style=\"height: 24px; width: 565px;\"><span style=\"color: #000000;\"><a style=\"color: #000000;\" href=\"http:\/\/www.pm.pb.gov.br\/download\/Cancao_do_Exercito.zip\">Can\u00e7\u00e3o do Ex\u00e9rcito<\/a> (mp3 &#8211; 3.152 kb)<\/span><\/td>\n<\/tr>\n<tr style=\"height: 24px;\">\n<td style=\"height: 24px; width: 565px;\"><span style=\"color: #000000;\"><a style=\"color: #000000;\" href=\"http:\/\/www.pm.pb.gov.br\/download\/Cancao_do_Expedicionario.zip\">Can\u00e7\u00e3o do Expedicion\u00e1rio<\/a> (mp3 &#8211; 5.865 kb)<\/span><\/td>\n<\/tr>\n<tr style=\"height: 24px;\">\n<td style=\"height: 24px; width: 565px;\"><span style=\"color: #000000;\"><a style=\"color: #000000;\" href=\"http:\/\/www.pm.pb.gov.br\/portal\/wp-content\/uploads\/2018\/08\/Can\u00e7\u00e3o-da-Pol\u00edcia-Militar-da-Para\u00edba.mp3\">Can\u00e7\u00e3o da Pol\u00edcia Militar da Para\u00edba<\/a> (mp3 &#8211; 1.400 kb)<\/span><\/td>\n<\/tr>\n<\/tbody>\n<\/table>\n","protected":false},"excerpt":{"rendered":"<p>Diversos Hist\u00f3ria da PMPB (zip &#8211; 1.256 kb) Documentos para o registro de armas na PMPB (zip &#8211; 72,6 kb)<\/p>\n","protected":false},"author":1,"featured_media":0,"parent":336,"menu_order":0,"comment_status":"closed","ping_status":"closed","template":"","meta":{"_exactmetrics_skip_tracking":false,"_exactmetrics_sitenote_active":false,"_exactmetrics_sitenote_note":"","_exactmetrics_sitenote_category":0,"footnotes":""},"yoast_head":"<!-- This site is optimized with the Yoast SEO plugin v22.0 - https:\/\/yoast.com\/wordpress\/plugins\/seo\/ -->\n<title>Downloads - Pol\u00edcia Militar da Para\u00edba<\/title>\n<meta name=\"robots\" content=\"index, follow, max-snippet:-1, max-image-preview:large, max-video-preview:-1\" \/>\n<link rel=\"canonical\" href=\"https:\/\/www.pm.pb.gov.br\/portal\/informacoes\/downloads\/\" \/>\n<meta property=\"og:locale\" content=\"pt_BR\" \/>\n<meta property=\"og:type\" content=\"article\" \/>\n<meta property=\"og:title\" content=\"Downloads - Pol\u00edcia Militar da Para\u00edba\" \/>\n<meta property=\"og:description\" content=\"Diversos Hist\u00f3ria da PMPB (zip &#8211; 1.256 kb) Documentos para o registro de armas na PMPB (zip &#8211; 72,6 kb)\" \/>\n<meta property=\"og:url\" content=\"https:\/\/www.pm.pb.gov.br\/portal\/informacoes\/downloads\/\" \/>\n<meta property=\"og:site_name\" content=\"Pol\u00edcia Militar da Para\u00edba\" \/>\n<meta property=\"article:modified_time\" content=\"2018-08-15T19:28:05+00:00\" \/>\n<meta property=\"og:image\" content=\"https:\/\/www.pm.pb.gov.br\/portal\/wp-content\/uploads\/2016\/04\/foto_brasao-1.jpg\" \/>\n\t<meta property=\"og:image:width\" content=\"620\" \/>\n\t<meta property=\"og:image:height\" content=\"411\" \/>\n\t<meta property=\"og:image:type\" content=\"image\/jpeg\" \/>\n<meta name=\"twitter:card\" content=\"summary_large_image\" \/>\n<meta name=\"twitter:label1\" content=\"Est. tempo de leitura\" \/>\n\t<meta name=\"twitter:data1\" content=\"1 minuto\" \/>\n<script type=\"application\/ld+json\" class=\"yoast-schema-graph\">{\"@context\":\"https:\/\/schema.org\",\"@graph\":[{\"@type\":\"WebPage\",\"@id\":\"https:\/\/www.pm.pb.gov.br\/portal\/informacoes\/downloads\/\",\"url\":\"https:\/\/www.pm.pb.gov.br\/portal\/informacoes\/downloads\/\",\"name\":\"Downloads - Pol\u00edcia Militar da Para\u00edba\",\"isPartOf\":{\"@id\":\"https:\/\/www.pm.pb.gov.br\/portal\/#website\"},\"datePublished\":\"2016-10-17T15:43:52+00:00\",\"dateModified\":\"2018-08-15T19:28:05+00:00\",\"breadcrumb\":{\"@id\":\"https:\/\/www.pm.pb.gov.br\/portal\/informacoes\/downloads\/#breadcrumb\"},\"inLanguage\":\"pt-BR\",\"potentialAction\":[{\"@type\":\"ReadAction\",\"target\":[\"https:\/\/www.pm.pb.gov.br\/portal\/informacoes\/downloads\/\"]}]},{\"@type\":\"BreadcrumbList\",\"@id\":\"https:\/\/www.pm.pb.gov.br\/portal\/informacoes\/downloads\/#breadcrumb\",\"itemListElement\":[{\"@type\":\"ListItem\",\"position\":1,\"name\":\"In\u00edcio\",\"item\":\"https:\/\/www.pm.pb.gov.br\/portal\/\"},{\"@type\":\"ListItem\",\"position\":2,\"name\":\"Informa\u00e7\u00f5es\",\"item\":\"https:\/\/www.pm.pb.gov.br\/portal\/informacoes\/\"},{\"@type\":\"ListItem\",\"position\":3,\"name\":\"Downloads\"}]},{\"@type\":\"WebSite\",\"@id\":\"https:\/\/www.pm.pb.gov.br\/portal\/#website\",\"url\":\"https:\/\/www.pm.pb.gov.br\/portal\/\",\"name\":\"Pol\u00edcia Militar da Para\u00edba\",\"description\":\"\",\"publisher\":{\"@id\":\"https:\/\/www.pm.pb.gov.br\/portal\/#organization\"},\"potentialAction\":[{\"@type\":\"SearchAction\",\"target\":{\"@type\":\"EntryPoint\",\"urlTemplate\":\"https:\/\/www.pm.pb.gov.br\/portal\/?s={search_term_string}\"},\"query-input\":\"required name=search_term_string\"}],\"inLanguage\":\"pt-BR\"},{\"@type\":\"Organization\",\"@id\":\"https:\/\/www.pm.pb.gov.br\/portal\/#organization\",\"name\":\"Pol\u00edcia Militar da Para\u00edba\",\"url\":\"https:\/\/www.pm.pb.gov.br\/portal\/\",\"logo\":{\"@type\":\"ImageObject\",\"inLanguage\":\"pt-BR\",\"@id\":\"https:\/\/www.pm.pb.gov.br\/portal\/#\/schema\/logo\/image\/\",\"url\":\"https:\/\/www.pm.pb.gov.br\/portal\/wp-content\/uploads\/2025\/03\/cropped-logo-site-mag2-1.png\",\"contentUrl\":\"https:\/\/www.pm.pb.gov.br\/portal\/wp-content\/uploads\/2025\/03\/cropped-logo-site-mag2-1.png\",\"width\":320,\"height\":90,\"caption\":\"Pol\u00edcia Militar da Para\u00edba\"},\"image\":{\"@id\":\"https:\/\/www.pm.pb.gov.br\/portal\/#\/schema\/logo\/image\/\"}}]}<\/script>\n<!-- \/ Yoast SEO plugin. -->","yoast_head_json":{"title":"Downloads - Pol\u00edcia Militar da Para\u00edba","robots":{"index":"index","follow":"follow","max-snippet":"max-snippet:-1","max-image-preview":"max-image-preview:large","max-video-preview":"max-video-preview:-1"},"canonical":"https:\/\/www.pm.pb.gov.br\/portal\/informacoes\/downloads\/","og_locale":"pt_BR","og_type":"article","og_title":"Downloads - Pol\u00edcia Militar da Para\u00edba","og_description":"Diversos Hist\u00f3ria da PMPB (zip &#8211; 1.256 kb) Documentos para o registro de armas na PMPB (zip &#8211; 72,6 kb)","og_url":"https:\/\/www.pm.pb.gov.br\/portal\/informacoes\/downloads\/","og_site_name":"Pol\u00edcia Militar da Para\u00edba","article_modified_time":"2018-08-15T19:28:05+00:00","og_image":[{"width":620,"height":411,"url":"https:\/\/www.pm.pb.gov.br\/portal\/wp-content\/uploads\/2016\/04\/foto_brasao-1.jpg","type":"image\/jpeg"}],"twitter_card":"summary_large_image","twitter_misc":{"Est. tempo de leitura":"1 minuto"},"schema":{"@context":"https:\/\/schema.org","@graph":[{"@type":"WebPage","@id":"https:\/\/www.pm.pb.gov.br\/portal\/informacoes\/downloads\/","url":"https:\/\/www.pm.pb.gov.br\/portal\/informacoes\/downloads\/","name":"Downloads - Pol\u00edcia Militar da Para\u00edba","isPartOf":{"@id":"https:\/\/www.pm.pb.gov.br\/portal\/#website"},"datePublished":"2016-10-17T15:43:52+00:00","dateModified":"2018-08-15T19:28:05+00:00","breadcrumb":{"@id":"https:\/\/www.pm.pb.gov.br\/portal\/informacoes\/downloads\/#breadcrumb"},"inLanguage":"pt-BR","potentialAction":[{"@type":"ReadAction","target":["https:\/\/www.pm.pb.gov.br\/portal\/informacoes\/downloads\/"]}]},{"@type":"BreadcrumbList","@id":"https:\/\/www.pm.pb.gov.br\/portal\/informacoes\/downloads\/#breadcrumb","itemListElement":[{"@type":"ListItem","position":1,"name":"In\u00edcio","item":"https:\/\/www.pm.pb.gov.br\/portal\/"},{"@type":"ListItem","position":2,"name":"Informa\u00e7\u00f5es","item":"https:\/\/www.pm.pb.gov.br\/portal\/informacoes\/"},{"@type":"ListItem","position":3,"name":"Downloads"}]},{"@type":"WebSite","@id":"https:\/\/www.pm.pb.gov.br\/portal\/#website","url":"https:\/\/www.pm.pb.gov.br\/portal\/","name":"Pol\u00edcia Militar da Para\u00edba","description":"","publisher":{"@id":"https:\/\/www.pm.pb.gov.br\/portal\/#organization"},"potentialAction":[{"@type":"SearchAction","target":{"@type":"EntryPoint","urlTemplate":"https:\/\/www.pm.pb.gov.br\/portal\/?s={search_term_string}"},"query-input":"required name=search_term_string"}],"inLanguage":"pt-BR"},{"@type":"Organization","@id":"https:\/\/www.pm.pb.gov.br\/portal\/#organization","name":"Pol\u00edcia Militar da Para\u00edba","url":"https:\/\/www.pm.pb.gov.br\/portal\/","logo":{"@type":"ImageObject","inLanguage":"pt-BR","@id":"https:\/\/www.pm.pb.gov.br\/portal\/#\/schema\/logo\/image\/","url":"https:\/\/www.pm.pb.gov.br\/portal\/wp-content\/uploads\/2025\/03\/cropped-logo-site-mag2-1.png","contentUrl":"https:\/\/www.pm.pb.gov.br\/portal\/wp-content\/uploads\/2025\/03\/cropped-logo-site-mag2-1.png","width":320,"height":90,"caption":"Pol\u00edcia Militar da Para\u00edba"},"image":{"@id":"https:\/\/www.pm.pb.gov.br\/portal\/#\/schema\/logo\/image\/"}}]}},"_links":{"self":[{"href":"https:\/\/www.pm.pb.gov.br\/portal\/wp-json\/wp\/v2\/pages\/279"}],"collection":[{"href":"https:\/\/www.pm.pb.gov.br\/portal\/wp-json\/wp\/v2\/pages"}],"about":[{"href":"https:\/\/www.pm.pb.gov.br\/portal\/wp-json\/wp\/v2\/types\/page"}],"author":[{"embeddable":true,"href":"https:\/\/www.pm.pb.gov.br\/portal\/wp-json\/wp\/v2\/users\/1"}],"replies":[{"embeddable":true,"href":"https:\/\/www.pm.pb.gov.br\/portal\/wp-json\/wp\/v2\/comments?post=279"}],"version-history":[{"count":16,"href":"https:\/\/www.pm.pb.gov.br\/portal\/wp-json\/wp\/v2\/pages\/279\/revisions"}],"predecessor-version":[{"id":900811,"href":"https:\/\/www.pm.pb.gov.br\/portal\/wp-json\/wp\/v2\/pages\/279\/revisions\/900811"}],"up":[{"embeddable":true,"href":"https:\/\/www.pm.pb.gov.br\/portal\/wp-json\/wp\/v2\/pages\/336"}],"wp:attachment":[{"href":"https:\/\/www.pm.pb.gov.br\/portal\/wp-json\/wp\/v2\/media?parent=279"}],"curies":[{"name":"wp","href":"https:\/\/api.w.org\/{rel}","templated":true}]}}