{"id":277,"date":"2016-10-17T12:43:40","date_gmt":"2016-10-17T15:43:40","guid":{"rendered":"http:\/\/www.pm.pb.gov.br\/portal\/?page_id=277"},"modified":"2016-12-27T10:10:40","modified_gmt":"2016-12-27T13:10:40","slug":"regulamento-de-uniformes","status":"publish","type":"page","link":"https:\/\/www.pm.pb.gov.br\/portal\/informacoes\/regulamento-de-uniformes\/","title":{"rendered":"Regulamento de Uniformes"},"content":{"rendered":"<div align=\"center\">\n<table class=\"table table-bordered table-striped\" border=\"0\" width=\"100%\" cellspacing=\"0\" cellpadding=\"0\">\n<tbody>\n<tr>\n<td class=\"tt1\" width=\"37%\">Conte\u00fa\u00fado<\/td>\n<td class=\"texto1_5\">Link<\/td>\n<\/tr>\n<tr>\n<td class=\"tt1\" rowspan=\"2\" width=\"37%\"><span class=\"texto1_4\">Se\u00e7\u00e3o I:<br \/>\nDos Uniformes Masculinos<\/span><\/td>\n<td class=\"texto1_5\" width=\"63%\"><span style=\"color: #003366;\"><strong>Revista Eletr\u00f4nica<\/strong><\/span><\/td>\n<\/tr>\n<tr>\n<td class=\"texto1_5\"><span style=\"color: #003366;\"><strong>Vers\u00e3o em PDF<\/strong><\/span><\/td>\n<\/tr>\n<tr>\n<td class=\"tt1\" rowspan=\"2\"><span class=\"texto1_4\">Se\u00e7\u00e3o II:<br \/>\nDos Uniformes Feminino<\/span><\/td>\n<td class=\"texto1_5\"><span style=\"color: #003366;\"><strong>Revista Eletr\u00f4nica<\/strong><\/span><\/td>\n<\/tr>\n<tr>\n<td class=\"texto1_5\"><span style=\"color: #003366;\"><strong>Vers\u00e3o em PDF<\/strong><\/span><\/td>\n<\/tr>\n<tr>\n<td class=\"tt1\" rowspan=\"2\"><span class=\"texto1_4\">Se\u00e7\u00f5es III e IV:<br \/>\nUnidades Especializadas<\/span><\/td>\n<td class=\"texto1_5\"><span style=\"color: #003366;\"><strong>Revista Eletr\u00f4nica<\/strong><\/span><\/td>\n<\/tr>\n<tr>\n<td class=\"texto1_5\"><span style=\"color: #003366;\"><strong>Vers\u00e3o em PDF<\/strong><\/span><\/td>\n<\/tr>\n<tr>\n<td class=\"tt1\"><span class=\"texto1_4\">Regulamento de Uniforme da PMPB<\/span><\/td>\n<td class=\"texto1_5\"><span style=\"color: #003366;\"><strong>Vers\u00e3o em PDF do Regulamento Completo<\/strong><\/span><\/td>\n<\/tr>\n<\/tbody>\n<\/table>\n<table border=\"0\" width=\"100%\">\n<tbody>\n<tr>\n<td class=\"tt1 texto1_5\" colspan=\"2\">Configura\u00e7\u00f5es m\u00ednimas para visualiza\u00e7\u00e3o<\/td>\n<\/tr>\n<tr>\n<td class=\"texto1_6\" colspan=\"2\">\n<div class=\"texto1_5\" align=\"justify\">Para visualizar o conte\u00fado acima, seu computador deve ter instalado em sua configura\u00e7\u00f5 o <strong>Adobe Flash Player<\/strong> e o <strong>Adobe Reader<\/strong>. Estes complementos poder\u00e3o ser instalados atrav\u00e9s dos links abaixo.<\/div>\n<\/td>\n<\/tr>\n<tr>\n<td class=\"texto1_6\" align=\"right\" width=\"50%\"><a href=\"https:\/\/get.adobe.com\/br\/reader\/\"><img loading=\"lazy\" decoding=\"async\" class=\"alignnone size-full wp-image-894244\" src=\"http:\/\/www.pm.pb.gov.br\/portal\/wp-content\/uploads\/2016\/12\/get_adobe.gif\" alt=\"\" width=\"161\" height=\"42\" \/><\/a><\/td>\n<td class=\"texto1_6\" align=\"left\">\u00a0<a href=\"https:\/\/get.adobe.com\/br\/flashplayer\/\"><img loading=\"lazy\" decoding=\"async\" class=\"alignnone size-full wp-image-894245\" src=\"http:\/\/www.pm.pb.gov.br\/portal\/wp-content\/uploads\/2016\/12\/get_flash.gif\" alt=\"\" width=\"161\" height=\"42\" \/><\/a><\/td>\n<\/tr>\n<\/tbody>\n<\/table>\n<\/div>\n","protected":false},"excerpt":{"rendered":"<p>Conte\u00fa\u00fado Link Se\u00e7\u00e3o I: Dos Uniformes Masculinos Revista Eletr\u00f4nica Vers\u00e3o em PDF Se\u00e7\u00e3o II: Dos Uniformes Feminino Revista Eletr\u00f4nica Vers\u00e3o<\/p>\n","protected":false},"author":1,"featured_media":0,"parent":336,"menu_order":0,"comment_status":"closed","ping_status":"closed","template":"","meta":{"_exactmetrics_skip_tracking":false,"_exactmetrics_sitenote_active":false,"_exactmetrics_sitenote_note":"","_exactmetrics_sitenote_category":0,"footnotes":""},"yoast_head":"<!-- This site is optimized with the Yoast SEO plugin v22.0 - https:\/\/yoast.com\/wordpress\/plugins\/seo\/ -->\n<title>Regulamento de Uniformes - Pol\u00edcia Militar da Para\u00edba<\/title>\n<meta name=\"robots\" content=\"index, follow, max-snippet:-1, max-image-preview:large, max-video-preview:-1\" \/>\n<link rel=\"canonical\" href=\"https:\/\/www.pm.pb.gov.br\/portal\/informacoes\/regulamento-de-uniformes\/\" \/>\n<meta property=\"og:locale\" content=\"pt_BR\" \/>\n<meta property=\"og:type\" content=\"article\" \/>\n<meta property=\"og:title\" content=\"Regulamento de Uniformes - Pol\u00edcia Militar da Para\u00edba\" \/>\n<meta property=\"og:description\" content=\"Conte\u00fa\u00fado Link Se\u00e7\u00e3o I: Dos Uniformes Masculinos Revista Eletr\u00f4nica Vers\u00e3o em PDF Se\u00e7\u00e3o II: Dos Uniformes Feminino Revista Eletr\u00f4nica Vers\u00e3o\" \/>\n<meta property=\"og:url\" content=\"https:\/\/www.pm.pb.gov.br\/portal\/informacoes\/regulamento-de-uniformes\/\" \/>\n<meta property=\"og:site_name\" content=\"Pol\u00edcia Militar da Para\u00edba\" \/>\n<meta property=\"article:modified_time\" content=\"2016-12-27T13:10:40+00:00\" \/>\n<meta property=\"og:image\" content=\"http:\/\/www.pm.pb.gov.br\/portal\/wp-content\/uploads\/2016\/12\/get_adobe.gif\" \/>\n<meta name=\"twitter:card\" content=\"summary_large_image\" \/>\n<script type=\"application\/ld+json\" class=\"yoast-schema-graph\">{\"@context\":\"https:\/\/schema.org\",\"@graph\":[{\"@type\":\"WebPage\",\"@id\":\"https:\/\/www.pm.pb.gov.br\/portal\/informacoes\/regulamento-de-uniformes\/\",\"url\":\"https:\/\/www.pm.pb.gov.br\/portal\/informacoes\/regulamento-de-uniformes\/\",\"name\":\"Regulamento de Uniformes - Pol\u00edcia Militar da Para\u00edba\",\"isPartOf\":{\"@id\":\"https:\/\/www.pm.pb.gov.br\/portal\/#website\"},\"datePublished\":\"2016-10-17T15:43:40+00:00\",\"dateModified\":\"2016-12-27T13:10:40+00:00\",\"breadcrumb\":{\"@id\":\"https:\/\/www.pm.pb.gov.br\/portal\/informacoes\/regulamento-de-uniformes\/#breadcrumb\"},\"inLanguage\":\"pt-BR\",\"potentialAction\":[{\"@type\":\"ReadAction\",\"target\":[\"https:\/\/www.pm.pb.gov.br\/portal\/informacoes\/regulamento-de-uniformes\/\"]}]},{\"@type\":\"BreadcrumbList\",\"@id\":\"https:\/\/www.pm.pb.gov.br\/portal\/informacoes\/regulamento-de-uniformes\/#breadcrumb\",\"itemListElement\":[{\"@type\":\"ListItem\",\"position\":1,\"name\":\"In\u00edcio\",\"item\":\"https:\/\/www.pm.pb.gov.br\/portal\/\"},{\"@type\":\"ListItem\",\"position\":2,\"name\":\"Informa\u00e7\u00f5es\",\"item\":\"https:\/\/www.pm.pb.gov.br\/portal\/informacoes\/\"},{\"@type\":\"ListItem\",\"position\":3,\"name\":\"Regulamento de Uniformes\"}]},{\"@type\":\"WebSite\",\"@id\":\"https:\/\/www.pm.pb.gov.br\/portal\/#website\",\"url\":\"https:\/\/www.pm.pb.gov.br\/portal\/\",\"name\":\"Pol\u00edcia Militar da Para\u00edba\",\"description\":\"\",\"publisher\":{\"@id\":\"https:\/\/www.pm.pb.gov.br\/portal\/#organization\"},\"potentialAction\":[{\"@type\":\"SearchAction\",\"target\":{\"@type\":\"EntryPoint\",\"urlTemplate\":\"https:\/\/www.pm.pb.gov.br\/portal\/?s={search_term_string}\"},\"query-input\":\"required name=search_term_string\"}],\"inLanguage\":\"pt-BR\"},{\"@type\":\"Organization\",\"@id\":\"https:\/\/www.pm.pb.gov.br\/portal\/#organization\",\"name\":\"Pol\u00edcia Militar da Para\u00edba\",\"url\":\"https:\/\/www.pm.pb.gov.br\/portal\/\",\"logo\":{\"@type\":\"ImageObject\",\"inLanguage\":\"pt-BR\",\"@id\":\"https:\/\/www.pm.pb.gov.br\/portal\/#\/schema\/logo\/image\/\",\"url\":\"https:\/\/www.pm.pb.gov.br\/portal\/wp-content\/uploads\/2025\/03\/cropped-logo-site-mag2-1.png\",\"contentUrl\":\"https:\/\/www.pm.pb.gov.br\/portal\/wp-content\/uploads\/2025\/03\/cropped-logo-site-mag2-1.png\",\"width\":320,\"height\":90,\"caption\":\"Pol\u00edcia Militar da Para\u00edba\"},\"image\":{\"@id\":\"https:\/\/www.pm.pb.gov.br\/portal\/#\/schema\/logo\/image\/\"}}]}<\/script>\n<!-- \/ Yoast SEO plugin. -->","yoast_head_json":{"title":"Regulamento de Uniformes - Pol\u00edcia Militar da Para\u00edba","robots":{"index":"index","follow":"follow","max-snippet":"max-snippet:-1","max-image-preview":"max-image-preview:large","max-video-preview":"max-video-preview:-1"},"canonical":"https:\/\/www.pm.pb.gov.br\/portal\/informacoes\/regulamento-de-uniformes\/","og_locale":"pt_BR","og_type":"article","og_title":"Regulamento de Uniformes - Pol\u00edcia Militar da Para\u00edba","og_description":"Conte\u00fa\u00fado Link Se\u00e7\u00e3o I: Dos Uniformes Masculinos Revista Eletr\u00f4nica Vers\u00e3o em PDF Se\u00e7\u00e3o II: Dos Uniformes Feminino Revista Eletr\u00f4nica Vers\u00e3o","og_url":"https:\/\/www.pm.pb.gov.br\/portal\/informacoes\/regulamento-de-uniformes\/","og_site_name":"Pol\u00edcia Militar da Para\u00edba","article_modified_time":"2016-12-27T13:10:40+00:00","og_image":[{"url":"http:\/\/www.pm.pb.gov.br\/portal\/wp-content\/uploads\/2016\/12\/get_adobe.gif"}],"twitter_card":"summary_large_image","schema":{"@context":"https:\/\/schema.org","@graph":[{"@type":"WebPage","@id":"https:\/\/www.pm.pb.gov.br\/portal\/informacoes\/regulamento-de-uniformes\/","url":"https:\/\/www.pm.pb.gov.br\/portal\/informacoes\/regulamento-de-uniformes\/","name":"Regulamento de Uniformes - Pol\u00edcia Militar da Para\u00edba","isPartOf":{"@id":"https:\/\/www.pm.pb.gov.br\/portal\/#website"},"datePublished":"2016-10-17T15:43:40+00:00","dateModified":"2016-12-27T13:10:40+00:00","breadcrumb":{"@id":"https:\/\/www.pm.pb.gov.br\/portal\/informacoes\/regulamento-de-uniformes\/#breadcrumb"},"inLanguage":"pt-BR","potentialAction":[{"@type":"ReadAction","target":["https:\/\/www.pm.pb.gov.br\/portal\/informacoes\/regulamento-de-uniformes\/"]}]},{"@type":"BreadcrumbList","@id":"https:\/\/www.pm.pb.gov.br\/portal\/informacoes\/regulamento-de-uniformes\/#breadcrumb","itemListElement":[{"@type":"ListItem","position":1,"name":"In\u00edcio","item":"https:\/\/www.pm.pb.gov.br\/portal\/"},{"@type":"ListItem","position":2,"name":"Informa\u00e7\u00f5es","item":"https:\/\/www.pm.pb.gov.br\/portal\/informacoes\/"},{"@type":"ListItem","position":3,"name":"Regulamento de Uniformes"}]},{"@type":"WebSite","@id":"https:\/\/www.pm.pb.gov.br\/portal\/#website","url":"https:\/\/www.pm.pb.gov.br\/portal\/","name":"Pol\u00edcia Militar da Para\u00edba","description":"","publisher":{"@id":"https:\/\/www.pm.pb.gov.br\/portal\/#organization"},"potentialAction":[{"@type":"SearchAction","target":{"@type":"EntryPoint","urlTemplate":"https:\/\/www.pm.pb.gov.br\/portal\/?s={search_term_string}"},"query-input":"required name=search_term_string"}],"inLanguage":"pt-BR"},{"@type":"Organization","@id":"https:\/\/www.pm.pb.gov.br\/portal\/#organization","name":"Pol\u00edcia Militar da Para\u00edba","url":"https:\/\/www.pm.pb.gov.br\/portal\/","logo":{"@type":"ImageObject","inLanguage":"pt-BR","@id":"https:\/\/www.pm.pb.gov.br\/portal\/#\/schema\/logo\/image\/","url":"https:\/\/www.pm.pb.gov.br\/portal\/wp-content\/uploads\/2025\/03\/cropped-logo-site-mag2-1.png","contentUrl":"https:\/\/www.pm.pb.gov.br\/portal\/wp-content\/uploads\/2025\/03\/cropped-logo-site-mag2-1.png","width":320,"height":90,"caption":"Pol\u00edcia Militar da Para\u00edba"},"image":{"@id":"https:\/\/www.pm.pb.gov.br\/portal\/#\/schema\/logo\/image\/"}}]}},"_links":{"self":[{"href":"https:\/\/www.pm.pb.gov.br\/portal\/wp-json\/wp\/v2\/pages\/277"}],"collection":[{"href":"https:\/\/www.pm.pb.gov.br\/portal\/wp-json\/wp\/v2\/pages"}],"about":[{"href":"https:\/\/www.pm.pb.gov.br\/portal\/wp-json\/wp\/v2\/types\/page"}],"author":[{"embeddable":true,"href":"https:\/\/www.pm.pb.gov.br\/portal\/wp-json\/wp\/v2\/users\/1"}],"replies":[{"embeddable":true,"href":"https:\/\/www.pm.pb.gov.br\/portal\/wp-json\/wp\/v2\/comments?post=277"}],"version-history":[{"count":11,"href":"https:\/\/www.pm.pb.gov.br\/portal\/wp-json\/wp\/v2\/pages\/277\/revisions"}],"predecessor-version":[{"id":894248,"href":"https:\/\/www.pm.pb.gov.br\/portal\/wp-json\/wp\/v2\/pages\/277\/revisions\/894248"}],"up":[{"embeddable":true,"href":"https:\/\/www.pm.pb.gov.br\/portal\/wp-json\/wp\/v2\/pages\/336"}],"wp:attachment":[{"href":"https:\/\/www.pm.pb.gov.br\/portal\/wp-json\/wp\/v2\/media?parent=277"}],"curies":[{"name":"wp","href":"https:\/\/api.w.org\/{rel}","templated":true}]}}