{"id":275,"date":"2016-10-17T12:43:24","date_gmt":"2016-10-17T15:43:24","guid":{"rendered":"http:\/\/www.pm.pb.gov.br\/portal\/?page_id=275"},"modified":"2017-09-22T11:33:01","modified_gmt":"2017-09-22T14:33:01","slug":"atos-normativos","status":"publish","type":"page","link":"https:\/\/www.pm.pb.gov.br\/portal\/informacoes\/atos-normativos\/","title":{"rendered":"Atos Normativos"},"content":{"rendered":"<table class=\"table table-bordered table-striped\" width=\"100%\">\n<thead>\n<tr>\n<th>Documento<\/th>\n<\/tr>\n<\/thead>\n<tbody>\n<tr>\n<td><strong><span style=\"color: #003366;\"><a style=\"color: #003366;\" href=\"http:\/\/www.pm.pb.gov.br\/arquivos\/PORTARIA_No_XXX_-_MODELO_DE_DIRETRIZ_DE_COMANDO_PMPB.doc\">PORTARIA N\u00ba XXX &#8211; MODELO DE DIRETRIZ DE COMANDO PMPB<\/a> (doc &#8211; 1,91 MB)<\/span><\/strong><\/td>\n<\/tr>\n<tr>\n<td><strong><span style=\"color: #003366;\"><a style=\"color: #003366;\" href=\"http:\/\/www.pm.pb.gov.br\/arquivos\/PORTARIA_No_XXX_-_MODELO_DE_MEMORANDO.doc\">PORTARIA N\u00ba XXX &#8211; MODELO DE MEMORANDO<\/a> (doc &#8211; 1,95 MB)<\/span><\/strong><\/td>\n<\/tr>\n<tr>\n<td><strong><span style=\"color: #003366;\"><a style=\"color: #003366;\" href=\"http:\/\/www.pm.pb.gov.br\/arquivos\/PORTARIA_No_XXX_-_MODELO_DE_OFICIO_PMPB.doc\">PORTARIA N\u00ba XXX &#8211; MODELO DE OFICIO PMPB<\/a> (doc &#8211; 2,84 MB)<\/span><\/strong><\/td>\n<\/tr>\n<tr>\n<td><strong><span style=\"color: #003366;\"><a style=\"color: #003366;\" href=\"http:\/\/www.pm.pb.gov.br\/arquivos\/PORTARIA_No_XXX_-_MODELO_DE_PARTE_PMPB.doc\">PORTARIA N\u00ba XXX &#8211; MODELO DE PARTE PMPB<\/a> (doc &#8211; 997 KB)<\/span><\/strong><\/td>\n<\/tr>\n<tr>\n<td><strong><span style=\"color: #003366;\"><a style=\"color: #003366;\" href=\"http:\/\/www.pm.pb.gov.br\/arquivos\/PORTARIA_No_XXX_-_MODELO_DE_REQUERIMENTO.doc\">PORTARIA N\u00ba XXX &#8211; MODELO DE REQUERIMENTO<\/a> (doc &#8211; 1,96 MB)<\/span><\/strong><\/td>\n<\/tr>\n<\/tbody>\n<\/table>\n<table class=\"table table-bordered table-striped\" width=\"100%\">\n<thead>\n<tr>\n<td>Data<\/td>\n<td>Publicado em<\/td>\n<td>Documento<\/td>\n<td>Assunto<\/td>\n<\/tr>\n<tr>\n<td>11\/02\/2011<\/td>\n<td nowrap=\"nowrap\">Bol PM 0029<\/td>\n<td nowrap=\"nowrap\"><span style=\"color: #003366;\"><a style=\"color: #003366;\" href=\"http:\/\/www.pm.pb.gov.br\/arquivos\/portarias\/BOL_29_2011_RESOLUCAO_N_0003_2011_-_GCG.pdf\"><b>Resolu\u00e7\u00e3o n\u00b0 0003\/2011-GCG<\/b><\/a><\/span><\/td>\n<td style=\"text-align: justify;\">Determina nova reda\u00e7\u00e3o \u00e0 Resolu\u00e7\u00e3o N\u00ba 003\/2009- GCG, de 20 de Outubro de 2009, publicada noBol PM 0181 de 20.10.2009, e \u00e0 Resolu\u00e7\u00e3oN\u00ba 002\/2010-GCG, de 24 de Novembro de 2010,publicada no Bol PM 0207 de 25.11.2010,que estabelecem a divis\u00e3o geo-administrativa,atribui\u00e7\u00f5es e \u00e1reas de responsabilidadeterritorial dos Comandos Regionais, dosBatalh\u00f5es, Companhias e Pelot\u00f5es de Pol\u00edciaMilitar do Estado da Para\u00edba e d\u00e1 outrasprovid\u00eancias.<\/td>\n<\/tr>\n<tr>\n<td>10\/02\/2011<\/td>\n<td nowrap=\"nowrap\">Bol PM 0028<\/td>\n<td nowrap=\"nowrap\"><span style=\"color: #003366;\"><a style=\"color: #003366;\" href=\"http:\/\/www.pm.pb.gov.br\/arquivos\/portarias\/BOL_28_2011_RESOLUCAO_N_0002_2011_-_GCG.pdf\"><b>Resolu\u00e7\u00e3o n\u00b0 0002\/2011-GCG<\/b><\/a><\/span><\/td>\n<td style=\"text-align: justify;\">Disciplina o uso dos uniformes de passeioe de servi\u00e7o na Pol\u00edcia Militar da Para\u00edbae d\u00e1 outras provid\u00eancias<\/td>\n<\/tr>\n<tr>\n<td>07\/01\/2011<\/td>\n<td nowrap=\"nowrap\">Bol PM 0005<\/td>\n<td nowrap=\"nowrap\"><span style=\"color: #003366;\"><a style=\"color: #003366;\" href=\"http:\/\/www.pm.pb.gov.br\/arquivos\/portarias\/BOL_05_2011_PORTARIA_N_GCG_0002.pdf\"><strong>Portaria n\u00ba GCG\/0002\/2011-CG<\/strong><\/a><\/span><\/td>\n<td style=\"text-align: justify;\">Constitui Comiss\u00e3o de Promo\u00e7\u00f5es de Oficiais da PMPB e d\u00e1 outras provid\u00eancias<\/td>\n<\/tr>\n<tr>\n<td>05\/01\/2011<\/td>\n<td nowrap=\"nowrap\">Bol PM 0003<\/td>\n<td nowrap=\"nowrap\"><span style=\"color: #003366;\"><a style=\"color: #003366;\" href=\"http:\/\/www.pm.pb.gov.br\/arquivos\/portarias\/BOL_03_2011_PORTARIA_N_GCG_0006.pdf\"><strong>Portaria n\u00ba GCG\/0006\/2011-CG<\/strong><\/a><\/span><\/td>\n<td style=\"text-align: justify;\">Delega compet\u00eancia ao Subcomandante-Geral da PMPB<\/td>\n<\/tr>\n<tr>\n<td>05\/01\/2011<\/td>\n<td nowrap=\"nowrap\">Bol PM 0003<\/td>\n<td nowrap=\"nowrap\"><span style=\"color: #003366;\"><a style=\"color: #003366;\" href=\"http:\/\/www.pm.pb.gov.br\/arquivos\/portarias\/BOL_03_2011_PORTARIA_N_GCG_0005.pdf\"><strong>Portaria n\u00ba GCG\/0005\/2011-CG<\/strong><\/a><\/span><\/td>\n<td style=\"text-align: justify;\">Delega compet\u00eancia ao Subcomandante-Geral da PMPB<\/td>\n<\/tr>\n<tr>\n<td>05\/01\/2011<\/td>\n<td nowrap=\"nowrap\">Bol PM 0003<\/td>\n<td nowrap=\"nowrap\"><span style=\"color: #003366;\"><a style=\"color: #003366;\" href=\"http:\/\/www.pm.pb.gov.br\/arquivos\/portarias\/BOL_03_2011_PORTARIA_N_GCG_0004.pdf\"><strong>Portaria n\u00ba GCG\/0004\/2011-CG<\/strong><\/a><\/span><\/td>\n<td style=\"text-align: justify;\">Delega compet\u00eancia ao Subcomandante-Geral da PMPB<\/td>\n<\/tr>\n<tr>\n<td>05\/01\/2011<\/td>\n<td nowrap=\"nowrap\">Bol PM 0003<\/td>\n<td nowrap=\"nowrap\"><span style=\"color: #003366;\"><a style=\"color: #003366;\" href=\"http:\/\/www.pm.pb.gov.br\/arquivos\/portarias\/BOL_03_2011_PORTARIA_N_GCG_0001.pdf\"><strong>Portaria n\u00ba GCG\/0001\/2011-CG<\/strong><\/a><\/span><\/td>\n<td style=\"text-align: justify;\">Delega\u00e7\u00e3o de atribui\u00e7\u00f5es ao Diretor de Gest\u00e3o de Pessoas<\/td>\n<\/tr>\n<tr>\n<td>10\/12\/2009<\/td>\n<td nowrap=\"nowrap\">Bol PM 0215<\/td>\n<td nowrap=\"nowrap\"><span style=\"color: #003366;\"><a style=\"color: #003366;\" href=\"http:\/\/www.pm.pb.gov.br\/arquivos\/portarias\/PORTARIA_N_GCG_0115_2009-CG_09_de_dezembro_de_2009.pdf\"><strong>Portaria n\u00b0 GCG\/0115\/2009-CG<\/strong><\/a><\/span><\/td>\n<td style=\"text-align: justify;\">Designa Comiss\u00e3o de Recadastramento e Identifica\u00e7\u00e3o da Pol\u00edcia Militar do Estado da Para\u00edba, e d\u00e1 outras provid\u00eancias<\/td>\n<\/tr>\n<tr>\n<td>21\/10\/2009<\/td>\n<td nowrap=\"nowrap\">Bol PM 0182<\/td>\n<td nowrap=\"nowrap\"><span style=\"color: #003366;\"><a style=\"color: #003366;\" href=\"http:\/\/www.pm.pb.gov.br\/arquivos\/portarias\/PORTARIA_N_GCG_0104_2009-CG_de_19_de_outubro_de_2009.pdf\"><strong>Portaria n\u00b0 GCG\/0104\/2009-CG<\/strong><\/a><\/span><\/td>\n<td style=\"text-align: justify;\">Determina provid\u00eancias para confec\u00e7\u00e3o da nova identidade militar da PMPB e adota outras provid\u00eancias<\/td>\n<\/tr>\n<tr>\n<td>20\/10\/2009<\/td>\n<td nowrap=\"nowrap\">Bol PM 0181<\/td>\n<td nowrap=\"nowrap\"><span style=\"color: #003366;\"><a style=\"color: #003366;\" href=\"http:\/\/www.pm.pb.gov.br\/arquivos\/portarias\/Resolucao-0003-2009-GCG-Estabelece-a-divisao-geoadministrativa-da-pmpb.pdf\"><strong>Resolu\u00e7\u00e3o 0003-2009 GCG <\/strong><\/a><\/span><\/td>\n<td style=\"text-align: justify;\">Estabelece a divis\u00e3o geoadministrativa da PMPB<\/td>\n<\/tr>\n<tr>\n<td>06\/10\/2009<\/td>\n<td nowrap=\"nowrap\">Di\u00e1rio Oficial PB<\/td>\n<td nowrap=\"nowrap\"><span style=\"color: #003366;\"><strong><a style=\"color: #003366;\" href=\"http:\/\/www.pm.pb.gov.br\/arquivos\/portarias\/portaria_129_2009_seds.jpg\">Portaria n\u00b0 129\/2009\/SEDS<\/a><\/strong><\/span><\/td>\n<td style=\"text-align: justify;\">Proibi\u00e7\u00e3o da exposi\u00e7\u00e3o p\u00fablica de presos<\/td>\n<\/tr>\n<tr>\n<td>15\/09\/2009<\/td>\n<td nowrap=\"nowrap\">Bol PM 0157<\/td>\n<td nowrap=\"nowrap\"><span style=\"color: #003366;\"><a style=\"color: #003366;\" href=\"http:\/\/www.pm.pb.gov.br\/arquivos\/portarias\/PORTARIA-N-GCG-0094-2009-CG.pdf\"><strong>Portaria n\u00b0 0094 \/ 2009 GCG<\/strong><\/a><\/span><\/td>\n<td style=\"text-align: justify;\">Delega compet\u00eancias ao Subcomandante Geral da PMPB para autoriza\u00e7\u00e3o de acesso ao INFOSEG<\/td>\n<\/tr>\n<tr>\n<td>15\/09\/2009<\/td>\n<td nowrap=\"nowrap\">Bol PM 0157<\/td>\n<td nowrap=\"nowrap\"><span style=\"color: #003366;\"><a style=\"color: #003366;\" href=\"http:\/\/www.pm.pb.gov.br\/arquivos\/portarias\/PORTARIA-N-GCG-0093-2009-CG.pdf\"><strong>Portaria n\u00b0 0093 \/ 2009 GCG<\/strong><\/a><\/span><\/td>\n<td style=\"text-align: justify;\">Altera a portaria n\u00b0 0042 \/ 2009<\/td>\n<\/tr>\n<tr>\n<td>16\/06\/2009<\/td>\n<td nowrap=\"nowrap\">Bol PM 0106<\/td>\n<td nowrap=\"nowrap\"><span style=\"color: #003366;\"><a style=\"color: #003366;\" href=\"http:\/\/www.pm.pb.gov.br\/arquivos\/portarias\/PORTARIA-n-GCG-0076-2009-CG.pdf\"><strong>Portaria n\u00b0 0076 \/ 2009 GCG<\/strong><\/a><\/span><\/td>\n<td style=\"text-align: justify;\">Define o estabelecimento de padr\u00f5es de T.I. para a PMPB<\/td>\n<\/tr>\n<tr>\n<td>06\/04\/2009<\/td>\n<td nowrap=\"nowrap\">Bol PM 0062<\/td>\n<td nowrap=\"nowrap\"><span style=\"color: #003366;\"><a style=\"color: #003366;\" href=\"http:\/\/www.pm.pb.gov.br\/arquivos\/portarias\/PORTARIA-N-GCG-0042-2009-CG.pdf\"><strong>Portaria n\u00b0 0042 \/ 2009 GCG<\/strong><\/a><\/span><\/td>\n<td style=\"text-align: justify;\">Designa as unidades de gest\u00e3o do INFOSEG<\/td>\n<\/tr>\n<\/thead>\n<\/table>\n","protected":false},"excerpt":{"rendered":"<p>Documento PORTARIA N\u00ba XXX &#8211; MODELO DE DIRETRIZ DE COMANDO PMPB (doc &#8211; 1,91 MB) PORTARIA N\u00ba XXX &#8211; MODELO<\/p>\n","protected":false},"author":1,"featured_media":0,"parent":336,"menu_order":0,"comment_status":"closed","ping_status":"closed","template":"","meta":{"_exactmetrics_skip_tracking":false,"_exactmetrics_sitenote_active":false,"_exactmetrics_sitenote_note":"","_exactmetrics_sitenote_category":0,"footnotes":""},"yoast_head":"<!-- This site is optimized with the Yoast SEO plugin v22.0 - https:\/\/yoast.com\/wordpress\/plugins\/seo\/ -->\n<title>Atos Normativos - Pol\u00edcia Militar da Para\u00edba<\/title>\n<meta name=\"robots\" content=\"index, follow, max-snippet:-1, max-image-preview:large, max-video-preview:-1\" \/>\n<link rel=\"canonical\" href=\"https:\/\/www.pm.pb.gov.br\/portal\/informacoes\/atos-normativos\/\" \/>\n<meta property=\"og:locale\" content=\"pt_BR\" \/>\n<meta property=\"og:type\" content=\"article\" \/>\n<meta property=\"og:title\" content=\"Atos Normativos - Pol\u00edcia Militar da Para\u00edba\" \/>\n<meta property=\"og:description\" content=\"Documento PORTARIA N\u00ba XXX &#8211; MODELO DE DIRETRIZ DE COMANDO PMPB (doc &#8211; 1,91 MB) PORTARIA N\u00ba XXX &#8211; MODELO\" \/>\n<meta property=\"og:url\" content=\"https:\/\/www.pm.pb.gov.br\/portal\/informacoes\/atos-normativos\/\" \/>\n<meta property=\"og:site_name\" content=\"Pol\u00edcia Militar da Para\u00edba\" \/>\n<meta property=\"article:modified_time\" content=\"2017-09-22T14:33:01+00:00\" \/>\n<meta property=\"og:image\" content=\"https:\/\/www.pm.pb.gov.br\/portal\/wp-content\/uploads\/2016\/04\/foto_brasao-1.jpg\" \/>\n\t<meta property=\"og:image:width\" content=\"620\" \/>\n\t<meta property=\"og:image:height\" content=\"411\" \/>\n\t<meta property=\"og:image:type\" content=\"image\/jpeg\" \/>\n<meta name=\"twitter:card\" content=\"summary_large_image\" \/>\n<meta name=\"twitter:label1\" content=\"Est. tempo de leitura\" \/>\n\t<meta name=\"twitter:data1\" content=\"2 minutos\" \/>\n<script type=\"application\/ld+json\" class=\"yoast-schema-graph\">{\"@context\":\"https:\/\/schema.org\",\"@graph\":[{\"@type\":\"WebPage\",\"@id\":\"https:\/\/www.pm.pb.gov.br\/portal\/informacoes\/atos-normativos\/\",\"url\":\"https:\/\/www.pm.pb.gov.br\/portal\/informacoes\/atos-normativos\/\",\"name\":\"Atos Normativos - Pol\u00edcia Militar da Para\u00edba\",\"isPartOf\":{\"@id\":\"https:\/\/www.pm.pb.gov.br\/portal\/#website\"},\"datePublished\":\"2016-10-17T15:43:24+00:00\",\"dateModified\":\"2017-09-22T14:33:01+00:00\",\"breadcrumb\":{\"@id\":\"https:\/\/www.pm.pb.gov.br\/portal\/informacoes\/atos-normativos\/#breadcrumb\"},\"inLanguage\":\"pt-BR\",\"potentialAction\":[{\"@type\":\"ReadAction\",\"target\":[\"https:\/\/www.pm.pb.gov.br\/portal\/informacoes\/atos-normativos\/\"]}]},{\"@type\":\"BreadcrumbList\",\"@id\":\"https:\/\/www.pm.pb.gov.br\/portal\/informacoes\/atos-normativos\/#breadcrumb\",\"itemListElement\":[{\"@type\":\"ListItem\",\"position\":1,\"name\":\"In\u00edcio\",\"item\":\"https:\/\/www.pm.pb.gov.br\/portal\/\"},{\"@type\":\"ListItem\",\"position\":2,\"name\":\"Informa\u00e7\u00f5es\",\"item\":\"https:\/\/www.pm.pb.gov.br\/portal\/informacoes\/\"},{\"@type\":\"ListItem\",\"position\":3,\"name\":\"Atos Normativos\"}]},{\"@type\":\"WebSite\",\"@id\":\"https:\/\/www.pm.pb.gov.br\/portal\/#website\",\"url\":\"https:\/\/www.pm.pb.gov.br\/portal\/\",\"name\":\"Pol\u00edcia Militar da Para\u00edba\",\"description\":\"\",\"publisher\":{\"@id\":\"https:\/\/www.pm.pb.gov.br\/portal\/#organization\"},\"potentialAction\":[{\"@type\":\"SearchAction\",\"target\":{\"@type\":\"EntryPoint\",\"urlTemplate\":\"https:\/\/www.pm.pb.gov.br\/portal\/?s={search_term_string}\"},\"query-input\":\"required name=search_term_string\"}],\"inLanguage\":\"pt-BR\"},{\"@type\":\"Organization\",\"@id\":\"https:\/\/www.pm.pb.gov.br\/portal\/#organization\",\"name\":\"Pol\u00edcia Militar da Para\u00edba\",\"url\":\"https:\/\/www.pm.pb.gov.br\/portal\/\",\"logo\":{\"@type\":\"ImageObject\",\"inLanguage\":\"pt-BR\",\"@id\":\"https:\/\/www.pm.pb.gov.br\/portal\/#\/schema\/logo\/image\/\",\"url\":\"https:\/\/www.pm.pb.gov.br\/portal\/wp-content\/uploads\/2025\/03\/cropped-logo-site-mag2-1.png\",\"contentUrl\":\"https:\/\/www.pm.pb.gov.br\/portal\/wp-content\/uploads\/2025\/03\/cropped-logo-site-mag2-1.png\",\"width\":320,\"height\":90,\"caption\":\"Pol\u00edcia Militar da Para\u00edba\"},\"image\":{\"@id\":\"https:\/\/www.pm.pb.gov.br\/portal\/#\/schema\/logo\/image\/\"}}]}<\/script>\n<!-- \/ Yoast SEO plugin. -->","yoast_head_json":{"title":"Atos Normativos - Pol\u00edcia Militar da Para\u00edba","robots":{"index":"index","follow":"follow","max-snippet":"max-snippet:-1","max-image-preview":"max-image-preview:large","max-video-preview":"max-video-preview:-1"},"canonical":"https:\/\/www.pm.pb.gov.br\/portal\/informacoes\/atos-normativos\/","og_locale":"pt_BR","og_type":"article","og_title":"Atos Normativos - Pol\u00edcia Militar da Para\u00edba","og_description":"Documento PORTARIA N\u00ba XXX &#8211; MODELO DE DIRETRIZ DE COMANDO PMPB (doc &#8211; 1,91 MB) PORTARIA N\u00ba XXX &#8211; MODELO","og_url":"https:\/\/www.pm.pb.gov.br\/portal\/informacoes\/atos-normativos\/","og_site_name":"Pol\u00edcia Militar da Para\u00edba","article_modified_time":"2017-09-22T14:33:01+00:00","og_image":[{"width":620,"height":411,"url":"https:\/\/www.pm.pb.gov.br\/portal\/wp-content\/uploads\/2016\/04\/foto_brasao-1.jpg","type":"image\/jpeg"}],"twitter_card":"summary_large_image","twitter_misc":{"Est. tempo de leitura":"2 minutos"},"schema":{"@context":"https:\/\/schema.org","@graph":[{"@type":"WebPage","@id":"https:\/\/www.pm.pb.gov.br\/portal\/informacoes\/atos-normativos\/","url":"https:\/\/www.pm.pb.gov.br\/portal\/informacoes\/atos-normativos\/","name":"Atos Normativos - Pol\u00edcia Militar da Para\u00edba","isPartOf":{"@id":"https:\/\/www.pm.pb.gov.br\/portal\/#website"},"datePublished":"2016-10-17T15:43:24+00:00","dateModified":"2017-09-22T14:33:01+00:00","breadcrumb":{"@id":"https:\/\/www.pm.pb.gov.br\/portal\/informacoes\/atos-normativos\/#breadcrumb"},"inLanguage":"pt-BR","potentialAction":[{"@type":"ReadAction","target":["https:\/\/www.pm.pb.gov.br\/portal\/informacoes\/atos-normativos\/"]}]},{"@type":"BreadcrumbList","@id":"https:\/\/www.pm.pb.gov.br\/portal\/informacoes\/atos-normativos\/#breadcrumb","itemListElement":[{"@type":"ListItem","position":1,"name":"In\u00edcio","item":"https:\/\/www.pm.pb.gov.br\/portal\/"},{"@type":"ListItem","position":2,"name":"Informa\u00e7\u00f5es","item":"https:\/\/www.pm.pb.gov.br\/portal\/informacoes\/"},{"@type":"ListItem","position":3,"name":"Atos Normativos"}]},{"@type":"WebSite","@id":"https:\/\/www.pm.pb.gov.br\/portal\/#website","url":"https:\/\/www.pm.pb.gov.br\/portal\/","name":"Pol\u00edcia Militar da Para\u00edba","description":"","publisher":{"@id":"https:\/\/www.pm.pb.gov.br\/portal\/#organization"},"potentialAction":[{"@type":"SearchAction","target":{"@type":"EntryPoint","urlTemplate":"https:\/\/www.pm.pb.gov.br\/portal\/?s={search_term_string}"},"query-input":"required name=search_term_string"}],"inLanguage":"pt-BR"},{"@type":"Organization","@id":"https:\/\/www.pm.pb.gov.br\/portal\/#organization","name":"Pol\u00edcia Militar da Para\u00edba","url":"https:\/\/www.pm.pb.gov.br\/portal\/","logo":{"@type":"ImageObject","inLanguage":"pt-BR","@id":"https:\/\/www.pm.pb.gov.br\/portal\/#\/schema\/logo\/image\/","url":"https:\/\/www.pm.pb.gov.br\/portal\/wp-content\/uploads\/2025\/03\/cropped-logo-site-mag2-1.png","contentUrl":"https:\/\/www.pm.pb.gov.br\/portal\/wp-content\/uploads\/2025\/03\/cropped-logo-site-mag2-1.png","width":320,"height":90,"caption":"Pol\u00edcia Militar da Para\u00edba"},"image":{"@id":"https:\/\/www.pm.pb.gov.br\/portal\/#\/schema\/logo\/image\/"}}]}},"_links":{"self":[{"href":"https:\/\/www.pm.pb.gov.br\/portal\/wp-json\/wp\/v2\/pages\/275"}],"collection":[{"href":"https:\/\/www.pm.pb.gov.br\/portal\/wp-json\/wp\/v2\/pages"}],"about":[{"href":"https:\/\/www.pm.pb.gov.br\/portal\/wp-json\/wp\/v2\/types\/page"}],"author":[{"embeddable":true,"href":"https:\/\/www.pm.pb.gov.br\/portal\/wp-json\/wp\/v2\/users\/1"}],"replies":[{"embeddable":true,"href":"https:\/\/www.pm.pb.gov.br\/portal\/wp-json\/wp\/v2\/comments?post=275"}],"version-history":[{"count":8,"href":"https:\/\/www.pm.pb.gov.br\/portal\/wp-json\/wp\/v2\/pages\/275\/revisions"}],"predecessor-version":[{"id":897146,"href":"https:\/\/www.pm.pb.gov.br\/portal\/wp-json\/wp\/v2\/pages\/275\/revisions\/897146"}],"up":[{"embeddable":true,"href":"https:\/\/www.pm.pb.gov.br\/portal\/wp-json\/wp\/v2\/pages\/336"}],"wp:attachment":[{"href":"https:\/\/www.pm.pb.gov.br\/portal\/wp-json\/wp\/v2\/media?parent=275"}],"curies":[{"name":"wp","href":"https:\/\/api.w.org\/{rel}","templated":true}]}}